{"id":1445,"date":"2022-01-19T10:45:50","date_gmt":"2022-01-19T09:45:50","guid":{"rendered":"https:\/\/gengob.org\/?page_id=1445"},"modified":"2022-02-05T11:31:08","modified_gmt":"2022-02-05T10:31:08","slug":"noticies","status":"publish","type":"page","link":"https:\/\/gengob.org\/es\/noticies\/","title":{"rendered":"Noticias"},"content":{"rendered":"<section class=\"wp-block-uagb-section uagb-section__wrap uagb-section__background-image uagb-block-2d4f211a hero\"><div class=\"uagb-section__overlay\"><\/div><div class=\"uagb-section__inner-wrap\">\n<div class=\"wp-block-group hero__cta is-layout-flow\"><div class=\"wp-block-group__inner-container\"><style>.wp-block-kadence-advancedheading.kt-adv-heading_a56648-06, .wp-block-kadence-advancedheading.kt-adv-heading_a56648-06[data-kb-block=\"kb-adv-heading_a56648-06\"]{font-style:normal;}.wp-block-kadence-advancedheading.kt-adv-heading_a56648-06 mark, .wp-block-kadence-advancedheading.kt-adv-heading_a56648-06[data-kb-block=\"kb-adv-heading_a56648-06\"] mark{font-style:normal;color:#f76a0c;padding-top:0px;padding-right:0px;padding-bottom:0px;padding-left:0px;}@media all and (max-width: 1024px){.wp-block-kadence-advancedheading.kt-adv-heading_a56648-06, .wp-block-kadence-advancedheading.kt-adv-heading_a56648-06[data-kb-block=\"kb-adv-heading_a56648-06\"]{font-size:3.8rem;}}@media all and (max-width: 767px){.wp-block-kadence-advancedheading.kt-adv-heading_a56648-06, .wp-block-kadence-advancedheading.kt-adv-heading_a56648-06[data-kb-block=\"kb-adv-heading_a56648-06\"]{font-size:2.5rem;}}<\/style>\n<h1 class=\"kt-adv-heading_a56648-06 hero__title wp-block-kadence-advancedheading has-theme-palette-2-color has-text-color\" data-kb-block=\"kb-adv-heading_a56648-06\"><mark class=\"kt-highlight\"><mark><mark>Noticias<\/mark><\/mark><\/mark><\/h1>\n<\/div><\/div>\n\n\n\n<p class=\"hero__img--author has-theme-palette-9-color has-text-color\"><span>@mari\u00e0 mar\u00ed<\/span><\/p>\n<\/div><\/section>\n\n\n<style>#kt-layout-id_1487c5-19 > .kt-row-column-wrap{align-content:start;}:where(#kt-layout-id_1487c5-19 > .kt-row-column-wrap) > .wp-block-kadence-column{justify-content:start;}#kt-layout-id_1487c5-19 > .kt-row-column-wrap{column-gap:var(--global-kb-gap-md, 2rem);row-gap:var(--global-kb-gap-md, 2rem);max-width:1200px;margin-left:auto;margin-right:auto;padding-top:25px;padding-bottom:25px;padding-top:7.5rem;padding-bottom:7.5rem;padding-left:2rem;padding-right:2rem;grid-template-columns:minmax(0, 1fr);}#kt-layout-id_1487c5-19 > .kt-row-layout-overlay{opacity:0.30;}@media all and (max-width: 1024px){#kt-layout-id_1487c5-19 > .kt-row-column-wrap{grid-template-columns:minmax(0, 1fr);}}@media all and (max-width: 767px){#kt-layout-id_1487c5-19 > .kt-row-column-wrap{grid-template-columns:minmax(0, 1fr);}}<\/style>\n<section class=\"wp-block-kadence-rowlayout alignnone comunicats-archive\"><div id=\"kt-layout-id_1487c5-19\" class=\"kt-row-layout-inner kt-layout-id_1487c5-19\"><div class=\"kt-row-column-wrap kt-has-1-columns kt-gutter-default kt-v-gutter-default kt-row-valign-top kt-row-layout-equal kt-tab-layout-inherit kt-m-colapse-left-to-right kt-mobile-layout-row\"><style>.kadence-column_a43893-fa > .kt-inside-inner-col{border-top-width:0px;border-right-width:0px;border-bottom-width:0px;border-left-width:0px;}.kadence-column_a43893-fa > .kt-inside-inner-col,.kadence-column_a43893-fa > .kt-inside-inner-col:before{border-top-left-radius:0px;border-top-right-radius:0px;border-bottom-right-radius:0px;border-bottom-left-radius:0px;}.kadence-column_a43893-fa > .kt-inside-inner-col:before{opacity:0.3;}.kadence-column_a43893-fa{position:relative;}<\/style>\n<div class=\"wp-block-kadence-column inner-column-1 kadence-column_a43893-fa\"><div class=\"kt-inside-inner-col\">\n\t\t\t<div class=\"wp-block-uagb-post-masonry uagb-post-grid news-loop uagb-post__image-position-top uagb-post__image-enabled uagb-block-7c597470     uagb-post__items uagb-post__columns-2 is-masonry uagb-post__columns-tablet-2 uagb-post__columns-mobile-1\" data-total=\"6\" style=\"\">\n\n\t\t\t\t\t\t\t\t\t\t\t\t<article class=\"uagb-post__inner-wrap\">\t\t\t\t\t\t\t\t<div class='uagb-post__text uagb-post-grid-byline'>\n\t\t\t\t\t\t\t\t<div class=\"uagb-post__text\">\n\t\t\t\t\t<span class='uagb-post__taxonomy'>\n\t\t\t\t\t\t<span class=\"dashicons-tag dashicons\"><\/span>\t\t\t\t\t\t<a href=\"https:\/\/gengob.org\/es\/category\/can-casals\/\">can Casals<\/a>\t\t\t\t\t<\/span>\n\t\t\t\t<\/div>\n\t\t\t\t\t\t\t<\/div>\n\t\t\t\t\t\t<div class='uagb-post__image'>\n\t\t\t\t\t\t\t\t\t<a href=\"https:\/\/gengob.org\/es\/noticies\/hem-de-marxar\/\" target=\"_self\" rel=\"bookmark noopener noreferrer\"><img width=\"590\" height=\"480\" src=\"https:\/\/gengob.org\/wp-content\/uploads\/2025\/11\/grups.jpg\" class=\"attachment-large size-large\" alt=\"\" decoding=\"async\" loading=\"lazy\" srcset=\"https:\/\/gengob.org\/wp-content\/uploads\/2025\/11\/grups.jpg 590w, https:\/\/gengob.org\/wp-content\/uploads\/2025\/11\/grups-300x244.jpg 300w, https:\/\/gengob.org\/wp-content\/uploads\/2025\/11\/grups-15x12.jpg 15w\" sizes=\"(max-width: 590px) 100vw, 590px\" \/>\t\t\t\t\t<\/a>\n\t\t\t\t\t\t\t\t\t<\/div>\n\t\t\t\t\t\t<h2 class=\"uagb-post__title uagb-post__text\">\n\t\t\t\t<a href=\"https:\/\/gengob.org\/es\/noticies\/hem-de-marxar\/\" target=\"_self\" rel=\"bookmark noopener noreferrer\">Hem de marxar.<\/a>\n\t\t\t<\/h2>\n\t\t\t\t\t\t\t<div class='uagb-post__text uagb-post__excerpt'>\n\t\t\t\t\t<p>Despr\u00e9s de quatre anys compartint can Casals amb estudiants, entitats, ve\u00efns i p\u00fablic en general,&#8230;\t\t\t\t<\/div>\n\t\t\t\t\t\t<div class=\"uagb-post__text uagb-post__cta wp-block-button\">\n\t\t\t\t<a class=\"wp-block-button__link uagb-text-link\" href=\"https:\/\/gengob.org\/es\/noticies\/hem-de-marxar\/\" target=\"_self\" rel=\"bookmark noopener noreferrer\">M\u00e1s<\/a>\n\t\t\t<\/div>\n\t\t\t\t\t\t\t\t\t\t\t\t<\/article>\n\t\t\t\t\t\t\t\t\t\t\t\t\t\t\t\t<article class=\"uagb-post__inner-wrap\">\t\t\t\t\t\t\t\t<div class='uagb-post__text uagb-post-grid-byline'>\n\t\t\t\t\t\t\t\t<div class=\"uagb-post__text\">\n\t\t\t\t\t<span class='uagb-post__taxonomy'>\n\t\t\t\t\t\t<span class=\"dashicons-tag dashicons\"><\/span>\t\t\t\t\t\t<a href=\"https:\/\/gengob.org\/es\/category\/savina-i-formigo\/\">Savina i Formig\u00f3<\/a>\t\t\t\t\t<\/span>\n\t\t\t\t<\/div>\n\t\t\t\t\t\t\t<\/div>\n\t\t\t\t\t\t<div class='uagb-post__image'>\n\t\t\t\t\t\t\t\t\t<a href=\"https:\/\/gengob.org\/es\/noticies\/savina-i-formigo-2025\/\" target=\"_self\" rel=\"bookmark noopener noreferrer\"><img width=\"819\" height=\"1024\" src=\"https:\/\/gengob.org\/wp-content\/uploads\/2025\/11\/28-de-novembre-819x1024.jpg\" class=\"attachment-large size-large\" alt=\"\" decoding=\"async\" loading=\"lazy\" srcset=\"https:\/\/gengob.org\/wp-content\/uploads\/2025\/11\/28-de-novembre-819x1024.jpg 819w, https:\/\/gengob.org\/wp-content\/uploads\/2025\/11\/28-de-novembre-240x300.jpg 240w, https:\/\/gengob.org\/wp-content\/uploads\/2025\/11\/28-de-novembre-768x960.jpg 768w, https:\/\/gengob.org\/wp-content\/uploads\/2025\/11\/28-de-novembre-10x12.jpg 10w, https:\/\/gengob.org\/wp-content\/uploads\/2025\/11\/28-de-novembre.jpg 1080w\" sizes=\"(max-width: 819px) 100vw, 819px\" \/>\t\t\t\t\t<\/a>\n\t\t\t\t\t\t\t\t\t<\/div>\n\t\t\t\t\t\t<h2 class=\"uagb-post__title uagb-post__text\">\n\t\t\t\t<a href=\"https:\/\/gengob.org\/es\/noticies\/savina-i-formigo-2025\/\" target=\"_self\" rel=\"bookmark noopener noreferrer\">Tornen els premis savina i Formig\u00f3<\/a>\n\t\t\t<\/h2>\n\t\t\t\t\t\t\t<div class='uagb-post__text uagb-post__excerpt'>\n\t\t\t\t\t<p>Reprenem els&nbsp;Premis Savina i Formig\u00f3&nbsp;que atorgam anualment des del GEN-GOB a aquelles persones o col\u00b7lectius&#8230;\t\t\t\t<\/div>\n\t\t\t\t\t\t<div class=\"uagb-post__text uagb-post__cta wp-block-button\">\n\t\t\t\t<a class=\"wp-block-button__link uagb-text-link\" href=\"https:\/\/gengob.org\/es\/noticies\/savina-i-formigo-2025\/\" target=\"_self\" rel=\"bookmark noopener noreferrer\">M\u00e1s<\/a>\n\t\t\t<\/div>\n\t\t\t\t\t\t\t\t\t\t\t\t<\/article>\n\t\t\t\t\t\t\t\t\t\t\t\t\t\t\t\t<article class=\"uagb-post__inner-wrap\">\t\t\t\t\t\t\t\t<div class='uagb-post__text uagb-post-grid-byline'>\n\t\t\t\t\t\t\t<\/div>\n\t\t\t\t\t\t<div class='uagb-post__image'>\n\t\t\t\t\t\t\t\t\t<a href=\"https:\/\/gengob.org\/es\/noticies\/reunio-intergob-a-eivissa\/\" target=\"_self\" rel=\"bookmark noopener noreferrer\"><img width=\"1024\" height=\"768\" src=\"https:\/\/gengob.org\/wp-content\/uploads\/2025\/06\/IMG_9028-1024x768.jpg\" class=\"attachment-large size-large\" alt=\"\" decoding=\"async\" loading=\"lazy\" srcset=\"https:\/\/gengob.org\/wp-content\/uploads\/2025\/06\/IMG_9028-1024x768.jpg 1024w, https:\/\/gengob.org\/wp-content\/uploads\/2025\/06\/IMG_9028-300x225.jpg 300w, https:\/\/gengob.org\/wp-content\/uploads\/2025\/06\/IMG_9028-768x576.jpg 768w, https:\/\/gengob.org\/wp-content\/uploads\/2025\/06\/IMG_9028-1536x1152.jpg 1536w, https:\/\/gengob.org\/wp-content\/uploads\/2025\/06\/IMG_9028-16x12.jpg 16w, https:\/\/gengob.org\/wp-content\/uploads\/2025\/06\/IMG_9028.jpg 2016w\" sizes=\"(max-width: 1024px) 100vw, 1024px\" \/>\t\t\t\t\t<\/a>\n\t\t\t\t\t\t\t\t\t<\/div>\n\t\t\t\t\t\t<h2 class=\"uagb-post__title uagb-post__text\">\n\t\t\t\t<a href=\"https:\/\/gengob.org\/es\/noticies\/reunio-intergob-a-eivissa\/\" target=\"_self\" rel=\"bookmark noopener noreferrer\">Celebrem l&#8217;InterGOB a can Casals<\/a>\n\t\t\t<\/h2>\n\t\t\t\t\t\t\t<div class='uagb-post__text uagb-post__excerpt'>\n\t\t\t\t\t<p>Aquest cap de setmana hem celebrat la reuni\u00f3 anual de les seccions del GOB. Aquesta&#8230;\t\t\t\t<\/div>\n\t\t\t\t\t\t<div class=\"uagb-post__text uagb-post__cta wp-block-button\">\n\t\t\t\t<a class=\"wp-block-button__link uagb-text-link\" href=\"https:\/\/gengob.org\/es\/noticies\/reunio-intergob-a-eivissa\/\" target=\"_self\" rel=\"bookmark noopener noreferrer\">M\u00e1s<\/a>\n\t\t\t<\/div>\n\t\t\t\t\t\t\t\t\t\t\t\t<\/article>\n\t\t\t\t\t\t\t\t\t\t\t\t\t\t\t\t<article class=\"uagb-post__inner-wrap\">\t\t\t\t\t\t\t\t<div class='uagb-post__text uagb-post-grid-byline'>\n\t\t\t\t\t\t\t<\/div>\n\t\t\t\t\t\t<div class='uagb-post__image'>\n\t\t\t\t\t\t\t\t\t<a href=\"https:\/\/gengob.org\/es\/noticies\/snorkel-amb-consciencia\/\" target=\"_self\" rel=\"bookmark noopener noreferrer\"><img width=\"819\" height=\"1024\" src=\"https:\/\/gengob.org\/wp-content\/uploads\/2025\/06\/SNORKEL-819x1024.jpg\" class=\"attachment-large size-large\" alt=\"\" decoding=\"async\" loading=\"lazy\" srcset=\"https:\/\/gengob.org\/wp-content\/uploads\/2025\/06\/SNORKEL-819x1024.jpg 819w, https:\/\/gengob.org\/wp-content\/uploads\/2025\/06\/SNORKEL-240x300.jpg 240w, https:\/\/gengob.org\/wp-content\/uploads\/2025\/06\/SNORKEL-768x960.jpg 768w, https:\/\/gengob.org\/wp-content\/uploads\/2025\/06\/SNORKEL-10x12.jpg 10w, https:\/\/gengob.org\/wp-content\/uploads\/2025\/06\/SNORKEL.jpg 1080w\" sizes=\"(max-width: 819px) 100vw, 819px\" \/>\t\t\t\t\t<\/a>\n\t\t\t\t\t\t\t\t\t<\/div>\n\t\t\t\t\t\t<h2 class=\"uagb-post__title uagb-post__text\">\n\t\t\t\t<a href=\"https:\/\/gengob.org\/es\/noticies\/snorkel-amb-consciencia\/\" target=\"_self\" rel=\"bookmark noopener noreferrer\">Gaudeix de la mar amb consci\u00e8ncia<\/a>\n\t\t\t<\/h2>\n\t\t\t\t\t\t\t<div class='uagb-post__text uagb-post__excerpt'>\n\t\t\t\t\t<p>El GEN-GOB posa en marxa aquest estiu l\u2019activitat gratu\u00efta \u201cSnorkel amb consci\u00e8ncia: explorant la mar&#8230;\t\t\t\t<\/div>\n\t\t\t\t\t\t<div class=\"uagb-post__text uagb-post__cta wp-block-button\">\n\t\t\t\t<a class=\"wp-block-button__link uagb-text-link\" href=\"https:\/\/gengob.org\/es\/noticies\/snorkel-amb-consciencia\/\" target=\"_self\" rel=\"bookmark noopener noreferrer\">M\u00e1s<\/a>\n\t\t\t<\/div>\n\t\t\t\t\t\t\t\t\t\t\t\t<\/article>\n\t\t\t\t\t\t\t\t\t\t\t\t\t\t\t\t<article class=\"uagb-post__inner-wrap\">\t\t\t\t\t\t\t\t<div class='uagb-post__text uagb-post-grid-byline'>\n\t\t\t\t\t\t\t\t<div class=\"uagb-post__text\">\n\t\t\t\t\t<span class='uagb-post__taxonomy'>\n\t\t\t\t\t\t<span class=\"dashicons-tag dashicons\"><\/span>\t\t\t\t\t\t<a href=\"https:\/\/gengob.org\/es\/category\/activisme\/\">Activisme<\/a>\t\t\t\t\t<\/span>\n\t\t\t\t<\/div>\n\t\t\t\t\t\t\t<\/div>\n\t\t\t\t\t\t<div class='uagb-post__image'>\n\t\t\t\t\t\t\t\t\t<a href=\"https:\/\/gengob.org\/es\/noticies\/manifestacio-canviem-el-rumb\/\" target=\"_self\" rel=\"bookmark noopener noreferrer\"><img width=\"819\" height=\"1024\" src=\"https:\/\/gengob.org\/wp-content\/uploads\/2025\/06\/mani-819x1024.jpeg\" class=\"attachment-large size-large\" alt=\"\" decoding=\"async\" loading=\"lazy\" srcset=\"https:\/\/gengob.org\/wp-content\/uploads\/2025\/06\/mani-819x1024.jpeg 819w, https:\/\/gengob.org\/wp-content\/uploads\/2025\/06\/mani-240x300.jpeg 240w, https:\/\/gengob.org\/wp-content\/uploads\/2025\/06\/mani-768x960.jpeg 768w, https:\/\/gengob.org\/wp-content\/uploads\/2025\/06\/mani-10x12.jpeg 10w, https:\/\/gengob.org\/wp-content\/uploads\/2025\/06\/mani.jpeg 1024w\" sizes=\"(max-width: 819px) 100vw, 819px\" \/>\t\t\t\t\t<\/a>\n\t\t\t\t\t\t\t\t\t<\/div>\n\t\t\t\t\t\t<h2 class=\"uagb-post__title uagb-post__text\">\n\t\t\t\t<a href=\"https:\/\/gengob.org\/es\/noticies\/manifestacio-canviem-el-rumb\/\" target=\"_self\" rel=\"bookmark noopener noreferrer\">Canviem el Rumb!<\/a>\n\t\t\t<\/h2>\n\t\t\t\t\t\t\t<div class='uagb-post__text uagb-post__excerpt'>\n\t\t\t\t\t<p>Com segurament sabr\u00e0s, el proper diumenge 15 de juny, la plataforma Canviem el Rumb (&#8230;\t\t\t\t<\/div>\n\t\t\t\t\t\t<div class=\"uagb-post__text uagb-post__cta wp-block-button\">\n\t\t\t\t<a class=\"wp-block-button__link uagb-text-link\" href=\"https:\/\/gengob.org\/es\/noticies\/manifestacio-canviem-el-rumb\/\" target=\"_self\" rel=\"bookmark noopener noreferrer\">M\u00e1s<\/a>\n\t\t\t<\/div>\n\t\t\t\t\t\t\t\t\t\t\t\t<\/article>\n\t\t\t\t\t\t\t\t\t\t\t\t\t\t\t\t<article class=\"uagb-post__inner-wrap\">\t\t\t\t\t\t\t\t<div class='uagb-post__text uagb-post-grid-byline'>\n\t\t\t\t\t\t\t<\/div>\n\t\t\t\t\t\t<h2 class=\"uagb-post__title uagb-post__text\">\n\t\t\t\t<a href=\"https:\/\/gengob.org\/es\/noticies\/convocatoria-dassemblea-de-socis-i-socies\/\" target=\"_self\" rel=\"bookmark noopener noreferrer\">Convocat\u00f2ria d&#8217;assemblea de socis i socies<\/a>\n\t\t\t<\/h2>\n\t\t\t\t\t\t\t<div class='uagb-post__text uagb-post__excerpt'>\n\t\t\t\t\t<p>L\u2019Assemblea General Ordin\u00e0ria de s\u00f2cies i socis del GEN-GOB, que se celebrar\u00e0 el proper dilluns&#8230;\t\t\t\t<\/div>\n\t\t\t\t\t\t<div class=\"uagb-post__text uagb-post__cta wp-block-button\">\n\t\t\t\t<a class=\"wp-block-button__link uagb-text-link\" href=\"https:\/\/gengob.org\/es\/noticies\/convocatoria-dassemblea-de-socis-i-socies\/\" target=\"_self\" rel=\"bookmark noopener noreferrer\">M\u00e1s<\/a>\n\t\t\t<\/div>\n\t\t\t\t\t\t\t\t\t\t\t\t<\/article>\n\t\t\t\t\t\t\t\t\t\t\t\t\t\t\t<div class=\"uagb-post-inf-loader\" style=\"display: none;\">\n\t\t\t\t\t\t\t\t<div class=\"uagb-post-loader-1\"><\/div>\n\t\t\t\t\t\t\t\t<div class=\"uagb-post-loader-2\"><\/div>\n\t\t\t\t\t\t\t\t<div class=\"uagb-post-loader-3\"><\/div>\n\t\t\t\t\t\t\t<\/div>\n\t\t\t\t\t\t\t\t\t\t<\/div>\n\t\t\t<\/div><\/div>\n<\/div><\/div><\/section>","protected":false},"excerpt":{"rendered":"","protected":false},"author":1,"featured_media":0,"parent":0,"menu_order":0,"comment_status":"closed","ping_status":"closed","template":"","meta":{"_uag_custom_page_level_css":"","_kad_post_transparent":"enable","_kad_post_title":"hide","_kad_post_layout":"fullwidth","_kad_post_sidebar_id":"","_kad_post_content_style":"unboxed","_kad_post_vertical_padding":"","_kad_post_feature":"","_kad_post_feature_position":"","_kad_post_header":false,"_kad_post_footer":false},"uagb_featured_image_src":{"full":false,"thumbnail":false,"medium":false,"medium_large":false,"large":false,"1536x1536":false,"2048x2048":false,"trp-custom-language-flag":false},"uagb_author_info":{"display_name":"GGA","author_link":"https:\/\/gengob.org\/es\/author\/admin\/"},"uagb_comment_info":0,"uagb_excerpt":null,"_links":{"self":[{"href":"https:\/\/gengob.org\/es\/wp-json\/wp\/v2\/pages\/1445"}],"collection":[{"href":"https:\/\/gengob.org\/es\/wp-json\/wp\/v2\/pages"}],"about":[{"href":"https:\/\/gengob.org\/es\/wp-json\/wp\/v2\/types\/page"}],"author":[{"embeddable":true,"href":"https:\/\/gengob.org\/es\/wp-json\/wp\/v2\/users\/1"}],"replies":[{"embeddable":true,"href":"https:\/\/gengob.org\/es\/wp-json\/wp\/v2\/comments?post=1445"}],"version-history":[{"count":0,"href":"https:\/\/gengob.org\/es\/wp-json\/wp\/v2\/pages\/1445\/revisions"}],"wp:attachment":[{"href":"https:\/\/gengob.org\/es\/wp-json\/wp\/v2\/media?parent=1445"}],"curies":[{"name":"wp","href":"https:\/\/api.w.org\/{rel}","templated":true}]}}