{"id":3,"date":"2021-04-22T17:26:50","date_gmt":"2021-04-22T17:26:50","guid":{"rendered":"https:\/\/gengob.org\/\/?page_id=3"},"modified":"2021-05-05T16:09:18","modified_gmt":"2021-05-05T14:09:18","slug":"politica-privadesa","status":"publish","type":"page","link":"https:\/\/gengob.org\/es\/politica-privadesa\/","title":{"rendered":"Pol\u00edtica de privadesa"},"content":{"rendered":"<p>El GEN-GOB Eivissa nom\u00e9s recull la informaci\u00f3 personal necess\u00e0ria per als serveis que presta, la sol\u00b7licita de forma espec\u00edfica i amb el consentiment informat i expl\u00edcit per part de la persona usu\u00e0ria de forma volunt\u00e0ria i est\u00e0 comprom\u00e8s amb el compliment de la normativa sobre privadesa i la seguretat de les dades personals.<\/p>\n\n\n\n<h2 class=\"wp-block-heading\">Incorporaci\u00f3 de dades personals<\/h2>\n\n\n\n<p>De conformitat amb el <a href=\"https:\/\/ec.europa.eu\/commission\/priorities\/justice-and-fundamental-rights\/data-protection\/2018-reform-eu-data-protection-rules_es\">Reglament General de Protecci\u00f3 de Dades de la Uni\u00f3 Europea<\/a>, us informam que les dades que ens subministreu seran incorporades i tractades als fitxers de titularitat del Grup d&#8217;Estudis de sa Naturalesa (GEN) que forma part del Grup Balear d&#8217;Ornitologia. CIF: G07089600.\u00a0 Adre\u00e7a: C\/ M\u00fasic Ferm\u00ed Mar\u00ed, 34 \u2013 Cas Serres \u2013 07800 Eivissa.\u00a0 Correu electr\u00f2nic: gen@gengob.org<\/p>\n\n\n\n<h2 class=\"wp-block-heading\">Dades recollides i finalitat<\/h2>\n\n\n\n<p>Les dades personals recollides es corresponen amb la finalitat amb qu\u00e8 ens les heu proporcionat i nom\u00e9s es fan servir per a aquesta gesti\u00f3:<\/p>\n\n\n\n<ul><li>Fer-se soci\/a: processar l\u2019alta, gestionar la quota, enviar comunicats nom\u00e9s relacionats amb la condici\u00f3 de soci\/a, com ara certificats de donacions en cas d\u2019haver-ho sol\u00b7liciat.<\/li><li>Fer una donaci\u00f3: registre comptable, gesti\u00f3 de la desgravaci\u00f3 fiscal en cas de sol\u00b7licitar-la.<\/li><li>Campanyes de recollida de signatures: gesti\u00f3 de la campanya, control estad\u00edstic. En algunes campanyes les dades seran enviades a l\u2019entitat a la qual est\u00e0 dirigida la petici\u00f3. En tot cas, sempre quedar\u00e0 explicitat i us demanarem la vostra conformitat.<\/li><li>Llistes de correu: enviar-vos comunicats per correu electr\u00f2nic de manera peri\u00f2dica si us hi heu subscrit. En qualsevol moment podeu donar-vos de baixa de les llistes.<\/li><\/ul>\n\n\n\n<p>L\u2019aportaci\u00f3 de les dades ser\u00e0 sempre basada en el vostre consentiment voluntari, espec\u00edfic, inequ\u00edvoc i informat.<\/p>\n\n\n\n<p>Les dades de qu\u00e8 actualment disposa el GEN-GOB Eivissa s\u00f3n les que heu donat de manera volunt\u00e0ria a trav\u00e9s dels formularis que heu emplenat.<\/p>\n\n\n\n<h2 class=\"wp-block-heading\">Duraci\u00f3<\/h2>\n\n\n\n<p>Les dades es mantindran mentre duri la vostra relaci\u00f3 amb el GEN-GOB Eivissa, excepte en el cas que hi hagi una obligaci\u00f3 legal de mantenir-les durant un cert temps posterior.<\/p>\n\n\n\n<h2 class=\"wp-block-heading\">Comunicaci\u00f3 a tercers<\/h2>\n\n\n\n<p>Les dades recollides pel GEN-GOB Eivissa no seran cedides a terceres empreses o entitats.<\/p>\n\n\n\n<p>No obstant, en el cas especial de recollida de signatures, pot ser que siguin enviades a les entitats a les quals estigui dirigida la petici\u00f3. En aquest cas, us n\u2019informarem abans de demanar-vos l\u2019autoritzaci\u00f3.<\/p>\n\n\n\n<h2 class=\"wp-block-heading\">Drets de la persona en mat\u00e8ria de protecci\u00f3 de dades<\/h2>\n\n\n\n<ul><li>Dret d\u2019acc\u00e9s: podeu confirmar si el GEN-GOB Eivissa tracta les vostres dades personals i en cas afirmatiu podeu accedir a aquestes dades.<\/li><li>Dret de rectificaci\u00f3: podeu sol\u00b7licitar una rectificaci\u00f3 de les dades si s\u00f3n inexactes o incompletes.<\/li><li>Dret de supressi\u00f3: podeu sol\u00b7licitar que les vostres dades siguin esborrades, sempre que no hi hagi una obligaci\u00f3 legal que ho impedeixi.<\/li><li>Dret a\u00a0 la portabilitat de les dades: podeu sol\u00b7licitar que les vostres dades siguin trameses a una altra entitat responsable del tractament de dades, si \u00e9s t\u00e8cnicament possible.<\/li><\/ul>\n\n\n\n<p>Per a exercir aquests drets podeu dirigir-vos al GEN-GOB Eivissa per carta a\u00a0 C\/ M\u00fasic Ferm\u00ed Mar\u00ed, 34 \u2013 Cas Serres \u2013 07800 Eivissa o b\u00e9 per email a gen@gengob.org, adjuntant una c\u00f2pia del DNI o passaport.<\/p>\n\n\n\n<p>En cas que no estigueu satisfet amb la gesti\u00f3 de l\u2019exercici dels vostres drets us podeu dirigir a l\u2019Agencia Espa\u00f1ola de Protecci\u00f3n de Datos.<\/p>\n\n\n\n<h2 class=\"wp-block-heading\">Mesures de seguretat<\/h2>\n\n\n\n<p>El GEN-GOB Eivissa tracta totes les dades personals amb estricta confidencialitat i aplica totes les mesures t\u00e8cniques i organitzatives de seguretat necess\u00e0ries per complir amb la llei.<\/p>\n\n\n\n<h2 class=\"wp-block-heading\">Automatismes i definici\u00f3 de perfils<\/h2>\n\n\n\n<p>El GEN-GOB Eivissa no fa servir decisions automatitzades ni elabora perfils de cap tipus.<\/p>\n\n\n\n<h2 class=\"wp-block-heading\">Contacto<\/h2>\n\n\n\n<p>Per qualsevol q\u00fcesti\u00f3 sobre aquest tema podeu posar-vos en contacte amb el GEN-GOB Eivissa.<\/p>","protected":false},"excerpt":{"rendered":"<p>El GEN-GOB Eivissa nom\u00e9s recull la informaci\u00f3 personal necess\u00e0ria per als serveis que presta, la sol\u00b7licita de forma espec\u00edfica i amb el consentiment informat i expl\u00edcit per part de la persona usu\u00e0ria de forma volunt\u00e0ria i est\u00e0 comprom\u00e8s amb el compliment de la normativa sobre privadesa i la seguretat de les dades personals. Incorporaci\u00f3 de&#8230;<\/p>","protected":false},"author":1,"featured_media":0,"parent":0,"menu_order":0,"comment_status":"closed","ping_status":"open","template":"","meta":{"_uag_custom_page_level_css":"","_kad_post_transparent":"disable","_kad_post_title":"show","_kad_post_layout":"narrow","_kad_post_sidebar_id":"","_kad_post_content_style":"unboxed","_kad_post_vertical_padding":"","_kad_post_feature":"","_kad_post_feature_position":"","_kad_post_header":false,"_kad_post_footer":false},"uagb_featured_image_src":{"full":false,"thumbnail":false,"medium":false,"medium_large":false,"large":false,"1536x1536":false,"2048x2048":false,"trp-custom-language-flag":false},"uagb_author_info":{"display_name":"GGA","author_link":"https:\/\/gengob.org\/es\/author\/admin\/"},"uagb_comment_info":0,"uagb_excerpt":"El GEN-GOB Eivissa nom\u00e9s recull la informaci\u00f3 personal necess\u00e0ria per als serveis que presta, la sol\u00b7licita de forma espec\u00edfica i amb el consentiment informat i expl\u00edcit per part de la persona usu\u00e0ria de forma volunt\u00e0ria i est\u00e0 comprom\u00e8s amb el compliment de la normativa sobre privadesa i la seguretat de les dades personals. Incorporaci\u00f3 de...","_links":{"self":[{"href":"https:\/\/gengob.org\/es\/wp-json\/wp\/v2\/pages\/3"}],"collection":[{"href":"https:\/\/gengob.org\/es\/wp-json\/wp\/v2\/pages"}],"about":[{"href":"https:\/\/gengob.org\/es\/wp-json\/wp\/v2\/types\/page"}],"author":[{"embeddable":true,"href":"https:\/\/gengob.org\/es\/wp-json\/wp\/v2\/users\/1"}],"replies":[{"embeddable":true,"href":"https:\/\/gengob.org\/es\/wp-json\/wp\/v2\/comments?post=3"}],"version-history":[{"count":0,"href":"https:\/\/gengob.org\/es\/wp-json\/wp\/v2\/pages\/3\/revisions"}],"wp:attachment":[{"href":"https:\/\/gengob.org\/es\/wp-json\/wp\/v2\/media?parent=3"}],"curies":[{"name":"wp","href":"https:\/\/api.w.org\/{rel}","templated":true}]}}