{"id":306,"date":"2021-04-26T16:17:22","date_gmt":"2021-04-26T16:17:22","guid":{"rendered":"https:\/\/gengob.org\/\/que-defensam-copy\/"},"modified":"2022-02-03T17:41:42","modified_gmt":"2022-02-03T16:41:42","slug":"estructura-i-funcionament","status":"publish","type":"page","link":"https:\/\/gengob.org\/es\/estructura-i-funcionament\/","title":{"rendered":"Estructura i funcionament"},"content":{"rendered":"<section class=\"wp-block-uagb-section uagb-section__wrap uagb-section__background-image uagb-block-eaa011b4 hero\"><div class=\"uagb-section__overlay\"><\/div><div class=\"uagb-section__inner-wrap\">\n<div class=\"wp-block-group hero__cta is-layout-flow\"><div class=\"wp-block-group__inner-container\"><style>.wp-block-kadence-advancedheading.kt-adv-heading_c9d82f-8f, .wp-block-kadence-advancedheading.kt-adv-heading_c9d82f-8f[data-kb-block=\"kb-adv-heading_c9d82f-8f\"]{font-style:normal;}.wp-block-kadence-advancedheading.kt-adv-heading_c9d82f-8f mark, .wp-block-kadence-advancedheading.kt-adv-heading_c9d82f-8f[data-kb-block=\"kb-adv-heading_c9d82f-8f\"] mark{font-style:normal;color:#f76a0c;padding-top:0px;padding-right:0px;padding-bottom:0px;padding-left:0px;}@media all and (max-width: 1024px){.wp-block-kadence-advancedheading.kt-adv-heading_c9d82f-8f, .wp-block-kadence-advancedheading.kt-adv-heading_c9d82f-8f[data-kb-block=\"kb-adv-heading_c9d82f-8f\"]{font-size:3.8rem;}}@media all and (max-width: 767px){.wp-block-kadence-advancedheading.kt-adv-heading_c9d82f-8f, .wp-block-kadence-advancedheading.kt-adv-heading_c9d82f-8f[data-kb-block=\"kb-adv-heading_c9d82f-8f\"]{font-size:2.5rem;}}<\/style>\n<h1 class=\"kt-adv-heading_c9d82f-8f hero__title arriba--140 wp-block-kadence-advancedheading has-theme-palette-2-color has-text-color\" data-kb-block=\"kb-adv-heading_c9d82f-8f\"><mark class=\"kt-highlight\"><mark><mark>Estructura y funcionamiento<\/mark><\/mark><\/mark><\/h1>\n<\/div><\/div>\n\n\n\n<p class=\"hero__img--author has-theme-palette-9-color has-text-color\"><span>@gen-gob<\/span><\/p>\n<\/div><\/section>\n\n\n<style>#kt-layout-id_b4b56f-60 > .kt-row-column-wrap{align-content:start;}:where(#kt-layout-id_b4b56f-60 > .kt-row-column-wrap) > .wp-block-kadence-column{justify-content:start;}#kt-layout-id_b4b56f-60 > .kt-row-column-wrap{column-gap:var(--global-kb-gap-md, 2rem);row-gap:var(--global-kb-gap-md, 2rem);max-width:740px;margin-left:auto;margin-right:auto;padding-top:25px;padding-bottom:25px;padding-top:7.5rem;padding-bottom:4.5rem;padding-left:2rem;padding-right:2rem;grid-template-columns:minmax(0, 1fr);}#kt-layout-id_b4b56f-60 > .kt-row-layout-overlay{opacity:0.30;}@media all and (max-width: 1024px){#kt-layout-id_b4b56f-60 > .kt-row-column-wrap{grid-template-columns:minmax(0, 1fr);}}@media all and (max-width: 767px){#kt-layout-id_b4b56f-60 > .kt-row-column-wrap{grid-template-columns:minmax(0, 1fr);}}<\/style>\n<div class=\"wp-block-kadence-rowlayout alignnone\"><div id=\"kt-layout-id_b4b56f-60\" class=\"kt-row-layout-inner kt-layout-id_b4b56f-60\"><div class=\"kt-row-column-wrap kt-has-1-columns kt-gutter-default kt-v-gutter-default kt-row-valign-top kt-row-layout-equal kt-tab-layout-inherit kt-m-colapse-left-to-right kt-mobile-layout-row\"><style>.kadence-column_d6b993-83 > .kt-inside-inner-col{border-top-width:0px;border-right-width:0px;border-bottom-width:0px;border-left-width:0px;}.kadence-column_d6b993-83 > .kt-inside-inner-col,.kadence-column_d6b993-83 > .kt-inside-inner-col:before{border-top-left-radius:0px;border-top-right-radius:0px;border-bottom-right-radius:0px;border-bottom-left-radius:0px;}.kadence-column_d6b993-83 > .kt-inside-inner-col:before{opacity:0.3;}.kadence-column_d6b993-83{position:relative;}<\/style>\n<div class=\"wp-block-kadence-column inner-column-1 kadence-column_d6b993-83\"><div class=\"kt-inside-inner-col\">\n<h2 class=\"wp-block-heading\" id=\"assemblea-de-socis\"><strong>Asamblea de socios<\/strong><\/h2>\n\n\n\n<p>La Asamblea de socios es el \u00f3rgano supremo de la asociaci\u00f3n. En ella est\u00e1n convocados a participar todas las socias y socios de la entidad. La Asamblea se re\u00fane, normalmente, dos veces al a\u00f1o. Entre las atribuciones de la Asamblea se encuentran: la aprobaci\u00f3n de la programaci\u00f3n y el presupuesto de la entidad, la aprobaci\u00f3n de los balances econ\u00f3micos y la elecci\u00f3n de los componentes de la Junta Directiva.<\/p>\n\n\n\n<h2 class=\"wp-block-heading\" id=\"junta-directiva\"><strong>Junta directiva<\/strong><\/h2>\n\n\n\n<p>La Junta Directiva es el \u00f3rgano ejecutivo de la entidad y tiene las atribuciones generales de administraci\u00f3n, gesti\u00f3n y direcci\u00f3n de la asociaci\u00f3n. Sus cargos son voluntarios y no est\u00e1n remunerados.<\/p>\n\n\n\n<p>La Junta Directiva tiene la facultad y la obligaci\u00f3n de vigilar el cumplimiento de los acuerdos tomados por la Asamblea. Son algunas funciones de la Junta Directiva: la participaci\u00f3n activa en la definici\u00f3n de las pol\u00edticas y estrategias de la entidad, la representaci\u00f3n de la asociaci\u00f3n en colaboraci\u00f3n con los coordinadores y responsables de las \u00e1reas de trabajo, el seguimiento y la promoci\u00f3n de la viabilidad econ\u00f3mica de la asociaci\u00f3n, la participaci\u00f3n en la mejora de la organizaci\u00f3n interna y la validaci\u00f3n conjunta de los resultados anuales.<\/p>\n\n\n\n<h2 class=\"wp-block-heading\" id=\"coordinacio-general\"><strong>Coordinaci\u00f3n general<\/strong><\/h2>\n\n\n\n<p>El Coordinador general vela y trabaja para la buena gesti\u00f3n del conjunto de trabajadores y asiste a las reuniones de la Junta Directiva, a la que informa de la situaci\u00f3n de las diferentes \u00e1reas de trabajo (Territorio y Recursos, \u00c1rea Marina, Servicio de Educaci\u00f3n Ambiental, Equipo de Naturaleza y Custodia del Territorio). Cada una de estas \u00e1reas tiene un responsable o coordinador.<\/p>\n\n\n\n<h3 class=\"wp-block-heading\" id=\"organigrama\">Organigrama<\/h3>\n<\/div><\/div>\n<\/div><\/div><\/div>\n\n\n\n<section class=\"wp-block-uagb-section uagb-section__wrap uagb-section__background-undefined uagb-block-ff467d78 organigrama\"><div class=\"uagb-section__overlay\"><\/div><div class=\"uagb-section__inner-wrap\">\n<div class=\"wp-block-group organigrama__head is-layout-flow\"><div class=\"wp-block-group__inner-container\">\n<h2 class=\"has-text-align-center organigrama__item organigrama__h2 hardShadow has-background wp-block-heading\" id=\"assemblea-de-socis\" style=\"background-color:#bbf9db\">Asamblea de socios<\/h2>\n\n\n\n<h3 class=\"has-text-align-center organigrama__item organigrama__h3 hardShadow has-background wp-block-heading\" id=\"junta-directiva\" style=\"background-color:#bbf9db\">Junta directiva<\/h3>\n\n\n\n<h3 class=\"has-text-align-center organigrama__item organigrama__h3 hardShadow has-background wp-block-heading\" id=\"coordinacio-general\" style=\"background-color:#bbf9db\">Coordinaci\u00f3n general<\/h3>\n<\/div><\/div>\n\n\n<style>#kt-layout-id_90fc8d-29 > .kt-row-column-wrap{align-content:start;}:where(#kt-layout-id_90fc8d-29 > .kt-row-column-wrap) > .wp-block-kadence-column{justify-content:start;}#kt-layout-id_90fc8d-29 > .kt-row-column-wrap{column-gap:20px;row-gap:var(--global-kb-gap-md, 2rem);max-width:1200px;margin-left:auto;margin-right:auto;padding-top:25px;padding-bottom:25px;padding-top:1.5rem;padding-bottom:2.5rem;grid-template-columns:minmax(0, 2fr) minmax(0, 1fr);}#kt-layout-id_90fc8d-29 > .kt-row-layout-overlay{opacity:0.30;}@media all and (max-width: 1024px){#kt-layout-id_90fc8d-29 > .kt-row-column-wrap{grid-template-columns:repeat(2, minmax(0, 1fr));}}@media all and (max-width: 767px){#kt-layout-id_90fc8d-29 > .kt-row-column-wrap{grid-template-columns:minmax(0, 1fr);}}<\/style>\n<section class=\"wp-block-kadence-rowlayout alignnone organigrama__2cols\"><div id=\"kt-layout-id_90fc8d-29\" class=\"kt-row-layout-inner kt-layout-id_90fc8d-29\"><div class=\"kt-row-column-wrap kt-has-2-columns kt-gutter-narrow kt-v-gutter-default kt-row-valign-top kt-row-layout-left-golden kt-tab-layout-inherit kt-m-colapse-left-to-right kt-mobile-layout-row\"><style>.kadence-column_193d6d-86 > .kt-inside-inner-col{border-top-width:0px;border-right-width:0px;border-bottom-width:0px;border-left-width:0px;}.kadence-column_193d6d-86 > .kt-inside-inner-col,.kadence-column_193d6d-86 > .kt-inside-inner-col:before{border-top-left-radius:0px;border-top-right-radius:0px;border-bottom-right-radius:0px;border-bottom-left-radius:0px;}.kadence-column_193d6d-86 > .kt-inside-inner-col:before{opacity:0.3;}.kadence-column_193d6d-86{position:relative;}<\/style>\n<div class=\"wp-block-kadence-column inner-column-1 kadence-column_193d6d-86\"><div class=\"kt-inside-inner-col\">\n<h3 class=\"has-text-align-center organigrama__item organigrama__h3 hardShadow has-background wp-block-heading\" id=\"personal-assalariat-ivoluntariat-de-suport\" style=\"background-color:#f9e0bb\">Personal asalariado y<br>voluntariado de apoyo<\/h3>\n<\/div><\/div>\n\n\n<style>.kadence-column_a6efe1-81 > .kt-inside-inner-col{border-top-width:0px;border-right-width:0px;border-bottom-width:0px;border-left-width:0px;}.kadence-column_a6efe1-81 > .kt-inside-inner-col,.kadence-column_a6efe1-81 > .kt-inside-inner-col:before{border-top-left-radius:0px;border-top-right-radius:0px;border-bottom-right-radius:0px;border-bottom-left-radius:0px;}.kadence-column_a6efe1-81 > .kt-inside-inner-col:before{opacity:0.3;}.kadence-column_a6efe1-81{position:relative;}<\/style>\n<div class=\"wp-block-kadence-column inner-column-2 kadence-column_a6efe1-81\"><div class=\"kt-inside-inner-col\">\n<h3 class=\"has-text-align-center organigrama__item organigrama__h3 hardShadow has-background wp-block-heading\" id=\"arees-de-treball\" style=\"background-color:#f9e0bb\">\u00c1reas de <br>trabajo<\/h3>\n<\/div><\/div>\n<\/div><\/div><\/section>\n\n\n<style>#kt-layout-id_aab3b2-94 > .kt-row-column-wrap{align-content:start;}:where(#kt-layout-id_aab3b2-94 > .kt-row-column-wrap) > .wp-block-kadence-column{justify-content:start;}#kt-layout-id_aab3b2-94 > .kt-row-column-wrap{column-gap:var(--global-kb-gap-sm, 1rem);row-gap:var(--global-kb-gap-md, 2rem);max-width:1200px;margin-left:auto;margin-right:auto;padding-top:25px;padding-bottom:25px;padding-top:2.5rem;padding-bottom:2.5rem;padding-left:2rem;padding-right:2rem;grid-template-columns:repeat(3, minmax(0, 1fr));}#kt-layout-id_aab3b2-94{background-color:#bbf0f9;}#kt-layout-id_aab3b2-94 > .kt-row-layout-overlay{opacity:0.30;}@media all and (max-width: 1024px){#kt-layout-id_aab3b2-94 > .kt-row-column-wrap{grid-template-columns:repeat(3, minmax(0, 1fr));}}@media all and (max-width: 767px){#kt-layout-id_aab3b2-94 > .kt-row-column-wrap{grid-template-columns:minmax(0, 1fr);}}<\/style>\n<section class=\"wp-block-kadence-rowlayout alignnone organigrama__3cols hardShadow\"><div id=\"kt-layout-id_aab3b2-94\" class=\"kt-row-layout-inner kt-row-has-bg kt-layout-id_aab3b2-94\"><div class=\"kt-row-column-wrap kt-has-3-columns kt-gutter-skinny kt-v-gutter-default kt-row-valign-top kt-row-layout-equal kt-tab-layout-inherit kt-m-colapse-left-to-right kt-mobile-layout-row\"><style>.kadence-column_aca3a6-5b > .kt-inside-inner-col{border-top-width:0px;border-right-width:0px;border-bottom-width:0px;border-left-width:0px;}.kadence-column_aca3a6-5b > .kt-inside-inner-col,.kadence-column_aca3a6-5b > .kt-inside-inner-col:before{border-top-left-radius:0px;border-top-right-radius:0px;border-bottom-right-radius:0px;border-bottom-left-radius:0px;}.kadence-column_aca3a6-5b > .kt-inside-inner-col:before{opacity:0.3;}.kadence-column_aca3a6-5b{position:relative;}<\/style>\n<div class=\"wp-block-kadence-column inner-column-1 kadence-column_aca3a6-5b organigrama__3cols--1\"><div class=\"kt-inside-inner-col\">\n<h4 class=\"wp-block-heading\" id=\"campanyes-i-comunicacio\"><strong>Campa\u00f1as y comunicaci\u00f3n<\/strong><\/h4>\n\n\n\n<h5 class=\"wp-block-heading\" id=\"territorirecursosbiodiversitat\">Territorio<br>Recursos<br>Biodiversidad<\/h5>\n<\/div><\/div>\n\n\n<style>.kadence-column_73e726-c9 > .kt-inside-inner-col{border-top-width:0px;border-right-width:0px;border-bottom-width:0px;border-left-width:0px;}.kadence-column_73e726-c9 > .kt-inside-inner-col,.kadence-column_73e726-c9 > .kt-inside-inner-col:before{border-top-left-radius:0px;border-top-right-radius:0px;border-bottom-right-radius:0px;border-bottom-left-radius:0px;}.kadence-column_73e726-c9 > .kt-inside-inner-col:before{opacity:0.3;}.kadence-column_73e726-c9{position:relative;}<\/style>\n<div class=\"wp-block-kadence-column inner-column-2 kadence-column_73e726-c9 organigrama__3cols--2\"><div class=\"kt-inside-inner-col\">\n<h4 class=\"wp-block-heading\" id=\"linies-operatives\"><strong>L\u00edneas operativas<\/strong><\/h4>\n\n\n\n<h5 class=\"wp-block-heading\" id=\"territori-i-recursoseducacio-ambientalarea-marinaequip-de-naturacustodia-del-territori\">Territorio y recursos<br>Educaci\u00f3n ambiental<br>\u00c1rea marina<br>Equipo de naturaleza<br>Custodia del territorio<\/h5>\n<\/div><\/div>\n\n\n<style>.kadence-column_d0c0fa-ac > .kt-inside-inner-col{border-top-width:0px;border-right-width:0px;border-bottom-width:0px;border-left-width:0px;}.kadence-column_d0c0fa-ac > .kt-inside-inner-col,.kadence-column_d0c0fa-ac > .kt-inside-inner-col:before{border-top-left-radius:0px;border-top-right-radius:0px;border-bottom-right-radius:0px;border-bottom-left-radius:0px;}.kadence-column_d0c0fa-ac > .kt-inside-inner-col:before{opacity:0.3;}.kadence-column_d0c0fa-ac{position:relative;}<\/style>\n<div class=\"wp-block-kadence-column inner-column-3 kadence-column_d0c0fa-ac organigrama__3cols--3\"><div class=\"kt-inside-inner-col\">\n<h4 class=\"wp-block-heading\" id=\"gestio\"><strong>Gesti\u00f3n<\/strong><\/h4>\n\n\n\n<h5 class=\"wp-block-heading\" id=\"administraciocaptacio-de-fonsatencio-al-public\">Administraci\u00f3n<br>Captaci\u00f3n de fondos<br>Atenci\u00f3n al p\u00fablico<\/h5>\n<\/div><\/div>\n<\/div><\/div><\/section>\n<\/div><\/section>\n\n\n\n<p><\/p>","protected":false},"excerpt":{"rendered":"<p>Assemblea de socis L\u2019Assemblea de socis \u00e9s l\u2019\u00f2rgan suprem de l\u2019associaci\u00f3. En ella estan convocats a participar tots els socis i s\u00f2cies de l\u2019entitat. L\u2019Assemblea es reuneix, normalment, dues vegades a l\u2019any. Entre les atribucions de l\u2019Assemblea es troben: l\u2019aprovaci\u00f3 de la programaci\u00f3 i el pressupost de l\u2019entitat, l\u2019aprovaci\u00f3 dels balan\u00e7os econ\u00f2mics i l\u2019elecci\u00f3 dels&#8230;<\/p>","protected":false},"author":1,"featured_media":0,"parent":0,"menu_order":0,"comment_status":"closed","ping_status":"closed","template":"","meta":{"_uag_custom_page_level_css":"","_kad_post_transparent":"enable","_kad_post_title":"hide","_kad_post_layout":"fullwidth","_kad_post_sidebar_id":"","_kad_post_content_style":"unboxed","_kad_post_vertical_padding":"","_kad_post_feature":"","_kad_post_feature_position":"","_kad_post_header":false,"_kad_post_footer":false},"uagb_featured_image_src":{"full":false,"thumbnail":false,"medium":false,"medium_large":false,"large":false,"1536x1536":false,"2048x2048":false,"trp-custom-language-flag":false},"uagb_author_info":{"display_name":"GGA","author_link":"https:\/\/gengob.org\/es\/author\/admin\/"},"uagb_comment_info":0,"uagb_excerpt":"Assemblea de socis L\u2019Assemblea de socis \u00e9s l\u2019\u00f2rgan suprem de l\u2019associaci\u00f3. En ella estan convocats a participar tots els socis i s\u00f2cies de l\u2019entitat. L\u2019Assemblea es reuneix, normalment, dues vegades a l\u2019any. Entre les atribucions de l\u2019Assemblea es troben: l\u2019aprovaci\u00f3 de la programaci\u00f3 i el pressupost de l\u2019entitat, l\u2019aprovaci\u00f3 dels balan\u00e7os econ\u00f2mics i l\u2019elecci\u00f3 dels...","_links":{"self":[{"href":"https:\/\/gengob.org\/es\/wp-json\/wp\/v2\/pages\/306"}],"collection":[{"href":"https:\/\/gengob.org\/es\/wp-json\/wp\/v2\/pages"}],"about":[{"href":"https:\/\/gengob.org\/es\/wp-json\/wp\/v2\/types\/page"}],"author":[{"embeddable":true,"href":"https:\/\/gengob.org\/es\/wp-json\/wp\/v2\/users\/1"}],"replies":[{"embeddable":true,"href":"https:\/\/gengob.org\/es\/wp-json\/wp\/v2\/comments?post=306"}],"version-history":[{"count":0,"href":"https:\/\/gengob.org\/es\/wp-json\/wp\/v2\/pages\/306\/revisions"}],"wp:attachment":[{"href":"https:\/\/gengob.org\/es\/wp-json\/wp\/v2\/media?parent=306"}],"curies":[{"name":"wp","href":"https:\/\/api.w.org\/{rel}","templated":true}]}}