{"id":358,"date":"2021-04-27T11:17:27","date_gmt":"2021-04-27T11:17:27","guid":{"rendered":"https:\/\/gengob.org\/\/?page_id=358"},"modified":"2022-02-16T15:46:26","modified_gmt":"2022-02-16T14:46:26","slug":"comunicats","status":"publish","type":"page","link":"https:\/\/gengob.org\/es\/comunicats\/","title":{"rendered":"Comunicados"},"content":{"rendered":"<section class=\"wp-block-uagb-section uagb-section__wrap uagb-section__background-image uagb-block-159f2d40 hero\"><div class=\"uagb-section__overlay\"><\/div><div class=\"uagb-section__inner-wrap\">\n<div class=\"wp-block-group hero__cta is-layout-flow\"><div class=\"wp-block-group__inner-container\"><style>.wp-block-kadence-advancedheading.kt-adv-heading_a56648-06, .wp-block-kadence-advancedheading.kt-adv-heading_a56648-06[data-kb-block=\"kb-adv-heading_a56648-06\"]{font-style:normal;}.wp-block-kadence-advancedheading.kt-adv-heading_a56648-06 mark, .wp-block-kadence-advancedheading.kt-adv-heading_a56648-06[data-kb-block=\"kb-adv-heading_a56648-06\"] mark{font-style:normal;color:#f76a0c;padding-top:0px;padding-right:0px;padding-bottom:0px;padding-left:0px;}@media all and (max-width: 1024px){.wp-block-kadence-advancedheading.kt-adv-heading_a56648-06, .wp-block-kadence-advancedheading.kt-adv-heading_a56648-06[data-kb-block=\"kb-adv-heading_a56648-06\"]{font-size:3.8rem;}}@media all and (max-width: 767px){.wp-block-kadence-advancedheading.kt-adv-heading_a56648-06, .wp-block-kadence-advancedheading.kt-adv-heading_a56648-06[data-kb-block=\"kb-adv-heading_a56648-06\"]{font-size:2.5rem;}}<\/style>\n<h1 class=\"kt-adv-heading_a56648-06 hero__title wp-block-kadence-advancedheading has-theme-palette-2-color has-text-color\" data-kb-block=\"kb-adv-heading_a56648-06\"><mark class=\"kt-highlight\"><mark><mark>Comunicados<\/mark><\/mark><\/mark><\/h1>\n<\/div><\/div>\n\n\n\n<p class=\"hero__img--author has-theme-palette-9-color has-text-color\"><span>@mari\u00e0 mar\u00ed<\/span><\/p>\n<\/div><\/section>\n\n\n<style>#kt-layout-id_1487c5-19 > .kt-row-column-wrap{align-content:start;}:where(#kt-layout-id_1487c5-19 > .kt-row-column-wrap) > .wp-block-kadence-column{justify-content:start;}#kt-layout-id_1487c5-19 > .kt-row-column-wrap{column-gap:var(--global-kb-gap-md, 2rem);row-gap:var(--global-kb-gap-md, 2rem);max-width:740px;margin-left:auto;margin-right:auto;padding-top:25px;padding-bottom:25px;padding-top:7.5rem;padding-bottom:7.5rem;padding-left:2rem;padding-right:2rem;grid-template-columns:minmax(0, 1fr);}#kt-layout-id_1487c5-19 > .kt-row-layout-overlay{opacity:0.30;}@media all and (max-width: 1024px){#kt-layout-id_1487c5-19 > .kt-row-column-wrap{grid-template-columns:minmax(0, 1fr);}}@media all and (max-width: 767px){#kt-layout-id_1487c5-19 > .kt-row-column-wrap{grid-template-columns:minmax(0, 1fr);}}<\/style>\n<section class=\"wp-block-kadence-rowlayout alignnone comunicats-archive\"><div id=\"kt-layout-id_1487c5-19\" class=\"kt-row-layout-inner kt-layout-id_1487c5-19\"><div class=\"kt-row-column-wrap kt-has-1-columns kt-gutter-default kt-v-gutter-default kt-row-valign-top kt-row-layout-equal kt-tab-layout-inherit kt-m-colapse-left-to-right kt-mobile-layout-row\"><style>.kadence-column_a43893-fa > .kt-inside-inner-col{border-top-width:0px;border-right-width:0px;border-bottom-width:0px;border-left-width:0px;}.kadence-column_a43893-fa > .kt-inside-inner-col,.kadence-column_a43893-fa > .kt-inside-inner-col:before{border-top-left-radius:0px;border-top-right-radius:0px;border-bottom-right-radius:0px;border-bottom-left-radius:0px;}.kadence-column_a43893-fa > .kt-inside-inner-col:before{opacity:0.3;}.kadence-column_a43893-fa{position:relative;}<\/style>\n<div class=\"wp-block-kadence-column inner-column-1 kadence-column_a43893-fa\"><div class=\"kt-inside-inner-col\">\n\t\t\t<div class=\"wp-block-uagb-post-masonry uagb-post-grid  uagb-post__image-position-top uagb-post__image-enabled uagb-block-f419c465     uagb-post__items uagb-post__columns-1 is-masonry uagb-post__columns-tablet-2 uagb-post__columns-mobile-1\" data-total=\"7\" style=\"\">\n\n\t\t\t\t\t\t\t\t\t\t\t\t<article class=\"uagb-post__inner-wrap\">\t\t\t\t\t\t\t\t<div class='uagb-post__text uagb-post-grid-byline'>\n\t\t\t\t\t\t\t\t<div class=\"uagb-post__text\">\n\t\t\t\t\t<span class='uagb-post__taxonomy'>\n\t\t\t\t\t\t<span class=\"dashicons-tag dashicons\"><\/span>\t\t\t\t\t\t<a href=\"https:\/\/gengob.org\/es\/category\/premsa\/\">Premsa<\/a>\t\t\t\t\t<\/span>\n\t\t\t\t<\/div>\n\t\t\t\t\t\t\t<\/div>\n\t\t\t\t\t\t<h2 class=\"uagb-post__title uagb-post__text\">\n\t\t\t\t<a href=\"https:\/\/gengob.org\/es\/comunicats\/que-sera-de-can-casals\/\" target=\"_self\" rel=\"bookmark noopener noreferrer\">QUE SER\u00c0 DE CAN CASALS?<\/a>\n\t\t\t<\/h2>\n\t\t\t\t\t\t\t<div class='uagb-post__text uagb-post__excerpt'>\n\t\t\t\t\t<p>El GEN-GOB surt de l&#8217;espai que ha set la seva seu els darrers 4 anys. Hem de marxar.Despr\u00e9s de quatre anys compartint can Casals amb estudiants, entitats, ve\u00efns i p\u00fablic en general, l&#8217;Ajuntament d&#8217;Eivissa ens ha comunicat que, definitivament, no ens renova l&#8217;acord de cessi\u00f3 de l&#8217;espai.Gr\u00e0cies a totes les persones que ens heu visitat, per compartir experi\u00e8ncies i millorar el coneixement i l&#8217;estimaci\u00f3 envers el medi&#8230;\t\t\t\t<\/div>\n\t\t\t\t\t\t<div class=\"uagb-post__text uagb-post__cta wp-block-button\">\n\t\t\t\t<a class=\"wp-block-button__link uagb-text-link\" href=\"https:\/\/gengob.org\/es\/comunicats\/que-sera-de-can-casals\/\" target=\"_self\" rel=\"bookmark noopener noreferrer\">M\u00e1s<\/a>\n\t\t\t<\/div>\n\t\t\t\t\t\t\t\t\t\t\t\t<\/article>\n\t\t\t\t\t\t\t\t\t\t\t\t\t\t\t\t<article class=\"uagb-post__inner-wrap\">\t\t\t\t\t\t\t\t<div class='uagb-post__text uagb-post-grid-byline'>\n\t\t\t\t\t\t\t\t<div class=\"uagb-post__text\">\n\t\t\t\t\t<span class='uagb-post__taxonomy'>\n\t\t\t\t\t\t<span class=\"dashicons-tag dashicons\"><\/span>\t\t\t\t\t\t<a href=\"https:\/\/gengob.org\/es\/category\/premsa\/\">Premsa<\/a>\t\t\t\t\t<\/span>\n\t\t\t\t<\/div>\n\t\t\t\t\t\t\t<\/div>\n\t\t\t\t\t\t<h2 class=\"uagb-post__title uagb-post__text\">\n\t\t\t\t<a href=\"https:\/\/gengob.org\/es\/comunicats\/sortida-del-gen-gob-de-can-casals\/\" target=\"_self\" rel=\"bookmark noopener noreferrer\">Sortida del GEN-GOB de can Casals<\/a>\n\t\t\t<\/h2>\n\t\t\t\t\t\t\t<div class='uagb-post__text uagb-post__excerpt'>\n\t\t\t\t\t<p>En relaci\u00f3 a les informacions aparegudes en premsa&nbsp;i tractades ahir en el Ple municipal,&nbsp;us volem comunicar&nbsp;que, efectivament, a finals d&#8217;agost, l\u2019Ajuntament d\u2019Eivissa ens va&nbsp;notificar formalment&nbsp;la no renovaci\u00f3 del conveni de&nbsp;cessi\u00f3 d\u2019\u00fas de can Casals, espai que&nbsp;hem estat fent servir&nbsp;com a oficina del GEN-GOB des de 2021 i especialment com a espai on realitzar activitats de divulgaci\u00f3 dels valors naturals i culturals d\u2019Eivissa. Cal destacar que can Casals&#8230;\t\t\t\t<\/div>\n\t\t\t\t\t\t<div class=\"uagb-post__text uagb-post__cta wp-block-button\">\n\t\t\t\t<a class=\"wp-block-button__link uagb-text-link\" href=\"https:\/\/gengob.org\/es\/comunicats\/sortida-del-gen-gob-de-can-casals\/\" target=\"_self\" rel=\"bookmark noopener noreferrer\">M\u00e1s<\/a>\n\t\t\t<\/div>\n\t\t\t\t\t\t\t\t\t\t\t\t<\/article>\n\t\t\t\t\t\t\t\t\t\t\t\t\t\t\t\t<article class=\"uagb-post__inner-wrap\">\t\t\t\t\t\t\t\t<div class='uagb-post__text uagb-post-grid-byline'>\n\t\t\t\t\t\t\t\t<div class=\"uagb-post__text\">\n\t\t\t\t\t<span class='uagb-post__taxonomy'>\n\t\t\t\t\t\t<span class=\"dashicons-tag dashicons\"><\/span>\t\t\t\t\t\t<a href=\"https:\/\/gengob.org\/es\/category\/activisme\/\">Activisme<\/a>,&nbsp;<a href=\"https:\/\/gengob.org\/es\/category\/premsa\/\">Premsa<\/a>\t\t\t\t\t<\/span>\n\t\t\t\t<\/div>\n\t\t\t\t\t\t\t<\/div>\n\t\t\t\t\t\t<h2 class=\"uagb-post__title uagb-post__text\">\n\t\t\t\t<a href=\"https:\/\/gengob.org\/es\/comunicats\/reunio-a-eivissa-de-lintergob-2025\/\" target=\"_self\" rel=\"bookmark noopener noreferrer\">Reuni\u00f3 a Eivissa de les seccions insulars del GOB.<\/a>\n\t\t\t<\/h2>\n\t\t\t\t\t\t\t<div class='uagb-post__text uagb-post__excerpt'>\n\t\t\t\t\t<p>Formentera es reincorpora a l\u2019estructura del GOB de les Illes. La Junta Interinsular del GOB de les Illes Balears, integrada per representants del GOB Mallorca, del GOB Menorca, del GEN-GOB i del GOB Formentera s\u2019han reunit aquest dissabte 28 de juny de 2025 a Can Casals, (Eivissa) seu del GEN-GOB per a la seva coordinaci\u00f3 interinsular anual.La novetat m\u00e9s destacable d\u2019aquesta reuni\u00f3, que totes les seccions insulars&#8230;\t\t\t\t<\/div>\n\t\t\t\t\t\t<div class=\"uagb-post__text uagb-post__cta wp-block-button\">\n\t\t\t\t<a class=\"wp-block-button__link uagb-text-link\" href=\"https:\/\/gengob.org\/es\/comunicats\/reunio-a-eivissa-de-lintergob-2025\/\" target=\"_self\" rel=\"bookmark noopener noreferrer\">M\u00e1s<\/a>\n\t\t\t<\/div>\n\t\t\t\t\t\t\t\t\t\t\t\t<\/article>\n\t\t\t\t\t\t\t\t\t\t\t\t\t\t\t\t<article class=\"uagb-post__inner-wrap\">\t\t\t\t\t\t\t\t<div class='uagb-post__text uagb-post-grid-byline'>\n\t\t\t\t\t\t\t\t<div class=\"uagb-post__text\">\n\t\t\t\t\t<span class='uagb-post__taxonomy'>\n\t\t\t\t\t\t<span class=\"dashicons-tag dashicons\"><\/span>\t\t\t\t\t\t<a href=\"https:\/\/gengob.org\/es\/category\/area-marina\/\">\u00c1rea marina<\/a>\t\t\t\t\t<\/span>\n\t\t\t\t<\/div>\n\t\t\t\t\t\t\t<\/div>\n\t\t\t\t\t\t<h2 class=\"uagb-post__title uagb-post__text\">\n\t\t\t\t<a href=\"https:\/\/gengob.org\/es\/comunicats\/snorkel-amb-consciencia\/\" target=\"_self\" rel=\"bookmark noopener noreferrer\">El GEN-GOB organitza Smorkel amb consci\u00e8ncia: Descobreix la mar per estimar-la i protegir-la<\/a>\n\t\t\t<\/h2>\n\t\t\t\t\t\t\t<div class='uagb-post__text uagb-post__excerpt'>\n\t\t\t\t\t<p>El GEN-GOB posa en marxa aquest estiu l\u2019activitat gratu\u00efta \u201cSnorkel ambconsci\u00e8ncia: explorant la mar i protegint-la\u201d, una proposta d\u2019educaci\u00f3 ambientalmarina oberta a tota la ciutadania, a partir de 8 anys.Les activitats s\u00f3n totalment gratu\u00eftes i compten amb el suport dels concessionaris deplatges del municipi de Sant Josep de sa Talaia, que financien el projecte per tal defer-lo accessible a tothom. Es duran a terme a cala Bassa&#8230;\t\t\t\t<\/div>\n\t\t\t\t\t\t<div class=\"uagb-post__text uagb-post__cta wp-block-button\">\n\t\t\t\t<a class=\"wp-block-button__link uagb-text-link\" href=\"https:\/\/gengob.org\/es\/comunicats\/snorkel-amb-consciencia\/\" target=\"_self\" rel=\"bookmark noopener noreferrer\">M\u00e1s<\/a>\n\t\t\t<\/div>\n\t\t\t\t\t\t\t\t\t\t\t\t<\/article>\n\t\t\t\t\t\t\t\t\t\t\t\t\t\t\t<div class=\"uagb-post__load-more-wrap\">\n\t\t\t\t\t\t\t\t<span class=\"uagb-post-pagination-button\">\n\t\t\t\t\t\t\t\t\t<a class=\"uagb-post__load-more\" href=\"javascript:void(0);\">\n\t\t\t\t\t\t\t\t\tM\u00e9s comunicats\t\t\t\t\t\t\t\t\t<\/a>\n\t\t\t\t\t\t\t\t<\/span>\n\t\t\t\t\t\t\t<\/div>\n\t\t\t\t\t\t\t\t\t\t<\/div>\n\t\t\t<\/div><\/div>\n<\/div><\/div><\/section>","protected":false},"excerpt":{"rendered":"","protected":false},"author":1,"featured_media":0,"parent":0,"menu_order":0,"comment_status":"closed","ping_status":"closed","template":"","meta":{"_uag_custom_page_level_css":"","_kad_post_transparent":"enable","_kad_post_title":"hide","_kad_post_layout":"fullwidth","_kad_post_sidebar_id":"","_kad_post_content_style":"unboxed","_kad_post_vertical_padding":"","_kad_post_feature":"","_kad_post_feature_position":"","_kad_post_header":false,"_kad_post_footer":false},"uagb_featured_image_src":{"full":false,"thumbnail":false,"medium":false,"medium_large":false,"large":false,"1536x1536":false,"2048x2048":false,"trp-custom-language-flag":false},"uagb_author_info":{"display_name":"GGA","author_link":"https:\/\/gengob.org\/es\/author\/admin\/"},"uagb_comment_info":0,"uagb_excerpt":null,"_links":{"self":[{"href":"https:\/\/gengob.org\/es\/wp-json\/wp\/v2\/pages\/358"}],"collection":[{"href":"https:\/\/gengob.org\/es\/wp-json\/wp\/v2\/pages"}],"about":[{"href":"https:\/\/gengob.org\/es\/wp-json\/wp\/v2\/types\/page"}],"author":[{"embeddable":true,"href":"https:\/\/gengob.org\/es\/wp-json\/wp\/v2\/users\/1"}],"replies":[{"embeddable":true,"href":"https:\/\/gengob.org\/es\/wp-json\/wp\/v2\/comments?post=358"}],"version-history":[{"count":0,"href":"https:\/\/gengob.org\/es\/wp-json\/wp\/v2\/pages\/358\/revisions"}],"wp:attachment":[{"href":"https:\/\/gengob.org\/es\/wp-json\/wp\/v2\/media?parent=358"}],"curies":[{"name":"wp","href":"https:\/\/api.w.org\/{rel}","templated":true}]}}