{"id":486,"date":"2021-04-30T18:00:17","date_gmt":"2021-04-30T18:00:17","guid":{"rendered":"https:\/\/gengob.org\/\/financament-copy\/"},"modified":"2022-02-03T17:37:21","modified_gmt":"2022-02-03T16:37:21","slug":"transparencia","status":"publish","type":"page","link":"https:\/\/gengob.org\/es\/transparencia\/","title":{"rendered":"Transparencia"},"content":{"rendered":"<section class=\"wp-block-uagb-section uagb-section__wrap uagb-section__background-image uagb-block-b18d59fa hero\"><div class=\"uagb-section__overlay\"><\/div><div class=\"uagb-section__inner-wrap\">\n<div class=\"wp-block-group hero__cta is-layout-flow\"><div class=\"wp-block-group__inner-container\"><style>.wp-block-kadence-advancedheading.kt-adv-heading_4bc4c3-e5, .wp-block-kadence-advancedheading.kt-adv-heading_4bc4c3-e5[data-kb-block=\"kb-adv-heading_4bc4c3-e5\"]{font-style:normal;}.wp-block-kadence-advancedheading.kt-adv-heading_4bc4c3-e5 mark, .wp-block-kadence-advancedheading.kt-adv-heading_4bc4c3-e5[data-kb-block=\"kb-adv-heading_4bc4c3-e5\"] mark{font-style:normal;color:#f76a0c;padding-top:0px;padding-right:0px;padding-bottom:0px;padding-left:0px;}@media all and (max-width: 1024px){.wp-block-kadence-advancedheading.kt-adv-heading_4bc4c3-e5, .wp-block-kadence-advancedheading.kt-adv-heading_4bc4c3-e5[data-kb-block=\"kb-adv-heading_4bc4c3-e5\"]{font-size:3.8rem;}}@media all and (max-width: 767px){.wp-block-kadence-advancedheading.kt-adv-heading_4bc4c3-e5, .wp-block-kadence-advancedheading.kt-adv-heading_4bc4c3-e5[data-kb-block=\"kb-adv-heading_4bc4c3-e5\"]{font-size:2.5rem;}}<\/style>\n<h1 class=\"kt-adv-heading_4bc4c3-e5 hero__title wp-block-kadence-advancedheading has-theme-palette-2-color has-text-color\" data-kb-block=\"kb-adv-heading_4bc4c3-e5\"><mark class=\"kt-highlight\"><mark>Transparencia<\/mark><\/mark><\/h1>\n<\/div><\/div>\n\n\n\n<p class=\"hero__img--author has-theme-palette-9-color has-text-color\"><span>@gen-gob<\/span><\/p>\n<\/div><\/section>\n\n\n<style>#kt-layout-id_113345-5c > .kt-row-column-wrap{align-content:start;}:where(#kt-layout-id_113345-5c > .kt-row-column-wrap) > .wp-block-kadence-column{justify-content:start;}#kt-layout-id_113345-5c > .kt-row-column-wrap{column-gap:var(--global-kb-gap-md, 2rem);row-gap:var(--global-kb-gap-md, 2rem);max-width:740px;margin-left:auto;margin-right:auto;padding-top:25px;padding-bottom:25px;padding-top:7.5rem;padding-bottom:7.5rem;padding-left:2rem;padding-right:2rem;grid-template-columns:minmax(0, 1fr);}#kt-layout-id_113345-5c > .kt-row-layout-overlay{opacity:0.30;}@media all and (max-width: 1024px){#kt-layout-id_113345-5c > .kt-row-column-wrap{grid-template-columns:minmax(0, 1fr);}}@media all and (max-width: 767px){#kt-layout-id_113345-5c > .kt-row-column-wrap{grid-template-columns:minmax(0, 1fr);}}<\/style>\n<div class=\"wp-block-kadence-rowlayout alignnone\"><div id=\"kt-layout-id_113345-5c\" class=\"kt-row-layout-inner kt-layout-id_113345-5c\"><div class=\"kt-row-column-wrap kt-has-1-columns kt-gutter-default kt-v-gutter-default kt-row-valign-top kt-row-layout-equal kt-tab-layout-inherit kt-m-colapse-left-to-right kt-mobile-layout-row\"><style>.kadence-column_285e8f-54 > .kt-inside-inner-col{border-top-width:0px;border-right-width:0px;border-bottom-width:0px;border-left-width:0px;}.kadence-column_285e8f-54 > .kt-inside-inner-col,.kadence-column_285e8f-54 > .kt-inside-inner-col:before{border-top-left-radius:0px;border-top-right-radius:0px;border-bottom-right-radius:0px;border-bottom-left-radius:0px;}.kadence-column_285e8f-54 > .kt-inside-inner-col:before{opacity:0.3;}.kadence-column_285e8f-54{position:relative;}<\/style>\n<div class=\"wp-block-kadence-column inner-column-1 kadence-column_285e8f-54\"><div class=\"kt-inside-inner-col\">\n<h2 class=\"wp-block-heading\" id=\"transparencia\"><strong>Transparencia<\/strong><\/h2>\n\n\n\n<p>El hecho de tratarse de una entidad sin \u00e1nimo de lucro, declarada de Utilidad P\u00fablica, hace que la transparencia sea un pilar \u00e9tico fundamental de la asociaci\u00f3n. El GOB invierte todos sus ingresos en actividades relacionadas con sus&nbsp;<strong>estatutos&nbsp;<\/strong>(link a los estatutos).<\/p>\n\n\n\n<p>En los siguientes enlaces puede encontrar las cuentas y las actividades realizadas en los \u00faltimos a\u00f1os:<\/p>\n\n\n\n<h3 class=\"wp-block-heading\" id=\"2019\"><strong>2019<\/strong><\/h3>\n\n\n\n<h4 class=\"wp-block-heading\" id=\"comptes-enllac-de-descarrega\"><strong>\u20ac&nbsp;Comptes&nbsp;(<a rel=\"noreferrer noopener\" href=\"https:\/\/gengob.org\/wp-content\/uploads\/2021\/04\/Comptes-GEN-GOB-2019.pdf\" target=\"_blank\">enlace de descarga<\/a>)<\/strong><\/h4>\n\n\n\n<h4 class=\"wp-block-heading\" id=\"resum-d-activitats-enlllac-de-descarrega\"><strong>&gt;&nbsp;Resum d&#8217;activitats<\/strong>&nbsp;<strong>(<a href=\"https:\/\/gengob.org\/wp-content\/uploads\/2021\/04\/ACTIVITATS-2019-ASSEMBLEA-27.12.2019-.pdf\" target=\"_blank\" rel=\"noreferrer noopener\">enlace de descarga<\/a>)<\/strong><br><\/h4>\n\n\n\n<h3 class=\"wp-block-heading\" id=\"2020\"><strong>2020<\/strong><\/h3>\n\n\n\n<h4 class=\"wp-block-heading\" id=\"resum-d-activitats-enlllac-de-descarrega\"><strong>&gt; Resumen de actividades (<a rel=\"noreferrer noopener\" href=\"https:\/\/gengob.org\/wp-content\/uploads\/2021\/04\/ACTIVITATS-2020-ASSEMBLEA-29.12.2020.pdf\" target=\"_blank\">enlace de descarga<\/a>)<\/strong><\/h4>\n\n\n\n<section class=\"wp-block-uagb-section uagb-section__wrap uagb-section__background-color uagb-block-6af063a0 blue-box\"><div class=\"uagb-section__overlay\"><\/div><div class=\"uagb-section__inner-wrap\"><style>.wp-block-kadence-advancedheading.kt-adv-heading_ede379-47, .wp-block-kadence-advancedheading.kt-adv-heading_ede379-47[data-kb-block=\"kb-adv-heading_ede379-47\"]{font-style:normal;}.wp-block-kadence-advancedheading.kt-adv-heading_ede379-47 mark, .wp-block-kadence-advancedheading.kt-adv-heading_ede379-47[data-kb-block=\"kb-adv-heading_ede379-47\"] mark{font-style:normal;color:#f76a0c;padding-top:0px;padding-right:0px;padding-bottom:0px;padding-left:0px;}<\/style>\n<h2 class=\"kt-adv-heading_ede379-47 wp-block-kadence-advancedheading has-theme-palette-2-color has-text-color\" data-kb-block=\"kb-adv-heading_ede379-47\"><strong>Junta directiva<\/strong><\/h2>\n\n\n\n<p class=\"has-theme-palette-2-color has-text-color\"><strong>Los integrantes actuales de la Junta Directiva son:<\/strong><\/p>\n\n\n<style>.wp-block-kadence-advancedheading.kt-adv-heading_34dabe-54, .wp-block-kadence-advancedheading.kt-adv-heading_34dabe-54[data-kb-block=\"kb-adv-heading_34dabe-54\"]{font-style:normal;}.wp-block-kadence-advancedheading.kt-adv-heading_34dabe-54 mark, .wp-block-kadence-advancedheading.kt-adv-heading_34dabe-54[data-kb-block=\"kb-adv-heading_34dabe-54\"] mark{font-style:normal;color:#f76a0c;padding-top:0px;padding-right:0px;padding-bottom:0px;padding-left:0px;}<\/style>\n<h3 class=\"kt-adv-heading_34dabe-54 wp-block-kadence-advancedheading has-theme-palette-2-color has-text-color\" data-kb-block=\"kb-adv-heading_34dabe-54\">Presidente<\/h3>\n\n\n\n<p class=\"has-theme-palette-2-color has-text-color\"><strong>Joan Carles Palerm Berrocal<\/strong><\/p>\n\n\n<style>.wp-block-kadence-advancedheading.kt-adv-heading_00d835-ea, .wp-block-kadence-advancedheading.kt-adv-heading_00d835-ea[data-kb-block=\"kb-adv-heading_00d835-ea\"]{font-style:normal;}.wp-block-kadence-advancedheading.kt-adv-heading_00d835-ea mark, .wp-block-kadence-advancedheading.kt-adv-heading_00d835-ea[data-kb-block=\"kb-adv-heading_00d835-ea\"] mark{font-style:normal;color:#f76a0c;padding-top:0px;padding-right:0px;padding-bottom:0px;padding-left:0px;}<\/style>\n<h3 class=\"kt-adv-heading_00d835-ea wp-block-kadence-advancedheading has-theme-palette-2-color has-text-color\" data-kb-block=\"kb-adv-heading_00d835-ea\">Vicepresidenta<\/h3>\n\n\n\n<p class=\"has-theme-palette-2-color has-text-color\"><strong>Neus Prats Tur<\/strong><\/p>\n\n\n<style>.wp-block-kadence-advancedheading.kt-adv-heading_ae5611-69, .wp-block-kadence-advancedheading.kt-adv-heading_ae5611-69[data-kb-block=\"kb-adv-heading_ae5611-69\"]{font-style:normal;}.wp-block-kadence-advancedheading.kt-adv-heading_ae5611-69 mark, .wp-block-kadence-advancedheading.kt-adv-heading_ae5611-69[data-kb-block=\"kb-adv-heading_ae5611-69\"] mark{font-style:normal;color:#f76a0c;padding-top:0px;padding-right:0px;padding-bottom:0px;padding-left:0px;}<\/style>\n<h3 class=\"kt-adv-heading_ae5611-69 wp-block-kadence-advancedheading has-theme-palette-2-color has-text-color\" data-kb-block=\"kb-adv-heading_ae5611-69\">Vocales<\/h3>\n\n\n\n<p class=\"has-theme-palette-2-color has-text-color\"><strong>Vicent Prats<br>Vicent Tur Ribas<\/strong><br><strong>Mari\u00e0 Mar\u00ed<\/strong><\/p>\n\n\n<style>.wp-block-kadence-advancedheading.kt-adv-heading_86ce5d-b2, .wp-block-kadence-advancedheading.kt-adv-heading_86ce5d-b2[data-kb-block=\"kb-adv-heading_86ce5d-b2\"]{font-style:normal;}.wp-block-kadence-advancedheading.kt-adv-heading_86ce5d-b2 mark, .wp-block-kadence-advancedheading.kt-adv-heading_86ce5d-b2[data-kb-block=\"kb-adv-heading_86ce5d-b2\"] mark{font-style:normal;color:#f76a0c;padding-top:0px;padding-right:0px;padding-bottom:0px;padding-left:0px;}<\/style>\n<h3 class=\"kt-adv-heading_86ce5d-b2 wp-block-kadence-advancedheading has-theme-palette-2-color has-text-color\" data-kb-block=\"kb-adv-heading_86ce5d-b2\">Cargos no directivos<br>Coordinaci\u00f3n general y secretar\u00eda<\/h3>\n\n\n\n<p class=\"has-theme-palette-2-color has-text-color\"><strong>Mari\u00e0 Mar\u00ed Escandell<\/strong><\/p>\n\n\n<style>.wp-block-kadence-advancedheading.kt-adv-heading_f0277a-3a, .wp-block-kadence-advancedheading.kt-adv-heading_f0277a-3a[data-kb-block=\"kb-adv-heading_f0277a-3a\"]{font-style:normal;}.wp-block-kadence-advancedheading.kt-adv-heading_f0277a-3a mark, .wp-block-kadence-advancedheading.kt-adv-heading_f0277a-3a[data-kb-block=\"kb-adv-heading_f0277a-3a\"] mark{font-style:normal;color:#f76a0c;padding-top:0px;padding-right:0px;padding-bottom:0px;padding-left:0px;}<\/style>\n<h3 class=\"kt-adv-heading_f0277a-3a wp-block-kadence-advancedheading has-theme-palette-2-color has-text-color\" data-kb-block=\"kb-adv-heading_f0277a-3a\">Compatibilidad y tesorer\u00eda<\/h3>\n\n\n\n<p class=\"has-theme-palette-2-color has-text-color\"><strong>Esteban Cardona Mar\u00ed<\/strong><\/p>\n\n\n<style>.wp-block-kadence-advancedheading.kt-adv-heading_a3e68a-7f, .wp-block-kadence-advancedheading.kt-adv-heading_a3e68a-7f[data-kb-block=\"kb-adv-heading_a3e68a-7f\"]{font-style:normal;}.wp-block-kadence-advancedheading.kt-adv-heading_a3e68a-7f mark, .wp-block-kadence-advancedheading.kt-adv-heading_a3e68a-7f[data-kb-block=\"kb-adv-heading_a3e68a-7f\"] mark{font-style:normal;color:#f76a0c;padding-top:0px;padding-right:0px;padding-bottom:0px;padding-left:0px;}<\/style>\n<h3 class=\"kt-adv-heading_a3e68a-7f wp-block-kadence-advancedheading has-theme-palette-2-color has-text-color\" data-kb-block=\"kb-adv-heading_a3e68a-7f\">Responsables de las \u00e1reas de trabajo<\/h3>\n\n\n\n<p class=\"has-theme-palette-2-color has-text-color\"><strong>Los responsables de las \u00e1reas operativas del GEN-GOB son:<\/strong><\/p>\n\n\n<style>.wp-block-kadence-advancedheading.kt-adv-heading_ccd4fd-87, .wp-block-kadence-advancedheading.kt-adv-heading_ccd4fd-87[data-kb-block=\"kb-adv-heading_ccd4fd-87\"]{font-style:normal;}.wp-block-kadence-advancedheading.kt-adv-heading_ccd4fd-87 mark, .wp-block-kadence-advancedheading.kt-adv-heading_ccd4fd-87[data-kb-block=\"kb-adv-heading_ccd4fd-87\"] mark{font-style:normal;color:#f76a0c;padding-top:0px;padding-right:0px;padding-bottom:0px;padding-left:0px;}<\/style>\n<h3 class=\"kt-adv-heading_ccd4fd-87 wp-block-kadence-advancedheading has-theme-palette-2-color has-text-color\" data-kb-block=\"kb-adv-heading_ccd4fd-87\">Territorio y recursos<\/h3>\n\n\n\n<p class=\"has-theme-palette-2-color has-text-color\"><strong>Neus Prats Tur<\/strong><\/p>\n\n\n<style>.wp-block-kadence-advancedheading.kt-adv-heading_01ef89-f0, .wp-block-kadence-advancedheading.kt-adv-heading_01ef89-f0[data-kb-block=\"kb-adv-heading_01ef89-f0\"]{font-style:normal;}.wp-block-kadence-advancedheading.kt-adv-heading_01ef89-f0 mark, .wp-block-kadence-advancedheading.kt-adv-heading_01ef89-f0[data-kb-block=\"kb-adv-heading_01ef89-f0\"] mark{font-style:normal;color:#f76a0c;padding-top:0px;padding-right:0px;padding-bottom:0px;padding-left:0px;}<\/style>\n<h3 class=\"kt-adv-heading_01ef89-f0 wp-block-kadence-advancedheading has-theme-palette-2-color has-text-color\" data-kb-block=\"kb-adv-heading_01ef89-f0\">\u00c1rea marina<\/h3>\n\n\n\n<p class=\"has-theme-palette-2-color has-text-color\"><strong>Xisco Sobrado Llompart<\/strong><\/p>\n\n\n<style>.wp-block-kadence-advancedheading.kt-adv-heading_23bd8b-90, .wp-block-kadence-advancedheading.kt-adv-heading_23bd8b-90[data-kb-block=\"kb-adv-heading_23bd8b-90\"]{font-style:normal;}.wp-block-kadence-advancedheading.kt-adv-heading_23bd8b-90 mark, .wp-block-kadence-advancedheading.kt-adv-heading_23bd8b-90[data-kb-block=\"kb-adv-heading_23bd8b-90\"] mark{font-style:normal;color:#f76a0c;padding-top:0px;padding-right:0px;padding-bottom:0px;padding-left:0px;}<\/style>\n<h3 class=\"kt-adv-heading_23bd8b-90 wp-block-kadence-advancedheading has-theme-palette-2-color has-text-color\" data-kb-block=\"kb-adv-heading_23bd8b-90\">Servicio de Educaci\u00f3n ambiental<\/h3>\n\n\n\n<p class=\"has-theme-palette-2-color has-text-color\"><strong>Agn\u00e8s Vidal i Vicedo<\/strong><\/p>\n\n\n<style>.wp-block-kadence-advancedheading.kt-adv-heading_5484bd-be, .wp-block-kadence-advancedheading.kt-adv-heading_5484bd-be[data-kb-block=\"kb-adv-heading_5484bd-be\"]{font-style:normal;}.wp-block-kadence-advancedheading.kt-adv-heading_5484bd-be mark, .wp-block-kadence-advancedheading.kt-adv-heading_5484bd-be[data-kb-block=\"kb-adv-heading_5484bd-be\"] mark{font-style:normal;color:#f76a0c;padding-top:0px;padding-right:0px;padding-bottom:0px;padding-left:0px;}<\/style>\n<h3 class=\"kt-adv-heading_5484bd-be wp-block-kadence-advancedheading has-theme-palette-2-color has-text-color\" data-kb-block=\"kb-adv-heading_5484bd-be\">Equipo de naturaleza<\/h3>\n\n\n\n<p class=\"has-theme-palette-2-color has-text-color\"><strong>Esteban Cardona Mar\u00ed<\/strong><\/p>\n\n\n<style>.wp-block-kadence-advancedheading.kt-adv-heading_dfaf0d-0f, .wp-block-kadence-advancedheading.kt-adv-heading_dfaf0d-0f[data-kb-block=\"kb-adv-heading_dfaf0d-0f\"]{font-style:normal;}.wp-block-kadence-advancedheading.kt-adv-heading_dfaf0d-0f mark, .wp-block-kadence-advancedheading.kt-adv-heading_dfaf0d-0f[data-kb-block=\"kb-adv-heading_dfaf0d-0f\"] mark{font-style:normal;color:#f76a0c;padding-top:0px;padding-right:0px;padding-bottom:0px;padding-left:0px;}<\/style>\n<h3 class=\"kt-adv-heading_dfaf0d-0f wp-block-kadence-advancedheading has-theme-palette-2-color has-text-color\" data-kb-block=\"kb-adv-heading_dfaf0d-0f\">Custodia del territorio<\/h3>\n\n\n\n<p class=\"has-theme-palette-2-color has-text-color\"><strong>Mari\u00e0 Mar\u00ed Escandell<\/strong><\/p>\n<\/div><\/section>\n<\/div><\/div>\n<\/div><\/div><\/div>\n\n\n\n<p><\/p>","protected":false},"excerpt":{"rendered":"<p>Transpar\u00e8ncia El fet de tractar-se d\u2019una entitat sense afany de lucre, declarada d\u2019Utilitat p\u00fablica, fa que la transpar\u00e8ncia sigui un pilar \u00e8tic fonamental de l\u2019associaci\u00f3. El GOB inverteix tots el seus ingressos en activitats relacionades amb els seus&nbsp;estatuts&nbsp;(link als estatuts). A continuaci\u00f3, podeu trobar els comptes i les activitats realitzades en els darrers anys: 2019&#8230;<\/p>","protected":false},"author":1,"featured_media":0,"parent":0,"menu_order":0,"comment_status":"closed","ping_status":"closed","template":"","meta":{"_uag_custom_page_level_css":"","_kad_post_transparent":"enable","_kad_post_title":"hide","_kad_post_layout":"fullwidth","_kad_post_sidebar_id":"","_kad_post_content_style":"unboxed","_kad_post_vertical_padding":"","_kad_post_feature":"","_kad_post_feature_position":"","_kad_post_header":false,"_kad_post_footer":false},"uagb_featured_image_src":{"full":false,"thumbnail":false,"medium":false,"medium_large":false,"large":false,"1536x1536":false,"2048x2048":false,"trp-custom-language-flag":false},"uagb_author_info":{"display_name":"GGA","author_link":"https:\/\/gengob.org\/es\/author\/admin\/"},"uagb_comment_info":0,"uagb_excerpt":"Transpar\u00e8ncia El fet de tractar-se d\u2019una entitat sense afany de lucre, declarada d\u2019Utilitat p\u00fablica, fa que la transpar\u00e8ncia sigui un pilar \u00e8tic fonamental de l\u2019associaci\u00f3. El GOB inverteix tots el seus ingressos en activitats relacionades amb els seus&nbsp;estatuts&nbsp;(link als estatuts). A continuaci\u00f3, podeu trobar els comptes i les activitats realitzades en els darrers anys: 2019...","_links":{"self":[{"href":"https:\/\/gengob.org\/es\/wp-json\/wp\/v2\/pages\/486"}],"collection":[{"href":"https:\/\/gengob.org\/es\/wp-json\/wp\/v2\/pages"}],"about":[{"href":"https:\/\/gengob.org\/es\/wp-json\/wp\/v2\/types\/page"}],"author":[{"embeddable":true,"href":"https:\/\/gengob.org\/es\/wp-json\/wp\/v2\/users\/1"}],"replies":[{"embeddable":true,"href":"https:\/\/gengob.org\/es\/wp-json\/wp\/v2\/comments?post=486"}],"version-history":[{"count":0,"href":"https:\/\/gengob.org\/es\/wp-json\/wp\/v2\/pages\/486\/revisions"}],"wp:attachment":[{"href":"https:\/\/gengob.org\/es\/wp-json\/wp\/v2\/media?parent=486"}],"curies":[{"name":"wp","href":"https:\/\/api.w.org\/{rel}","templated":true}]}}