{"id":512,"date":"2021-05-01T13:30:29","date_gmt":"2021-05-01T13:30:29","guid":{"rendered":"https:\/\/gengob.org\/\/financament-copy\/"},"modified":"2021-05-01T13:42:42","modified_gmt":"2021-05-01T13:42:42","slug":"territori-i-urbanisme","status":"publish","type":"page","link":"https:\/\/gengob.org\/es\/territori-i-urbanisme\/","title":{"rendered":"Territorio y urbanismo"},"content":{"rendered":"<section class=\"wp-block-uagb-section uagb-section__wrap uagb-section__background-image uagb-block-2e566261 hero\"><div class=\"uagb-section__overlay\"><\/div><div class=\"uagb-section__inner-wrap\">\n<div class=\"wp-block-group hero__cta\"><div class=\"wp-block-group__inner-container is-layout-flow\"><style>.wp-block-kadence-advancedheading.kt-adv-heading_4bc4c3-e5, .wp-block-kadence-advancedheading.kt-adv-heading_4bc4c3-e5[data-kb-block=\"kb-adv-heading_4bc4c3-e5\"]{font-style:normal;}.wp-block-kadence-advancedheading.kt-adv-heading_4bc4c3-e5 mark, .wp-block-kadence-advancedheading.kt-adv-heading_4bc4c3-e5[data-kb-block=\"kb-adv-heading_4bc4c3-e5\"] mark{font-style:normal;color:#f76a0c;padding-top:0px;padding-right:0px;padding-bottom:0px;padding-left:0px;}@media all and (max-width: 1024px){.wp-block-kadence-advancedheading.kt-adv-heading_4bc4c3-e5, .wp-block-kadence-advancedheading.kt-adv-heading_4bc4c3-e5[data-kb-block=\"kb-adv-heading_4bc4c3-e5\"]{font-size:3.8rem;}}@media all and (max-width: 767px){.wp-block-kadence-advancedheading.kt-adv-heading_4bc4c3-e5, .wp-block-kadence-advancedheading.kt-adv-heading_4bc4c3-e5[data-kb-block=\"kb-adv-heading_4bc4c3-e5\"]{font-size:2.5rem;}}<\/style>\n<h1 class=\"kt-adv-heading_4bc4c3-e5 hero__title abajo--110 wp-block-kadence-advancedheading has-theme-palette-2-color has-text-color\" data-kb-block=\"kb-adv-heading_4bc4c3-e5\"><mark class=\"kt-highlight\"><mark>Por un modelo consensuado <\/mark><\/mark><br><mark class=\"kt-highlight\"><mark>que priorice los usos <\/mark><\/mark><br><mark class=\"kt-highlight\"><mark>sostenibles del territorio<\/mark><\/mark><\/h1>\n<\/div><\/div>\n\n\n\n<p class=\"hero__img--author has-theme-palette-9-color has-text-color\"><span>@mari\u00e0 mar\u00ed<\/span><\/p>\n<\/div><\/section>\n\n\n<style>#kt-layout-id_113345-5c > .kt-row-column-wrap{align-content:start;}:where(#kt-layout-id_113345-5c > .kt-row-column-wrap) > .wp-block-kadence-column{justify-content:start;}#kt-layout-id_113345-5c > .kt-row-column-wrap{column-gap:var(--global-kb-gap-md, 2rem);row-gap:var(--global-kb-gap-md, 2rem);max-width:740px;margin-left:auto;margin-right:auto;padding-top:25px;padding-bottom:25px;padding-top:7.5rem;padding-bottom:7.5rem;padding-left:2rem;padding-right:2rem;grid-template-columns:minmax(0, 1fr);}#kt-layout-id_113345-5c > .kt-row-layout-overlay{opacity:0.30;}@media all and (max-width: 1024px){#kt-layout-id_113345-5c > .kt-row-column-wrap{grid-template-columns:minmax(0, 1fr);}}@media all and (max-width: 767px){#kt-layout-id_113345-5c > .kt-row-column-wrap{grid-template-columns:minmax(0, 1fr);}}<\/style>\n<div class=\"wp-block-kadence-rowlayout alignnone\"><div id=\"kt-layout-id_113345-5c\" class=\"kt-row-layout-inner kt-layout-id_113345-5c\"><div class=\"kt-row-column-wrap kt-has-1-columns kt-gutter-default kt-v-gutter-default kt-row-valign-top kt-row-layout-equal kt-tab-layout-inherit kt-m-colapse-left-to-right kt-mobile-layout-row\"><style>.kadence-column_285e8f-54 > .kt-inside-inner-col{border-top-width:0px;border-right-width:0px;border-bottom-width:0px;border-left-width:0px;}.kadence-column_285e8f-54 > .kt-inside-inner-col,.kadence-column_285e8f-54 > .kt-inside-inner-col:before{border-top-left-radius:0px;border-top-right-radius:0px;border-bottom-right-radius:0px;border-bottom-left-radius:0px;}.kadence-column_285e8f-54 > .kt-inside-inner-col:before{opacity:0.3;}.kadence-column_285e8f-54{position:relative;}<\/style>\n<div class=\"wp-block-kadence-column inner-column-1 kadence-column_285e8f-54\"><div class=\"kt-inside-inner-col\">\n<h2 class=\"wp-block-heading\"><strong>Territorio y urbanismo<\/strong><\/h2>\n\n\n\n<p>Trabajamos para conseguir un modelo insular consensuado que priorice los usos sostenibles del territorio, la recuperaci\u00f3n del campo y de los recursos naturales. La indisciplina urban\u00edstica y la falta de un Consorcio insular como los existentes en Mallorca y Menorca, que controle esta lacra, es uno de los principales problemas que padecemos desde hace muchos a\u00f1os. Por eso tratamos de corregir la deriva de la isla presentando alegaciones a los planes urban\u00edsticos y denuncias ante las administraciones responsables.<\/p>\n\n\n\n<h3 class=\"wp-block-heading\"><strong>Agua<\/strong><\/h3>\n\n\n\n<p>La explotaci\u00f3n de los recursos naturales por encima de su capacidad de regeneraci\u00f3n es uno de los principales problemas que sufren las Pitiusas. Muestra fehaciente de esta problem\u00e1tica es la grave situaci\u00f3n que padecen los acu\u00edferos insulares. Por este motivo, trabajamos para generar conocimiento sobre el estado de los recursos y conseguir mejoras en su gesti\u00f3n y planificaci\u00f3n: presentamos alegaciones a documentos y normativas, elaboramos estudios e informes como \"An\u00e1lisis de la gesti\u00f3n del agua en la isla de Ibiza \", publicado en 2015 junto con la Universidad de las Islas Baleares, la Sociedad de Historia Natural de las Islas Baleares&nbsp;<a rel=\"noreferrer noopener\" href=\"https:\/\/ibizapreservation.org\/esp\/\" target=\"_blank\">Ibiza Preservation Fund<\/a>, que puedes&nbsp;<a href=\"https:\/\/gengob.org\/wp-content\/uploads\/2021\/04\/aigua-uib-ipf-gen.pdf\" target=\"_blank\" rel=\"noreferrer noopener\">descargar aqu\u00ed<\/a>.<\/p>\n\n\n\n<p>Adem\u00e1s, el GEN-GOB forma parte de la&nbsp;<a href=\"https:\/\/www.alianzaaguaibizaformentera.org\/ca\/inici\" target=\"_blank\" rel=\"noreferrer noopener\">Alian\u00e7a per l\u2019Aigua d\u2019Eivissa i Formentera<\/a>.<\/p>\n\n\n\n<p><\/p>\n<\/div><\/div>\n<\/div><\/div><\/div>\n\n\n\n<p><\/p>","protected":false},"excerpt":{"rendered":"<p>Territori i urbanisme Treballam per aconseguir un model insular consensuat que prioritzi els usos sostenibles del territori, la recuperaci\u00f3 del camp i dels recursos naturals. La indisciplina urban\u00edstica i la falta d\u2019un Consorci insular com els existents a Mallorca i Menorca, que controli aquesta lacra, \u00e9s un dels principals problemes que patim des de fa&#8230;<\/p>","protected":false},"author":1,"featured_media":0,"parent":0,"menu_order":0,"comment_status":"closed","ping_status":"closed","template":"","meta":{"_uag_custom_page_level_css":"","_kad_post_transparent":"enable","_kad_post_title":"hide","_kad_post_layout":"fullwidth","_kad_post_sidebar_id":"","_kad_post_content_style":"unboxed","_kad_post_vertical_padding":"","_kad_post_feature":"","_kad_post_feature_position":"","_kad_post_header":false,"_kad_post_footer":false},"uagb_featured_image_src":{"full":false,"thumbnail":false,"medium":false,"medium_large":false,"large":false,"1536x1536":false,"2048x2048":false,"trp-custom-language-flag":false},"uagb_author_info":{"display_name":"GGA","author_link":"https:\/\/gengob.org\/es\/author\/admin\/"},"uagb_comment_info":0,"uagb_excerpt":"Territori i urbanisme Treballam per aconseguir un model insular consensuat que prioritzi els usos sostenibles del territori, la recuperaci\u00f3 del camp i dels recursos naturals. La indisciplina urban\u00edstica i la falta d\u2019un Consorci insular com els existents a Mallorca i Menorca, que controli aquesta lacra, \u00e9s un dels principals problemes que patim des de fa...","_links":{"self":[{"href":"https:\/\/gengob.org\/es\/wp-json\/wp\/v2\/pages\/512"}],"collection":[{"href":"https:\/\/gengob.org\/es\/wp-json\/wp\/v2\/pages"}],"about":[{"href":"https:\/\/gengob.org\/es\/wp-json\/wp\/v2\/types\/page"}],"author":[{"embeddable":true,"href":"https:\/\/gengob.org\/es\/wp-json\/wp\/v2\/users\/1"}],"replies":[{"embeddable":true,"href":"https:\/\/gengob.org\/es\/wp-json\/wp\/v2\/comments?post=512"}],"version-history":[{"count":0,"href":"https:\/\/gengob.org\/es\/wp-json\/wp\/v2\/pages\/512\/revisions"}],"wp:attachment":[{"href":"https:\/\/gengob.org\/es\/wp-json\/wp\/v2\/media?parent=512"}],"curies":[{"name":"wp","href":"https:\/\/api.w.org\/{rel}","templated":true}]}}