{"id":522,"date":"2021-05-01T13:43:15","date_gmt":"2021-05-01T13:43:15","guid":{"rendered":"https:\/\/gengob.org\/\/territori-i-urbanisme-copy\/"},"modified":"2023-02-24T12:55:24","modified_gmt":"2023-02-24T11:55:24","slug":"area-marina","status":"publish","type":"page","link":"https:\/\/gengob.org\/es\/area-marina\/","title":{"rendered":"\u00c1rea marina"},"content":{"rendered":"<section class=\"wp-block-uagb-section uagb-section__wrap uagb-section__background-image uagb-block-48c87a9c hero\"><div class=\"uagb-section__overlay\"><\/div><div class=\"uagb-section__inner-wrap\">\n<div class=\"wp-block-group hero__cta is-layout-flow\"><div class=\"wp-block-group__inner-container\"><style>.wp-block-kadence-advancedheading.kt-adv-heading_4bc4c3-e5, .wp-block-kadence-advancedheading.kt-adv-heading_4bc4c3-e5[data-kb-block=\"kb-adv-heading_4bc4c3-e5\"]{font-style:normal;}.wp-block-kadence-advancedheading.kt-adv-heading_4bc4c3-e5 mark, .wp-block-kadence-advancedheading.kt-adv-heading_4bc4c3-e5[data-kb-block=\"kb-adv-heading_4bc4c3-e5\"] mark{font-style:normal;color:#f76a0c;padding-top:0px;padding-right:0px;padding-bottom:0px;padding-left:0px;}@media all and (max-width: 1024px){.wp-block-kadence-advancedheading.kt-adv-heading_4bc4c3-e5, .wp-block-kadence-advancedheading.kt-adv-heading_4bc4c3-e5[data-kb-block=\"kb-adv-heading_4bc4c3-e5\"]{font-size:3.8rem;}}@media all and (max-width: 767px){.wp-block-kadence-advancedheading.kt-adv-heading_4bc4c3-e5, .wp-block-kadence-advancedheading.kt-adv-heading_4bc4c3-e5[data-kb-block=\"kb-adv-heading_4bc4c3-e5\"]{font-size:2.5rem;}}<\/style>\n<h1 class=\"kt-adv-heading_4bc4c3-e5 hero__title abajo--110 wp-block-kadence-advancedheading has-theme-palette-2-color has-text-color\" data-kb-block=\"kb-adv-heading_4bc4c3-e5\"><mark class=\"kt-highlight\"><mark>Nos preocupa la situaci\u00f3n <\/mark><\/mark><br><mark class=\"kt-highlight\"><mark>que padece el medio marino<\/mark><\/mark><\/h1>\n<\/div><\/div>\n\n\n\n<p class=\"hero__img--author has-theme-palette-9-color has-text-color\"><span>@xavier mas<\/span><\/p>\n<\/div><\/section>\n\n\n<style>#kt-layout-id_113345-5c > .kt-row-column-wrap{align-content:start;}:where(#kt-layout-id_113345-5c > .kt-row-column-wrap) > .wp-block-kadence-column{justify-content:start;}#kt-layout-id_113345-5c > .kt-row-column-wrap{column-gap:var(--global-kb-gap-md, 2rem);row-gap:var(--global-kb-gap-md, 2rem);max-width:740px;margin-left:auto;margin-right:auto;padding-top:25px;padding-bottom:25px;padding-top:7.5rem;padding-bottom:7.5rem;padding-left:2rem;padding-right:2rem;grid-template-columns:minmax(0, 1fr);}#kt-layout-id_113345-5c > .kt-row-layout-overlay{opacity:0.30;}@media all and (max-width: 1024px){#kt-layout-id_113345-5c > .kt-row-column-wrap{grid-template-columns:minmax(0, 1fr);}}@media all and (max-width: 767px){#kt-layout-id_113345-5c > .kt-row-column-wrap{grid-template-columns:minmax(0, 1fr);}}<\/style>\n<div class=\"wp-block-kadence-rowlayout alignnone\"><div id=\"kt-layout-id_113345-5c\" class=\"kt-row-layout-inner kt-layout-id_113345-5c\"><div class=\"kt-row-column-wrap kt-has-1-columns kt-gutter-default kt-v-gutter-default kt-row-valign-top kt-row-layout-equal kt-tab-layout-inherit kt-m-colapse-left-to-right kt-mobile-layout-row\"><style>.kadence-column_285e8f-54 > .kt-inside-inner-col{border-top-width:0px;border-right-width:0px;border-bottom-width:0px;border-left-width:0px;}.kadence-column_285e8f-54 > .kt-inside-inner-col,.kadence-column_285e8f-54 > .kt-inside-inner-col:before{border-top-left-radius:0px;border-top-right-radius:0px;border-bottom-right-radius:0px;border-bottom-left-radius:0px;}.kadence-column_285e8f-54 > .kt-inside-inner-col:before{opacity:0.3;}.kadence-column_285e8f-54{position:relative;}<\/style>\n<div class=\"wp-block-kadence-column inner-column-1 kadence-column_285e8f-54\"><div class=\"kt-inside-inner-col\"><style>.wp-block-kadence-advancedheading.kt-adv-heading_7f41fe-40, .wp-block-kadence-advancedheading.kt-adv-heading_7f41fe-40[data-kb-block=\"kb-adv-heading_7f41fe-40\"]{font-style:normal;}.wp-block-kadence-advancedheading.kt-adv-heading_7f41fe-40 mark, .wp-block-kadence-advancedheading.kt-adv-heading_7f41fe-40[data-kb-block=\"kb-adv-heading_7f41fe-40\"] mark{font-style:normal;color:#f76a0c;padding-top:0px;padding-right:0px;padding-bottom:0px;padding-left:0px;}<\/style>\n<h2 class=\"kt-adv-heading_7f41fe-40 wp-block-kadence-advancedheading\" data-kb-block=\"kb-adv-heading_7f41fe-40\">\u00c1rea marina<\/h2>\n\n\n\n<p>Nos preocupa la situaci\u00f3n que sufre el medio marino: la destrucci\u00f3n de h\u00e1bitats como las praderas de&nbsp;<em>Posidonia oceanica<\/em>, la eutrofizaci\u00f3n, la contaminaci\u00f3n por pl\u00e1sticos, la sobreexplotaci\u00f3n de los recursos marinos, etc. Por todo ello, el GEN-GOB, con el apoyo de la Fundaci\u00f3n para la Conservaci\u00f3n de Ibiza y Formentera primero, m\u00e1s adelante con el apoyo de Adessium Foundation, y actualmente con el apoyo de la Fundaci\u00f3n Marilles, est\u00e1 ejecutando, desde 2013, el proyecto La Mar, una responsabilitat compartida.<\/p>\n\n\n\n<p>Des de l\u2019\u00c0rea Marina volem afavorir la <strong>creaci\u00f3 d\u2019aliances estrat\u00e8giques<\/strong> i servir de pont entre tots el agents implicats per millorar la gesti\u00f3 i la conservaci\u00f3 dels espais litorals i marins m\u00e9s valuosos de les Piti\u00fcses. Treballam en xarxa amb altres associacions i entitats vinculades als espais litorals i marins per impulsar la millora de la governan\u00e7a a les illes.<\/p>\n\n\n\n<figure class=\"wp-block-embed is-type-video is-provider-youtube wp-block-embed-youtube wp-embed-aspect-16-9 wp-has-aspect-ratio\"><div class=\"wp-block-embed__wrapper\">\n<iframe loading=\"lazy\" title=\"ELS PLASTICS L&#039;AMENA\u00c7A SILENCIOSA\" width=\"720\" height=\"405\" src=\"https:\/\/www.youtube.com\/embed\/B7ojkfS0U58?feature=oembed\" frameborder=\"0\" allow=\"accelerometer; autoplay; clipboard-write; encrypted-media; gyroscope; picture-in-picture; web-share\" allowfullscreen><\/iframe>\n<\/div><\/figure>\n\n\n\n<h2 class=\"wp-block-heading\"><strong>La posidonia en cifras<\/strong><\/h2>\n\n\n\n<p>Algunos de los detalles m\u00e1s importantes del organismo m\u00e1s grande y antiguo del mundo.<\/p>\n\n\n\n<section class=\"wp-block-uagb-section uagb-section__wrap uagb-section__background-undefined uagb-block-27118de8\"><div class=\"uagb-section__overlay\"><\/div><div class=\"uagb-section__inner-wrap\">\n<section class=\"wp-block-uagb-columns uagb-columns__wrap uagb-columns__background-undefined uagb-columns__stack-mobile uagb-columns__valign-undefined uagb-columns__gap-5 alignundefined uagb-block-12d8756c sea-counter\"><div class=\"uagb-columns__overlay\"><\/div><div class=\"uagb-columns__inner-wrap uagb-columns__columns-3\">\n<div class=\"wp-block-uagb-column uagb-column__wrap uagb-column__background-undefined uagb-block-c21e0b3d num-1\"><div class=\"uagb-column__overlay\"><\/div><div class=\"uagb-column__inner-wrap\">\n<div class=\"wp-block-ideabox-counter\"><div class=\"ib-counter-container\" style=\"text-align:center\"><div class=\"ib-counter\" style=\"font-size:40px;color:#f7b030\"><span class=\"ib-counter-number\" data-from-value=\"0\" data-to-value=\"140\" data-delimiter=\"none\" data-duration=\"2000\">0<\/span><\/div><div class=\"ib-counter-title\" style=\"color:#002f63\"><strong>km<sup>2<\/sup>\u00a0de praderas<\/strong>\u00a0<strong>de posidonia<\/strong>. Es la superficie que ocupa en las Piti\u00fcses<\/div><\/div><\/div>\n<\/div><\/div>\n\n\n\n<div class=\"wp-block-uagb-column uagb-column__wrap uagb-column__background-undefined uagb-block-d8cc2318 num-2\"><div class=\"uagb-column__overlay\"><\/div><div class=\"uagb-column__inner-wrap\">\n<div class=\"wp-block-ideabox-counter\"><div class=\"ib-counter-container\" style=\"text-align:center\"><div class=\"ib-counter\" style=\"font-size:40px;color:#f7b030\"><span class=\"ib-counter-number\" data-from-value=\"0\" data-to-value=\"100000\" data-delimiter=\".\" data-duration=\"2000\">0<\/span><\/div><div class=\"ib-counter-title\" style=\"color:#002f63\"><strong><strong>a\u00f1os viviendo en aguas<\/strong>\u00a0<strong>piti\u00fcses<\/strong>. <\/strong>Es el organismo m\u00e1s longevo del planeta<strong><br><\/strong><\/div><\/div><\/div>\n<\/div><\/div>\n\n\n\n<div class=\"wp-block-uagb-column uagb-column__wrap uagb-column__background-undefined uagb-block-ce1b8c58 num-3\"><div class=\"uagb-column__overlay\"><\/div><div class=\"uagb-column__inner-wrap\">\n<div class=\"wp-block-ideabox-counter\"><div class=\"ib-counter-container\" style=\"text-align:center\"><div class=\"ib-counter\" style=\"font-size:40px;color:#f7b030\"><span class=\"ib-counter-number\" data-from-value=\"0\" data-to-value=\"25\" data-delimiter=\"none\" data-duration=\"2000\">0<\/span><\/div><div class=\"ib-counter-title\" style=\"color:#002f63\"><strong><strong><strong><strong>litros de ox\u00edgeno por m<sup>2<\/sup><\/strong>. <\/strong><\/strong><\/strong>Es la cantidad que genera diariamente<strong><br><\/strong><\/div><\/div><\/div>\n<\/div><\/div>\n<\/div><\/section>\n<\/div><\/section>\n\n\n\n<div class=\"wp-block-group abajo--80 is-layout-flow\"><div class=\"wp-block-group__inner-container\">\n<div class=\"wp-block-uagb-advanced-heading uagb-block-f57b48ba uagb-heading-text marine-link\"><h2 class=\"uagb-heading-text\"><strong>M\u00e1s informaci\u00f3n en la web del \u00c1rea marina del GEN<\/strong><\/h2><div class=\"uagb-separator-wrap\"><div class=\"uagb-separator\"><\/div><\/div><p class=\"uagb-desc-text\"><a rel=\"noreferrer noopener\" href=\"http:\/\/lamar.gengob.org\/\" target=\"_blank\">La Mar, una responsabilidad compartida<\/a><\/p><\/div>\n\n\n\n<div class=\"wp-block-image\"><figure class=\"aligncenter\"><a href=\"http:\/\/lamar.gengob.org\/\" target=\"_blank\" rel=\"noreferrer noopener\"><img decoding=\"async\" src=\"https:\/\/gengob.org\/wp-content\/uploads\/2021\/03\/La-Mar-logoweb.png\" alt=\"\" class=\"wp-image-431\"\/><\/a><\/figure><\/div>\n\n\n\n<p class=\"has-text-align-center\">y en las redes:<\/p>\n\n\n\n<ul class=\"wp-block-social-links aligncenter has-icon-color marine-social is-style-logos-only is-layout-flex\"><li style=\"color: #ad1814; \" class=\"wp-social-link wp-social-link-facebook wp-block-social-link\"><a rel=\" noopener nofollow\" target=\"_blank\" href=\"https:\/\/www.facebook.com\/La-mar-una-responsabilitat-compartida-101243056750283\/\" class=\"wp-block-social-link-anchor\"><svg width=\"24\" height=\"24\" viewbox=\"0 0 24 24\" version=\"1.1\" xmlns=\"http:\/\/www.w3.org\/2000\/svg\" aria-hidden=\"true\" focusable=\"false\"><path d=\"M12 2C6.5 2 2 6.5 2 12c0 5 3.7 9.1 8.4 9.9v-7H7.9V12h2.5V9.8c0-2.5 1.5-3.9 3.8-3.9 1.1 0 2.2.2 2.2.2v2.5h-1.3c-1.2 0-1.6.8-1.6 1.6V12h2.8l-.4 2.9h-2.3v7C18.3 21.1 22 17 22 12c0-5.5-4.5-10-10-10z\"><\/path><\/svg><span class=\"wp-block-social-link-label screen-reader-text\">P\u00e0gina de Facebook de la web marina del GEN<\/span><\/a><\/li>\n\n<li style=\"color: #ad1814; \" class=\"wp-social-link wp-social-link-instagram wp-block-social-link\"><a rel=\" noopener nofollow\" target=\"_blank\" href=\"https:\/\/www.instagram.com\/lamar.gengob\/\" class=\"wp-block-social-link-anchor\"><svg width=\"24\" height=\"24\" viewbox=\"0 0 24 24\" version=\"1.1\" xmlns=\"http:\/\/www.w3.org\/2000\/svg\" aria-hidden=\"true\" focusable=\"false\"><path d=\"M12,4.622c2.403,0,2.688,0.009,3.637,0.052c0.877,0.04,1.354,0.187,1.671,0.31c0.42,0.163,0.72,0.358,1.035,0.673 c0.315,0.315,0.51,0.615,0.673,1.035c0.123,0.317,0.27,0.794,0.31,1.671c0.043,0.949,0.052,1.234,0.052,3.637 s-0.009,2.688-0.052,3.637c-0.04,0.877-0.187,1.354-0.31,1.671c-0.163,0.42-0.358,0.72-0.673,1.035 c-0.315,0.315-0.615,0.51-1.035,0.673c-0.317,0.123-0.794,0.27-1.671,0.31c-0.949,0.043-1.233,0.052-3.637,0.052 s-2.688-0.009-3.637-0.052c-0.877-0.04-1.354-0.187-1.671-0.31c-0.42-0.163-0.72-0.358-1.035-0.673 c-0.315-0.315-0.51-0.615-0.673-1.035c-0.123-0.317-0.27-0.794-0.31-1.671C4.631,14.688,4.622,14.403,4.622,12 s0.009-2.688,0.052-3.637c0.04-0.877,0.187-1.354,0.31-1.671c0.163-0.42,0.358-0.72,0.673-1.035 c0.315-0.315,0.615-0.51,1.035-0.673c0.317-0.123,0.794-0.27,1.671-0.31C9.312,4.631,9.597,4.622,12,4.622 M12,3 C9.556,3,9.249,3.01,8.289,3.054C7.331,3.098,6.677,3.25,6.105,3.472C5.513,3.702,5.011,4.01,4.511,4.511 c-0.5,0.5-0.808,1.002-1.038,1.594C3.25,6.677,3.098,7.331,3.054,8.289C3.01,9.249,3,9.556,3,12c0,2.444,0.01,2.751,0.054,3.711 c0.044,0.958,0.196,1.612,0.418,2.185c0.23,0.592,0.538,1.094,1.038,1.594c0.5,0.5,1.002,0.808,1.594,1.038 c0.572,0.222,1.227,0.375,2.185,0.418C9.249,20.99,9.556,21,12,21s2.751-0.01,3.711-0.054c0.958-0.044,1.612-0.196,2.185-0.418 c0.592-0.23,1.094-0.538,1.594-1.038c0.5-0.5,0.808-1.002,1.038-1.594c0.222-0.572,0.375-1.227,0.418-2.185 C20.99,14.751,21,14.444,21,12s-0.01-2.751-0.054-3.711c-0.044-0.958-0.196-1.612-0.418-2.185c-0.23-0.592-0.538-1.094-1.038-1.594 c-0.5-0.5-1.002-0.808-1.594-1.038c-0.572-0.222-1.227-0.375-2.185-0.418C14.751,3.01,14.444,3,12,3L12,3z M12,7.378 c-2.552,0-4.622,2.069-4.622,4.622S9.448,16.622,12,16.622s4.622-2.069,4.622-4.622S14.552,7.378,12,7.378z M12,15 c-1.657,0-3-1.343-3-3s1.343-3,3-3s3,1.343,3,3S13.657,15,12,15z M16.804,6.116c-0.596,0-1.08,0.484-1.08,1.08 s0.484,1.08,1.08,1.08c0.596,0,1.08-0.484,1.08-1.08S17.401,6.116,16.804,6.116z\"><\/path><\/svg><span class=\"wp-block-social-link-label screen-reader-text\">P\u00e0gina de Instagram de la web marina del GEN<\/span><\/a><\/li>\n\n<li style=\"color: #ad1814; \" class=\"wp-social-link wp-social-link-twitter wp-block-social-link\"><a rel=\" noopener nofollow\" target=\"_blank\" href=\"https:\/\/twitter.com\/laMarGEN2013\" class=\"wp-block-social-link-anchor\"><svg width=\"24\" height=\"24\" viewbox=\"0 0 24 24\" version=\"1.1\" xmlns=\"http:\/\/www.w3.org\/2000\/svg\" aria-hidden=\"true\" focusable=\"false\"><path d=\"M22.23,5.924c-0.736,0.326-1.527,0.547-2.357,0.646c0.847-0.508,1.498-1.312,1.804-2.27 c-0.793,0.47-1.671,0.812-2.606,0.996C18.324,4.498,17.257,4,16.077,4c-2.266,0-4.103,1.837-4.103,4.103 c0,0.322,0.036,0.635,0.106,0.935C8.67,8.867,5.647,7.234,3.623,4.751C3.27,5.357,3.067,6.062,3.067,6.814 c0,1.424,0.724,2.679,1.825,3.415c-0.673-0.021-1.305-0.206-1.859-0.513c0,0.017,0,0.034,0,0.052c0,1.988,1.414,3.647,3.292,4.023 c-0.344,0.094-0.707,0.144-1.081,0.144c-0.264,0-0.521-0.026-0.772-0.074c0.522,1.63,2.038,2.816,3.833,2.85 c-1.404,1.1-3.174,1.756-5.096,1.756c-0.331,0-0.658-0.019-0.979-0.057c1.816,1.164,3.973,1.843,6.29,1.843 c7.547,0,11.675-6.252,11.675-11.675c0-0.178-0.004-0.355-0.012-0.531C20.985,7.47,21.68,6.747,22.23,5.924z\"><\/path><\/svg><span class=\"wp-block-social-link-label screen-reader-text\">P\u00e0gina de Twitter de la web marina del GEN<\/span><\/a><\/li><\/ul>\n\n\n\n<p><\/p>\n<\/div><\/div>\n<\/div><\/div>\n<\/div><\/div><\/div>\n\n\n\n<p><\/p>","protected":false},"excerpt":{"rendered":"<p>\u00c0rea marina Ens preocupa la situaci\u00f3 que pateix el medi mar\u00ed: la destrucci\u00f3 d\u2019h\u00e0bitats com les praderies de&nbsp;Posidonia oceanica, l\u2019eutrofitzaci\u00f3, la contaminaci\u00f3 per pl\u00e0stics, la sobreexplotaci\u00f3 dels recursos marins, etc. Per aix\u00f2, el GEN-GOB, amb el suport de la Fundaci\u00f3 per a la Conservaci\u00f3 d\u2019Eivissa i Formentera primer, m\u00e9s endavant amb el suport de Adessium&#8230;<\/p>","protected":false},"author":1,"featured_media":0,"parent":0,"menu_order":0,"comment_status":"closed","ping_status":"closed","template":"","meta":{"_uag_custom_page_level_css":"","_kad_post_transparent":"enable","_kad_post_title":"hide","_kad_post_layout":"fullwidth","_kad_post_sidebar_id":"","_kad_post_content_style":"unboxed","_kad_post_vertical_padding":"","_kad_post_feature":"","_kad_post_feature_position":"","_kad_post_header":false,"_kad_post_footer":false},"uagb_featured_image_src":{"full":false,"thumbnail":false,"medium":false,"medium_large":false,"large":false,"1536x1536":false,"2048x2048":false,"trp-custom-language-flag":false},"uagb_author_info":{"display_name":"GGA","author_link":"https:\/\/gengob.org\/es\/author\/admin\/"},"uagb_comment_info":0,"uagb_excerpt":"\u00c0rea marina Ens preocupa la situaci\u00f3 que pateix el medi mar\u00ed: la destrucci\u00f3 d\u2019h\u00e0bitats com les praderies de&nbsp;Posidonia oceanica, l\u2019eutrofitzaci\u00f3, la contaminaci\u00f3 per pl\u00e0stics, la sobreexplotaci\u00f3 dels recursos marins, etc. Per aix\u00f2, el GEN-GOB, amb el suport de la Fundaci\u00f3 per a la Conservaci\u00f3 d\u2019Eivissa i Formentera primer, m\u00e9s endavant amb el suport de Adessium...","_links":{"self":[{"href":"https:\/\/gengob.org\/es\/wp-json\/wp\/v2\/pages\/522"}],"collection":[{"href":"https:\/\/gengob.org\/es\/wp-json\/wp\/v2\/pages"}],"about":[{"href":"https:\/\/gengob.org\/es\/wp-json\/wp\/v2\/types\/page"}],"author":[{"embeddable":true,"href":"https:\/\/gengob.org\/es\/wp-json\/wp\/v2\/users\/1"}],"replies":[{"embeddable":true,"href":"https:\/\/gengob.org\/es\/wp-json\/wp\/v2\/comments?post=522"}],"version-history":[{"count":0,"href":"https:\/\/gengob.org\/es\/wp-json\/wp\/v2\/pages\/522\/revisions"}],"wp:attachment":[{"href":"https:\/\/gengob.org\/es\/wp-json\/wp\/v2\/media?parent=522"}],"curies":[{"name":"wp","href":"https:\/\/api.w.org\/{rel}","templated":true}]}}