{"id":551,"date":"2021-05-01T14:43:17","date_gmt":"2021-05-01T14:43:17","guid":{"rendered":"https:\/\/gengob.org\/\/area-marina-copy\/"},"modified":"2022-01-21T19:31:28","modified_gmt":"2022-01-21T18:31:28","slug":"custodia-agraria","status":"publish","type":"page","link":"https:\/\/gengob.org\/es\/custodia-agraria\/","title":{"rendered":"Custodia agraria"},"content":{"rendered":"<section class=\"wp-block-uagb-section uagb-section__wrap uagb-section__background-image uagb-block-6d58898b hero\"><div class=\"uagb-section__overlay\"><\/div><div class=\"uagb-section__inner-wrap\">\n<div class=\"wp-block-group hero__cta is-layout-flow\"><div class=\"wp-block-group__inner-container\"><style>.wp-block-kadence-advancedheading.kt-adv-heading_4bc4c3-e5, .wp-block-kadence-advancedheading.kt-adv-heading_4bc4c3-e5[data-kb-block=\"kb-adv-heading_4bc4c3-e5\"]{font-style:normal;}.wp-block-kadence-advancedheading.kt-adv-heading_4bc4c3-e5 mark, .wp-block-kadence-advancedheading.kt-adv-heading_4bc4c3-e5[data-kb-block=\"kb-adv-heading_4bc4c3-e5\"] mark{font-style:normal;color:#f76a0c;padding-top:0px;padding-right:0px;padding-bottom:0px;padding-left:0px;}@media all and (max-width: 1024px){.wp-block-kadence-advancedheading.kt-adv-heading_4bc4c3-e5, .wp-block-kadence-advancedheading.kt-adv-heading_4bc4c3-e5[data-kb-block=\"kb-adv-heading_4bc4c3-e5\"]{font-size:3.8rem;}}@media all and (max-width: 767px){.wp-block-kadence-advancedheading.kt-adv-heading_4bc4c3-e5, .wp-block-kadence-advancedheading.kt-adv-heading_4bc4c3-e5[data-kb-block=\"kb-adv-heading_4bc4c3-e5\"]{font-size:2.5rem;}}<\/style>\n<h1 class=\"kt-adv-heading_4bc4c3-e5 hero__title abajo--110 wp-block-kadence-advancedheading has-theme-palette-2-color has-text-color\" data-kb-block=\"kb-adv-heading_4bc4c3-e5\"><mark class=\"kt-highlight\"><mark>Con la gesti\u00f3n de Can Toni <\/mark><\/mark><br><mark class=\"kt-highlight\"><mark>d'en Jaume Negre nos sumamos <\/mark><\/mark><br><mark class=\"kt-highlight\"><mark>a la gente del campo<\/mark><\/mark><\/h1>\n<\/div><\/div>\n\n\n\n<p class=\"hero__img--author has-theme-palette-9-color has-text-color\"><span>@gen-gob<\/span><\/p>\n<\/div><\/section>\n\n\n<style>#kt-layout-id_80fac2-3b > .kt-row-column-wrap{align-content:start;}:where(#kt-layout-id_80fac2-3b > .kt-row-column-wrap) > .wp-block-kadence-column{justify-content:start;}#kt-layout-id_80fac2-3b > .kt-row-column-wrap{column-gap:var(--global-kb-gap-md, 2rem);row-gap:var(--global-kb-gap-md, 2rem);max-width:740px;margin-left:auto;margin-right:auto;padding-top:25px;padding-bottom:25px;padding-top:7.5rem;padding-bottom:7.5rem;padding-left:2rem;padding-right:2rem;grid-template-columns:minmax(0, 1fr);}#kt-layout-id_80fac2-3b > .kt-row-layout-overlay{opacity:0.30;}@media all and (max-width: 1024px){#kt-layout-id_80fac2-3b > .kt-row-column-wrap{grid-template-columns:minmax(0, 1fr);}}@media all and (max-width: 767px){#kt-layout-id_80fac2-3b > .kt-row-column-wrap{grid-template-columns:minmax(0, 1fr);}}<\/style>\n<div class=\"wp-block-kadence-rowlayout alignnone\"><div id=\"kt-layout-id_80fac2-3b\" class=\"kt-row-layout-inner kt-layout-id_80fac2-3b\"><div class=\"kt-row-column-wrap kt-has-1-columns kt-gutter-default kt-v-gutter-default kt-row-valign-top kt-row-layout-equal kt-tab-layout-inherit kt-m-colapse-left-to-right kt-mobile-layout-row\"><style>.kadence-column_0768a8-31 > .kt-inside-inner-col{border-top-width:0px;border-right-width:0px;border-bottom-width:0px;border-left-width:0px;}.kadence-column_0768a8-31 > .kt-inside-inner-col,.kadence-column_0768a8-31 > .kt-inside-inner-col:before{border-top-left-radius:0px;border-top-right-radius:0px;border-bottom-right-radius:0px;border-bottom-left-radius:0px;}.kadence-column_0768a8-31 > .kt-inside-inner-col:before{opacity:0.3;}.kadence-column_0768a8-31{position:relative;}<\/style>\n<div class=\"wp-block-kadence-column inner-column-1 kadence-column_0768a8-31\"><div class=\"kt-inside-inner-col\">\n<h2 class=\"wp-block-heading\" id=\"headline-6-227\"><strong>Custodia agraria<\/strong><\/h2>\n\n\n\n<p><\/p>\n\n\n\n<div class=\"wp-block-uagb-blockquote uagb-blockquote__outer-wrap uagb-block-e6849061 abajo--50\"><div class=\"uagb-blockquote__wrap uagb-blockquote__skin-border uagb-blockquote__stack-img-none\"><blockquote class=\"uagb-blockquote\"><div class=\"uagb-blockquote__content-wrap\"><div class=\"uagb-blockquote__content\"><p>La custodia del territorio es una filosof\u00eda de trabajo multidisciplinar que intenta generar la responsabilidad de los propietarios y los usuarios del territorio en la conservaci\u00f3n y el buen uso de la tierra y sus recursos naturales, culturales y paisaj\u00edsticos.<\/p><\/div><footer><div class=\"uagb-blockquote__author-wrap uagb-blockquote__author-at-left\"><cite class=\"uagb-blockquote__author\">XCT (Grupo de trabajo de custodia agraria)<\/cite><\/div><\/footer><\/div><\/blockquote><\/div><\/div>\n\n\n\n<p>El GEN-GOB forma parte de la Iniciativa de Custodia de Territorio de las Islas Baleares (ICTIB).<\/p>\n\n\n\n<h3 class=\"wp-block-heading\"><strong>Can Toni d\u2019en Jaume Negre<\/strong><\/h3>\n\n\n\n<p>Desde el GEN-GOB vivimos con preocupaci\u00f3n la situaci\u00f3n que sufre el campo pitiuso. Por ello, nos hemos sumado a los trabajadores del campo, y al sector agrario en general, incorporando entre nuestras l\u00edneas de trabajo la gesti\u00f3n de Can Toni d\u2019en Jaume Negre, una finca r\u00fastica en Sant Lloren\u00e7 de Bal\u00e0fia.<\/p>\n\n\n\n<p>Efectivamente, en agosto de 2011, los propietarios de Can Toni d\u2019en Jaume Negre y el GEN-GOB firmaron un acuerdo de custodia que cede, a nuestra organizaci\u00f3n, el uso y la gesti\u00f3n de esta finca durante 25 a\u00f1os (2011-2036).<\/p>\n\n\n\n<p>Desde entonces se ha llevado a cabo un intenso trabajo de recuperaci\u00f3n que nos permite, a d\u00eda de hoy, ofrecer m\u00faltiples l\u00edneas de trabajo en colaboraci\u00f3n con otras entidades agrarias locales. Tambi\u00e9n disponemos de un programa educativo propio y ofrecemos actividades dirigidas a todos los p\u00fablicos.<\/p>\n\n\n\n<p>Los principales objetivos del GEN-GOB en Can Toni d\u2019en Jaume Negre son:<\/p>\n\n\n\n<p><\/p>\n\n\n\n<div class=\"wp-block-uagb-icon-list uagb-icon-list__outer-wrap uagb-icon-list__layout-vertical uagb-block-62a3a231\"><div class=\"uagb-icon-list__wrap\">\n<div class=\"wp-block-uagb-icon-list-child uagb-icon-list-repeater uagb-icon-list__wrapper uagb-block-3a1a85ce\"><div class=\"uagb-icon-list__content-wrap\"><span class=\"uagb-icon-list__source-wrap\"><span class=\"uagb-icon-list__source-icon\"><svg xmlns=\"http:\/\/www.w3.org\/2000\/svg\" viewbox=\"0 0 512 512\"><path d=\"M256 8c137 0 248 111 248 248S393 504 256 504 8 393 8 256 119 8 256 8zm-28.9 143.6l75.5 72.4H120c-13.3 0-24 10.7-24 24v16c0 13.3 10.7 24 24 24h182.6l-75.5 72.4c-9.7 9.3-9.9 24.8-.4 34.3l11 10.9c9.4 9.4 24.6 9.4 33.9 0L404.3 273c9.4-9.4 9.4-24.6 0-33.9L271.6 106.3c-9.4-9.4-24.6-9.4-33.9 0l-11 10.9c-9.5 9.6-9.3 25.1.4 34.4z\"><\/path><\/svg><\/span><\/span><div class=\"uagb-icon-list__label-wrap\"><span class=\"uagb-icon-list__label\">Potenciar la biodiversidad y el paisaje rural<\/span><\/div><\/div><\/div>\n\n\n\n<div class=\"wp-block-uagb-icon-list-child uagb-icon-list-repeater uagb-icon-list__wrapper uagb-block-68a45780\"><div class=\"uagb-icon-list__content-wrap\"><span class=\"uagb-icon-list__source-wrap\"><span class=\"uagb-icon-list__source-icon\"><svg xmlns=\"http:\/\/www.w3.org\/2000\/svg\" viewbox=\"0 0 512 512\"><path d=\"M256 8c137 0 248 111 248 248S393 504 256 504 8 393 8 256 119 8 256 8zm-28.9 143.6l75.5 72.4H120c-13.3 0-24 10.7-24 24v16c0 13.3 10.7 24 24 24h182.6l-75.5 72.4c-9.7 9.3-9.9 24.8-.4 34.3l11 10.9c9.4 9.4 24.6 9.4 33.9 0L404.3 273c9.4-9.4 9.4-24.6 0-33.9L271.6 106.3c-9.4-9.4-24.6-9.4-33.9 0l-11 10.9c-9.5 9.6-9.3 25.1.4 34.4z\"><\/path><\/svg><\/span><\/span><div class=\"uagb-icon-list__label-wrap\"><span class=\"uagb-icon-list__label\">Educar ambientalmente, sensibilizar y fomentar las buenas pr\u00e1cticas agrarias<\/span><\/div><\/div><\/div>\n\n\n\n<div class=\"wp-block-uagb-icon-list-child uagb-icon-list-repeater uagb-icon-list__wrapper uagb-block-7f045d3c\"><div class=\"uagb-icon-list__content-wrap\"><span class=\"uagb-icon-list__source-wrap\"><span class=\"uagb-icon-list__source-icon\"><svg xmlns=\"http:\/\/www.w3.org\/2000\/svg\" viewbox=\"0 0 512 512\"><path d=\"M256 8c137 0 248 111 248 248S393 504 256 504 8 393 8 256 119 8 256 8zm-28.9 143.6l75.5 72.4H120c-13.3 0-24 10.7-24 24v16c0 13.3 10.7 24 24 24h182.6l-75.5 72.4c-9.7 9.3-9.9 24.8-.4 34.3l11 10.9c9.4 9.4 24.6 9.4 33.9 0L404.3 273c9.4-9.4 9.4-24.6 0-33.9L271.6 106.3c-9.4-9.4-24.6-9.4-33.9 0l-11 10.9c-9.5 9.6-9.3 25.1.4 34.4z\"><\/path><\/svg><\/span><\/span><div class=\"uagb-icon-list__label-wrap\"><span class=\"uagb-icon-list__label\">Colaborar con otras entidades agrarias<\/span><\/div><\/div><\/div>\n\n\n\n<div class=\"wp-block-uagb-icon-list-child uagb-icon-list-repeater uagb-icon-list__wrapper uagb-block-3c31ab5e\"><div class=\"uagb-icon-list__content-wrap\"><span class=\"uagb-icon-list__source-wrap\"><span class=\"uagb-icon-list__source-icon\"><svg xmlns=\"http:\/\/www.w3.org\/2000\/svg\" viewbox=\"0 0 512 512\"><path d=\"M256 8c137 0 248 111 248 248S393 504 256 504 8 393 8 256 119 8 256 8zm-28.9 143.6l75.5 72.4H120c-13.3 0-24 10.7-24 24v16c0 13.3 10.7 24 24 24h182.6l-75.5 72.4c-9.7 9.3-9.9 24.8-.4 34.3l11 10.9c9.4 9.4 24.6 9.4 33.9 0L404.3 273c9.4-9.4 9.4-24.6 0-33.9L271.6 106.3c-9.4-9.4-24.6-9.4-33.9 0l-11 10.9c-9.5 9.6-9.3 25.1.4 34.4z\"><\/path><\/svg><\/span><\/span><div class=\"uagb-icon-list__label-wrap\"><span class=\"uagb-icon-list__label\">Promover la custodia del territorio entre los agentes implicados y la sociedad<\/span><\/div><\/div><\/div>\n<\/div><\/div>\n\n\n\n<div class=\"wp-block-group three-images abajo--80 is-layout-flow\"><div class=\"wp-block-group__inner-container\">\n<div class=\"wp-block-uagb-columns uagb-columns__wrap uagb-columns__background-undefined uagb-columns__stack-mobile uagb-columns__valign-undefined uagb-columns__gap-0 alignundefined uagb-block-0ce1ba4e\"><div class=\"uagb-columns__overlay\"><\/div><div class=\"uagb-columns__inner-wrap uagb-columns__columns-1\">\n<div class=\"wp-block-uagb-column uagb-column__wrap uagb-column__background-undefined uagb-block-0bc9ec38\"><div class=\"uagb-column__overlay\"><\/div><div class=\"uagb-column__inner-wrap\">\n<div class=\"wp-block-group link-author__img is-layout-flow\"><div class=\"wp-block-group__inner-container\">\n<div class=\"wp-block-image nm-bot__fig\"><figure class=\"aligncenter size-full\"><a class=\"glightboxTest\" href=\"https:\/\/gengob.org\/wp-content\/uploads\/2021\/05\/Can-Toni-custodia-agraria.jpg\"><img decoding=\"async\" loading=\"lazy\" width=\"1920\" height=\"1080\" src=\"https:\/\/gengob.org\/wp-content\/uploads\/2021\/05\/Can-Toni-custodia-agraria.jpg\" alt=\"\" class=\"wp-image-584\" srcset=\"https:\/\/gengob.org\/wp-content\/uploads\/2021\/05\/Can-Toni-custodia-agraria.jpg 1920w, https:\/\/gengob.org\/wp-content\/uploads\/2021\/05\/Can-Toni-custodia-agraria-300x169.jpg 300w, https:\/\/gengob.org\/wp-content\/uploads\/2021\/05\/Can-Toni-custodia-agraria-1024x576.jpg 1024w, https:\/\/gengob.org\/wp-content\/uploads\/2021\/05\/Can-Toni-custodia-agraria-768x432.jpg 768w, https:\/\/gengob.org\/wp-content\/uploads\/2021\/05\/Can-Toni-custodia-agraria-1536x864.jpg 1536w\" sizes=\"(max-width: 1920px) 100vw, 1920px\" \/><\/a><\/figure><\/div>\n\n\n\n<p class=\"three-images__author\">@gen-gob<\/p>\n<\/div><\/div>\n<\/div><\/div>\n<\/div><\/div>\n\n\n\n<div class=\"wp-block-uagb-columns uagb-columns__wrap uagb-columns__background-undefined uagb-columns__stack-mobile uagb-columns__valign-undefined uagb-columns__gap-0 alignundefined uagb-block-57d95da4 three-images__down\"><div class=\"uagb-columns__overlay\"><\/div><div class=\"uagb-columns__inner-wrap uagb-columns__columns-2\">\n<div class=\"wp-block-uagb-column uagb-column__wrap uagb-column__background-undefined uagb-block-1e6b17bf\"><div class=\"uagb-column__overlay\"><\/div><div class=\"uagb-column__inner-wrap\">\n<div class=\"wp-block-group link-author__img is-layout-flow\"><div class=\"wp-block-group__inner-container\">\n<div class=\"wp-block-image nm-top__fig\"><figure class=\"aligncenter size-large\"><a class=\"glightboxTest\" href=\"https:\/\/gengob.org\/wp-content\/uploads\/2021\/05\/Can-toni-formacio-professional-CUSTODIA.jpg\"><img decoding=\"async\" loading=\"lazy\" width=\"1024\" height=\"640\" src=\"https:\/\/gengob.org\/wp-content\/uploads\/2021\/05\/Can-toni-formacio-professional-CUSTODIA-1024x640.jpg\" alt=\"\" class=\"wp-image-586\" srcset=\"https:\/\/gengob.org\/wp-content\/uploads\/2021\/05\/Can-toni-formacio-professional-CUSTODIA-1024x640.jpg 1024w, https:\/\/gengob.org\/wp-content\/uploads\/2021\/05\/Can-toni-formacio-professional-CUSTODIA-300x188.jpg 300w, https:\/\/gengob.org\/wp-content\/uploads\/2021\/05\/Can-toni-formacio-professional-CUSTODIA-768x480.jpg 768w, https:\/\/gengob.org\/wp-content\/uploads\/2021\/05\/Can-toni-formacio-professional-CUSTODIA-1536x960.jpg 1536w, https:\/\/gengob.org\/wp-content\/uploads\/2021\/05\/Can-toni-formacio-professional-CUSTODIA.jpg 1920w\" sizes=\"(max-width: 1024px) 100vw, 1024px\" \/><\/a><\/figure><\/div>\n\n\n\n<p class=\"three-images__author\">@gen-gob<\/p>\n<\/div><\/div>\n<\/div><\/div>\n\n\n\n<div class=\"wp-block-uagb-column uagb-column__wrap uagb-column__background-undefined uagb-block-f7fe62b1\"><div class=\"uagb-column__overlay\"><\/div><div class=\"uagb-column__inner-wrap\">\n<div class=\"wp-block-group link-author__img is-layout-flow\"><div class=\"wp-block-group__inner-container\">\n<div class=\"wp-block-image nm-top__fig\"><figure class=\"aligncenter size-large\"><a class=\"glightboxTest\" href=\"https:\/\/gengob.org\/wp-content\/uploads\/2021\/05\/Cant-Toni-formacio-empelts-CUSTODIA.jpg\"><img decoding=\"async\" loading=\"lazy\" width=\"1024\" height=\"640\" src=\"https:\/\/gengob.org\/wp-content\/uploads\/2021\/05\/Cant-Toni-formacio-empelts-CUSTODIA-1024x640.jpg\" alt=\"\" class=\"wp-image-587\" srcset=\"https:\/\/gengob.org\/wp-content\/uploads\/2021\/05\/Cant-Toni-formacio-empelts-CUSTODIA-1024x640.jpg 1024w, https:\/\/gengob.org\/wp-content\/uploads\/2021\/05\/Cant-Toni-formacio-empelts-CUSTODIA-300x188.jpg 300w, https:\/\/gengob.org\/wp-content\/uploads\/2021\/05\/Cant-Toni-formacio-empelts-CUSTODIA-768x480.jpg 768w, https:\/\/gengob.org\/wp-content\/uploads\/2021\/05\/Cant-Toni-formacio-empelts-CUSTODIA-1536x960.jpg 1536w, https:\/\/gengob.org\/wp-content\/uploads\/2021\/05\/Cant-Toni-formacio-empelts-CUSTODIA.jpg 1920w\" sizes=\"(max-width: 1024px) 100vw, 1024px\" \/><\/a><\/figure><\/div>\n\n\n\n<p class=\"three-images__author\">@gen-gob<\/p>\n<\/div><\/div>\n<\/div><\/div>\n<\/div><\/div>\n<\/div><\/div>\n\n\n\n<p><\/p>\n\n\n\n<p><strong>M\u00e1s informaci\u00f3n en el&nbsp;<a rel=\"noreferrer noopener\" href=\"http:\/\/cantonidenjaumenegre.blogspot.com\/\" target=\"_blank\">blog de Can Toni d&#8217;en Jaume Negre<\/a><\/strong><\/p>\n\n\n\n<p>Y en Facebook:<\/p>\n\n\n\n<div class=\"wp-block-group is-layout-flow\"><div class=\"wp-block-group__inner-container\">\n<ul class=\"wp-block-social-links alignleft has-large-icon-size is-style-logos-only agraria-social is-layout-flex\"><li class=\"wp-social-link wp-social-link-facebook wp-block-social-link\"><a href=\"https:\/\/www.facebook.com\/Servei-dEducaci%C3%B3-Ambiental-GEN-GOB-573550023326819\/\" class=\"wp-block-social-link-anchor\"><svg width=\"24\" height=\"24\" viewbox=\"0 0 24 24\" version=\"1.1\" xmlns=\"http:\/\/www.w3.org\/2000\/svg\" aria-hidden=\"true\" focusable=\"false\"><path d=\"M12 2C6.5 2 2 6.5 2 12c0 5 3.7 9.1 8.4 9.9v-7H7.9V12h2.5V9.8c0-2.5 1.5-3.9 3.8-3.9 1.1 0 2.2.2 2.2.2v2.5h-1.3c-1.2 0-1.6.8-1.6 1.6V12h2.8l-.4 2.9h-2.3v7C18.3 21.1 22 17 22 12c0-5.5-4.5-10-10-10z\"><\/path><\/svg><span class=\"wp-block-social-link-label screen-reader-text\">Facebook<\/span><\/a><\/li><\/ul>\n<\/div><\/div>\n\n\n\n<p><\/p>\n\n\n\n<p class=\"abajo--110\"><strong>Paseo en drone&nbsp;<a rel=\"noreferrer noopener\" href=\"https:\/\/www.droneandmultimedia.com\/project\/tour-virtual-finca-rustica-desde-dron\/\" target=\"_blank\">en este enlace<\/a><\/strong><\/p>\n\n\n\n<div class=\"wp-block-group link-author__img is-layout-flow\"><div class=\"wp-block-group__inner-container\">\n<div class=\"wp-block-image\"><figure class=\"aligncenter size-large\"><a href=\"https:\/\/www.droneandmultimedia.com\/project\/tour-virtual-finca-rustica-desde-dron\/\" target=\"_blank\" rel=\"noopener\"><img decoding=\"async\" loading=\"lazy\" width=\"1024\" height=\"576\" src=\"https:\/\/gengob.org\/wp-content\/uploads\/2021\/05\/Can-Toni-Jaume-Negre-2-1024x576.jpg\" alt=\"\" class=\"wp-image-580\" srcset=\"https:\/\/gengob.org\/wp-content\/uploads\/2021\/05\/Can-Toni-Jaume-Negre-2-1024x576.jpg 1024w, https:\/\/gengob.org\/wp-content\/uploads\/2021\/05\/Can-Toni-Jaume-Negre-2-300x169.jpg 300w, https:\/\/gengob.org\/wp-content\/uploads\/2021\/05\/Can-Toni-Jaume-Negre-2-768x432.jpg 768w, https:\/\/gengob.org\/wp-content\/uploads\/2021\/05\/Can-Toni-Jaume-Negre-2-1536x864.jpg 1536w, https:\/\/gengob.org\/wp-content\/uploads\/2021\/05\/Can-Toni-Jaume-Negre-2.jpg 1920w\" sizes=\"(max-width: 1024px) 100vw, 1024px\" \/><\/a><\/figure><\/div>\n\n\n\n<p class=\"author-img\">@Jordi Serapio<\/p>\n<\/div><\/div>\n<\/div><\/div>\n<\/div><\/div><\/div>\n\n\n\n<p><\/p>","protected":false},"excerpt":{"rendered":"<p>Cust\u00f2dia agr\u00e0ria GEN-GOB forma part de la Iniciativa de Cust\u00f2dia de Territori de les Illes Balears (ICTIB). Can Toni d\u2019en Jaume Negre Des del GEN-GOB vivim amb preocupaci\u00f3 la situaci\u00f3 que pateix el camp piti\u00fas. Per aix\u00f2, ens hem sumat a la gent del camp, i al sector agrari en general, incorporant entre les nostres&#8230;<\/p>","protected":false},"author":1,"featured_media":0,"parent":0,"menu_order":0,"comment_status":"closed","ping_status":"closed","template":"","meta":{"_uag_custom_page_level_css":"","_kad_post_transparent":"enable","_kad_post_title":"hide","_kad_post_layout":"fullwidth","_kad_post_sidebar_id":"","_kad_post_content_style":"unboxed","_kad_post_vertical_padding":"","_kad_post_feature":"","_kad_post_feature_position":"","_kad_post_header":false,"_kad_post_footer":false},"uagb_featured_image_src":{"full":false,"thumbnail":false,"medium":false,"medium_large":false,"large":false,"1536x1536":false,"2048x2048":false,"trp-custom-language-flag":false},"uagb_author_info":{"display_name":"GGA","author_link":"https:\/\/gengob.org\/es\/author\/admin\/"},"uagb_comment_info":0,"uagb_excerpt":"Cust\u00f2dia agr\u00e0ria GEN-GOB forma part de la Iniciativa de Cust\u00f2dia de Territori de les Illes Balears (ICTIB). Can Toni d\u2019en Jaume Negre Des del GEN-GOB vivim amb preocupaci\u00f3 la situaci\u00f3 que pateix el camp piti\u00fas. Per aix\u00f2, ens hem sumat a la gent del camp, i al sector agrari en general, incorporant entre les nostres...","_links":{"self":[{"href":"https:\/\/gengob.org\/es\/wp-json\/wp\/v2\/pages\/551"}],"collection":[{"href":"https:\/\/gengob.org\/es\/wp-json\/wp\/v2\/pages"}],"about":[{"href":"https:\/\/gengob.org\/es\/wp-json\/wp\/v2\/types\/page"}],"author":[{"embeddable":true,"href":"https:\/\/gengob.org\/es\/wp-json\/wp\/v2\/users\/1"}],"replies":[{"embeddable":true,"href":"https:\/\/gengob.org\/es\/wp-json\/wp\/v2\/comments?post=551"}],"version-history":[{"count":0,"href":"https:\/\/gengob.org\/es\/wp-json\/wp\/v2\/pages\/551\/revisions"}],"wp:attachment":[{"href":"https:\/\/gengob.org\/es\/wp-json\/wp\/v2\/media?parent=551"}],"curies":[{"name":"wp","href":"https:\/\/api.w.org\/{rel}","templated":true}]}}