{"id":604,"date":"2021-05-02T11:27:32","date_gmt":"2021-05-02T11:27:32","guid":{"rendered":"https:\/\/gengob.org\/\/educacio-ambiental-copy\/"},"modified":"2022-03-15T20:58:44","modified_gmt":"2022-03-15T19:58:44","slug":"estudi-i-recuperacio-de-biodiversitat","status":"publish","type":"page","link":"https:\/\/gengob.org\/es\/estudi-i-recuperacio-de-biodiversitat\/","title":{"rendered":"Estudi i recuperaci\u00f3 de biodiversitat"},"content":{"rendered":"<section class=\"wp-block-uagb-section uagb-section__wrap uagb-section__background-image uagb-block-de753e77 hero\"><div class=\"uagb-section__overlay\"><\/div><div class=\"uagb-section__inner-wrap\">\n<div class=\"wp-block-group hero__cta is-layout-flow\"><div class=\"wp-block-group__inner-container\"><style>.wp-block-kadence-advancedheading.kt-adv-heading_4bc4c3-e5, .wp-block-kadence-advancedheading.kt-adv-heading_4bc4c3-e5[data-kb-block=\"kb-adv-heading_4bc4c3-e5\"]{font-style:normal;}.wp-block-kadence-advancedheading.kt-adv-heading_4bc4c3-e5 mark, .wp-block-kadence-advancedheading.kt-adv-heading_4bc4c3-e5[data-kb-block=\"kb-adv-heading_4bc4c3-e5\"] mark{font-style:normal;color:#f76a0c;padding-top:0px;padding-right:0px;padding-bottom:0px;padding-left:0px;}@media all and (max-width: 1024px){.wp-block-kadence-advancedheading.kt-adv-heading_4bc4c3-e5, .wp-block-kadence-advancedheading.kt-adv-heading_4bc4c3-e5[data-kb-block=\"kb-adv-heading_4bc4c3-e5\"]{font-size:3.8rem;}}@media all and (max-width: 767px){.wp-block-kadence-advancedheading.kt-adv-heading_4bc4c3-e5, .wp-block-kadence-advancedheading.kt-adv-heading_4bc4c3-e5[data-kb-block=\"kb-adv-heading_4bc4c3-e5\"]{font-size:2.5rem;}}<\/style>\n<h1 class=\"kt-adv-heading_4bc4c3-e5 hero__title abajo--110 wp-block-kadence-advancedheading has-theme-palette-2-color has-text-color\" data-kb-block=\"kb-adv-heading_4bc4c3-e5\"><mark class=\"kt-highlight\"><mark>Estudio y recuperaci\u00f3n <\/mark><\/mark><br><mark class=\"kt-highlight\"><mark>de biodiversidad<\/mark><\/mark><\/h1>\n\n\n\n<p><\/p>\n<\/div><\/div>\n\n\n\n<p class=\"hero__img--author has-theme-palette-9-color has-text-color\"><span>@mari\u00e0 mar\u00ed<\/span><\/p>\n<\/div><\/section>\n\n\n<style>#kt-layout-id_80fac2-3b > .kt-row-column-wrap{align-content:start;}:where(#kt-layout-id_80fac2-3b > .kt-row-column-wrap) > .wp-block-kadence-column{justify-content:start;}#kt-layout-id_80fac2-3b > .kt-row-column-wrap{column-gap:var(--global-kb-gap-md, 2rem);row-gap:var(--global-kb-gap-md, 2rem);max-width:740px;margin-left:auto;margin-right:auto;padding-top:25px;padding-bottom:25px;padding-top:7.5rem;padding-bottom:7.5rem;padding-left:2rem;padding-right:2rem;grid-template-columns:minmax(0, 1fr);}#kt-layout-id_80fac2-3b > .kt-row-layout-overlay{opacity:0.30;}@media all and (max-width: 1024px){#kt-layout-id_80fac2-3b > .kt-row-column-wrap{grid-template-columns:minmax(0, 1fr);}}@media all and (max-width: 767px){#kt-layout-id_80fac2-3b > .kt-row-column-wrap{grid-template-columns:minmax(0, 1fr);}}<\/style>\n<div class=\"wp-block-kadence-rowlayout alignnone\"><div id=\"kt-layout-id_80fac2-3b\" class=\"kt-row-layout-inner kt-layout-id_80fac2-3b\"><div class=\"kt-row-column-wrap kt-has-1-columns kt-gutter-default kt-v-gutter-default kt-row-valign-top kt-row-layout-equal kt-tab-layout-inherit kt-m-colapse-left-to-right kt-mobile-layout-row\"><style>.kadence-column_0768a8-31 > .kt-inside-inner-col{border-top-width:0px;border-right-width:0px;border-bottom-width:0px;border-left-width:0px;}.kadence-column_0768a8-31 > .kt-inside-inner-col,.kadence-column_0768a8-31 > .kt-inside-inner-col:before{border-top-left-radius:0px;border-top-right-radius:0px;border-bottom-right-radius:0px;border-bottom-left-radius:0px;}.kadence-column_0768a8-31 > .kt-inside-inner-col:before{opacity:0.3;}.kadence-column_0768a8-31{position:relative;}<\/style>\n<div class=\"wp-block-kadence-column inner-column-1 kadence-column_0768a8-31\"><div class=\"kt-inside-inner-col\">\n<h2 class=\"wp-block-heading\" id=\"anellament-d-aus-primera-activitat-del-gen\">Anillamiento de aves, primera actividad del GEN<\/h2>\n\n\n\n<p>Creado en 1990, el objetivo principal del Equip de Natura del GEN-GOB es, ya desde sus or\u00edgenes, recoger informaci\u00f3n sobre el estado de la biodiversidad pitiusa, de forma especial en el campo de la ornitolog\u00eda. En esta l\u00ednea, dada la falta de anilladores titulados en Pitiusas, en 1991 y 1992 se realiz\u00f3 un curso de formaci\u00f3n de anilladores cient\u00edficos de aves, en el que participaran m\u00e1s de doce naturalistas, de ellos, cuatro obtuvieron el carn\u00e9 de anillador. En la actualidad dos de estos anilladores forman parte del Equip de Natura del GEN-GOB.<\/p>\n\n\n\n<figure class=\"wp-block-embed is-type-video is-provider-youtube wp-block-embed-youtube abajo--50 wp-embed-aspect-16-9 wp-has-aspect-ratio\"><div class=\"wp-block-embed__wrapper\">\n<iframe loading=\"lazy\" title=\"Anellament d&#039;aus a Can Toni d&#039;en Jaume Negre\" width=\"720\" height=\"405\" src=\"https:\/\/www.youtube.com\/embed\/Fypcn3-24NA?feature=oembed\" frameborder=\"0\" allow=\"accelerometer; autoplay; clipboard-write; encrypted-media; gyroscope; picture-in-picture\" allowfullscreen><\/iframe>\n<\/div><\/figure>\n\n\n\n<p>Entre los trabajos regulares que lleva a t\u00e9rmino el Equip de Natura cabe destacar: censos y seguimiento de las aves acu\u00e1ticas nidificantes en el Parque Natural de las Salinas de Eivissa y Formentera, censos de aves acu\u00e1ticas y lim\u00edcolas invernantes, seguimiento de las poblaciones de flamencos (<em>Phoenicopterus roseus<\/em>) y las que se zampullen (<em>Podiceps nigricollis<\/em>)  en el Parque natural de las Salinas, y recuentos primaverales y de oto\u00f1o de pardela balear (<em>Puffinus mauretanicus<\/em>). Digno de menci\u00f3n, tambi\u00e9n, es la creaci\u00f3n de una estaci\u00f3n de esfuerzo constante en Can Toni d\u2019en Jaume Negre (<a href=\"https:\/\/gengob.org\/es\/custodia-agraria\/\">la finca en custodia que gestiona el GEN<\/a>). El Equip de Natura colabora, adem\u00e1s, en la publicaci\u00f3n del Anuario Ornitol\u00f3gico de las Illes Balears.<\/p>\n\n\n\n<div class=\"wp-block-group link-author__img abajo--80 is-layout-flow\"><div class=\"wp-block-group__inner-container\">\n<div class=\"wp-block-image\"><figure class=\"aligncenter size-large\"><a class=\"glightboxTest\" href=\"https:\/\/gengob.org\/wp-content\/uploads\/2021\/05\/Gavina-de-bec-vermell-MM-hero.jpg\"><img decoding=\"async\" loading=\"lazy\" width=\"1024\" height=\"682\" src=\"https:\/\/gengob.org\/wp-content\/uploads\/2021\/05\/Gavina-de-bec-vermell-MM-hero-1024x682.jpg\" alt=\"\" class=\"wp-image-607\" srcset=\"https:\/\/gengob.org\/wp-content\/uploads\/2021\/05\/Gavina-de-bec-vermell-MM-hero-1024x682.jpg 1024w, https:\/\/gengob.org\/wp-content\/uploads\/2021\/05\/Gavina-de-bec-vermell-MM-hero-300x200.jpg 300w, https:\/\/gengob.org\/wp-content\/uploads\/2021\/05\/Gavina-de-bec-vermell-MM-hero-768x511.jpg 768w, https:\/\/gengob.org\/wp-content\/uploads\/2021\/05\/Gavina-de-bec-vermell-MM-hero-1536x1022.jpg 1536w, https:\/\/gengob.org\/wp-content\/uploads\/2021\/05\/Gavina-de-bec-vermell-MM-hero.jpg 1920w\" sizes=\"(max-width: 1024px) 100vw, 1024px\" \/><\/a><\/figure><\/div>\n\n\n\n<p class=\"author-img\">@gen-gob<\/p>\n<\/div><\/div>\n\n\n\n<p>Son muchas las \u00e1reas que ha explorado el Equip de Natura, por ejemplo: trabajos para conocer la distribuci\u00f3n de los quir\u00f3pteros en la isla de Eivissa y de las rapaces nocturnas en Pitiusas, estudios sobre los p\u00f3lenes f\u00f3siles en Ses Feixes, estudios sobre la fauna entomol\u00f3gica y malacol\u00f3gica los Illots de Ponent y Ses Feixes del Prat de Vila y del Prat de ses Monges, etc.<\/p>\n\n\n\n<p>Adem\u00e1s, el GEN-GOB favorece la biodiversidad en Can Toni d\u2019en Jaume Negre a partir de la recuperaci\u00f3n y del manejo ecol\u00f3gico de la finca, con el restablecimiento de antiguas \u00e1reas de cultivo, la plantaci\u00f3n de \u00e1rboles y plantas aut\u00f3ctonas, la apicultura, el N\u00facleo Zool\u00f3gico de tortuga mediterr\u00e1nea, etc. Tambi\u00e9n en Can Toni se mantienen l\u00edneas de control de densidades de diferentes especies, por ejemplo, con el itinerario de censo dentro del Programa de Seguimiento de Anfibios y Reptiles de Espa\u00f1a (S. A. R. E. -&nbsp;<a href=\"http:\/\/siare.herpetologica.es\/sare\" target=\"_blank\" rel=\"noreferrer noopener\">que se puede consultar aqu\u00ed<\/a>&nbsp;), que nos permite controlar la evoluci\u00f3n de la poblaci\u00f3n de lagartijas y serpientes o, con el itinerario adscrito al Programa Seguimiento de mariposas diurnas de Catalu\u00f1a (CBMS -<em>Catalan Butterfly Monitoring Scheme<\/em>\u2013).<\/p>\n\n\n<style>.wp-block-kadence-advancedheading.kt-adv-heading_b3a9f0-ce, .wp-block-kadence-advancedheading.kt-adv-heading_b3a9f0-ce[data-kb-block=\"kb-adv-heading_b3a9f0-ce\"]{line-height:104px;font-style:normal;}.wp-block-kadence-advancedheading.kt-adv-heading_b3a9f0-ce mark, .wp-block-kadence-advancedheading.kt-adv-heading_b3a9f0-ce[data-kb-block=\"kb-adv-heading_b3a9f0-ce\"] mark{font-style:normal;color:#f76a0c;padding-top:0px;padding-right:0px;padding-bottom:0px;padding-left:0px;}<\/style>\n<h2 class=\"kt-adv-heading_b3a9f0-ce wp-block-kadence-advancedheading\" data-kb-block=\"kb-adv-heading_b3a9f0-ce\"><strong>Llamada a colaborar para salvar la sargantana<\/strong><\/h2>\n\n\n\n<figure class=\"wp-block-image size-large box-shadow__img\"><a href=\"https:\/\/gengob.org\/es\/estudi-i-recuperacio-de-biodiversitat\/sargantana-pitiusa\/\"><img decoding=\"async\" loading=\"lazy\" width=\"1024\" height=\"668\" src=\"https:\/\/gengob.org\/wp-content\/uploads\/2022\/03\/sos-SARGANTANES-1024x668.png\" alt=\"\" class=\"wp-image-1677\" srcset=\"https:\/\/gengob.org\/wp-content\/uploads\/2022\/03\/sos-SARGANTANES-1024x668.png 1024w, https:\/\/gengob.org\/wp-content\/uploads\/2022\/03\/sos-SARGANTANES-300x196.png 300w, https:\/\/gengob.org\/wp-content\/uploads\/2022\/03\/sos-SARGANTANES-768x501.png 768w, https:\/\/gengob.org\/wp-content\/uploads\/2022\/03\/sos-SARGANTANES-18x12.png 18w, https:\/\/gengob.org\/wp-content\/uploads\/2022\/03\/sos-SARGANTANES.png 1444w\" sizes=\"(max-width: 1024px) 100vw, 1024px\" \/><\/a><\/figure>\n<\/div><\/div>\n<\/div><\/div><\/div>\n\n\n\n<p><\/p>","protected":false},"excerpt":{"rendered":"<p>Anellament d&#8217;aus, primera activitat del GEN Creat l\u2019any 1990, l\u2019objectiu principal de l\u2019Equip de Natura del GEN-GOB \u00e9s, des dels seus or\u00edgens, recollir informaci\u00f3 sobre l\u2019estat de la biodiversitat piti\u00fcsa, de forma especial en el camp de l\u2019ornitologia. En aquesta l\u00ednia, atesa la falta d\u2019anelladors titulats a les Piti\u00fcses, durant els anys 1991 i 1992&#8230;<\/p>","protected":false},"author":1,"featured_media":0,"parent":0,"menu_order":0,"comment_status":"closed","ping_status":"closed","template":"","meta":{"_uag_custom_page_level_css":"","_kad_post_transparent":"enable","_kad_post_title":"hide","_kad_post_layout":"fullwidth","_kad_post_sidebar_id":"","_kad_post_content_style":"unboxed","_kad_post_vertical_padding":"","_kad_post_feature":"","_kad_post_feature_position":"","_kad_post_header":false,"_kad_post_footer":false},"uagb_featured_image_src":{"full":false,"thumbnail":false,"medium":false,"medium_large":false,"large":false,"1536x1536":false,"2048x2048":false,"trp-custom-language-flag":false},"uagb_author_info":{"display_name":"GGA","author_link":"https:\/\/gengob.org\/es\/author\/admin\/"},"uagb_comment_info":0,"uagb_excerpt":"Anellament d&#8217;aus, primera activitat del GEN Creat l\u2019any 1990, l\u2019objectiu principal de l\u2019Equip de Natura del GEN-GOB \u00e9s, des dels seus or\u00edgens, recollir informaci\u00f3 sobre l\u2019estat de la biodiversitat piti\u00fcsa, de forma especial en el camp de l\u2019ornitologia. En aquesta l\u00ednia, atesa la falta d\u2019anelladors titulats a les Piti\u00fcses, durant els anys 1991 i 1992...","_links":{"self":[{"href":"https:\/\/gengob.org\/es\/wp-json\/wp\/v2\/pages\/604"}],"collection":[{"href":"https:\/\/gengob.org\/es\/wp-json\/wp\/v2\/pages"}],"about":[{"href":"https:\/\/gengob.org\/es\/wp-json\/wp\/v2\/types\/page"}],"author":[{"embeddable":true,"href":"https:\/\/gengob.org\/es\/wp-json\/wp\/v2\/users\/1"}],"replies":[{"embeddable":true,"href":"https:\/\/gengob.org\/es\/wp-json\/wp\/v2\/comments?post=604"}],"version-history":[{"count":0,"href":"https:\/\/gengob.org\/es\/wp-json\/wp\/v2\/pages\/604\/revisions"}],"wp:attachment":[{"href":"https:\/\/gengob.org\/es\/wp-json\/wp\/v2\/media?parent=604"}],"curies":[{"name":"wp","href":"https:\/\/api.w.org\/{rel}","templated":true}]}}