{"id":613,"date":"2021-05-02T11:38:43","date_gmt":"2021-05-02T11:38:43","guid":{"rendered":"https:\/\/gengob.org\/\/que-defensam-copy\/"},"modified":"2021-05-02T11:43:20","modified_gmt":"2021-05-02T11:43:20","slug":"treball-en-xarxa","status":"publish","type":"page","link":"https:\/\/gengob.org\/es\/treball-en-xarxa\/","title":{"rendered":"Trabajo en red"},"content":{"rendered":"<section class=\"wp-block-uagb-section uagb-section__wrap uagb-section__background-image uagb-block-8fa674c2 hero\"><div class=\"uagb-section__overlay\"><\/div><div class=\"uagb-section__inner-wrap\">\n<div class=\"wp-block-group hero__cta\"><div class=\"wp-block-group__inner-container is-layout-flow\"><style>.wp-block-kadence-advancedheading.kt-adv-heading_4bc4c3-e5, .wp-block-kadence-advancedheading.kt-adv-heading_4bc4c3-e5[data-kb-block=\"kb-adv-heading_4bc4c3-e5\"]{font-style:normal;}.wp-block-kadence-advancedheading.kt-adv-heading_4bc4c3-e5 mark, .wp-block-kadence-advancedheading.kt-adv-heading_4bc4c3-e5[data-kb-block=\"kb-adv-heading_4bc4c3-e5\"] mark{font-style:normal;color:#f76a0c;padding-top:0px;padding-right:0px;padding-bottom:0px;padding-left:0px;}@media all and (max-width: 1024px){.wp-block-kadence-advancedheading.kt-adv-heading_4bc4c3-e5, .wp-block-kadence-advancedheading.kt-adv-heading_4bc4c3-e5[data-kb-block=\"kb-adv-heading_4bc4c3-e5\"]{font-size:3.8rem;}}@media all and (max-width: 767px){.wp-block-kadence-advancedheading.kt-adv-heading_4bc4c3-e5, .wp-block-kadence-advancedheading.kt-adv-heading_4bc4c3-e5[data-kb-block=\"kb-adv-heading_4bc4c3-e5\"]{font-size:2.5rem;}}<\/style>\n<h1 class=\"kt-adv-heading_4bc4c3-e5 hero__title wp-block-kadence-advancedheading has-theme-palette-2-color has-text-color\" data-kb-block=\"kb-adv-heading_4bc4c3-e5\"><mark class=\"kt-highlight\"><mark>Trabajo <\/mark><\/mark><br><mark class=\"kt-highlight\"><mark>en red<\/mark><\/mark><\/h1>\n<\/div><\/div>\n\n\n\n<p class=\"hero__img--author has-theme-palette-9-color has-text-color\"><span>@mari\u00e0 mar\u00ed<\/span><\/p>\n<\/div><\/section>\n\n\n<style>#kt-layout-id_113345-5c > .kt-row-column-wrap{align-content:start;}:where(#kt-layout-id_113345-5c > .kt-row-column-wrap) > .wp-block-kadence-column{justify-content:start;}#kt-layout-id_113345-5c > .kt-row-column-wrap{column-gap:var(--global-kb-gap-md, 2rem);row-gap:var(--global-kb-gap-md, 2rem);max-width:740px;margin-left:auto;margin-right:auto;padding-top:25px;padding-bottom:25px;padding-top:7.5rem;padding-bottom:7.5rem;padding-left:2rem;padding-right:2rem;grid-template-columns:minmax(0, 1fr);}#kt-layout-id_113345-5c > .kt-row-layout-overlay{opacity:0.30;}@media all and (max-width: 1024px){#kt-layout-id_113345-5c > .kt-row-column-wrap{grid-template-columns:minmax(0, 1fr);}}@media all and (max-width: 767px){#kt-layout-id_113345-5c > .kt-row-column-wrap{grid-template-columns:minmax(0, 1fr);}}<\/style>\n<div class=\"wp-block-kadence-rowlayout alignnone\"><div id=\"kt-layout-id_113345-5c\" class=\"kt-row-layout-inner kt-layout-id_113345-5c\"><div class=\"kt-row-column-wrap kt-has-1-columns kt-gutter-default kt-v-gutter-default kt-row-valign-top kt-row-layout-equal kt-tab-layout-inherit kt-m-colapse-left-to-right kt-mobile-layout-row\"><style>.kadence-column_285e8f-54 > .kt-inside-inner-col{border-top-width:0px;border-right-width:0px;border-bottom-width:0px;border-left-width:0px;}.kadence-column_285e8f-54 > .kt-inside-inner-col,.kadence-column_285e8f-54 > .kt-inside-inner-col:before{border-top-left-radius:0px;border-top-right-radius:0px;border-bottom-right-radius:0px;border-bottom-left-radius:0px;}.kadence-column_285e8f-54 > .kt-inside-inner-col:before{opacity:0.3;}.kadence-column_285e8f-54{position:relative;}<\/style>\n<div class=\"wp-block-kadence-column inner-column-1 kadence-column_285e8f-54\"><div class=\"kt-inside-inner-col\">\n<h2 class=\"wp-block-heading\"><strong>Trabajo en red<\/strong><\/h2>\n\n\n\n<p>El GEN-GOB forma parte, y colabora, con diferentes plataformas: Alianza Mar Blava, Alianza por el Agua, Eivissa y Formentera sin Pl\u00e1stico, Plataforma para la Reducci\u00f3n de Residuos, Mesa interadministrativa del Fondeo, etc.<\/p>\n\n\n\n<p>El \u00c1rea marina del GEN-GOB trabaja el programa&nbsp;<a href=\"https:\/\/lamar.gengob.org\/es\/\" target=\"_blank\" rel=\"noreferrer noopener\">La Mar, una responsabilidad compartida<\/a>&nbsp;utilizando la f\u00f3rmula de la participaci\u00f3n y el consenso entre los agentes sociales implicados como la mejor f\u00f3rmula para lograr el desarrollo de pol\u00edticas perdurables. Con este objetivo, el GEN-GOB tiene firmado un acuerdo de colaboraci\u00f3n con la Sociedad para el Desarrollo de las Comunidades Costeras (SOLDECOCOS), ONG experta en procesos de participaci\u00f3n y dinamizaci\u00f3n social.<\/p>\n\n\n\n<p>El programa de custodia agraria en Can Toni d\u2019en Jaume Negre incorpora en la finca a otras asociaciones y colectivos vinculados con el mundo agrario insular.<\/p>\n\n\n\n<p>Todas estas l\u00edneas de trabajo tienen un punto clave en com\u00fan, la generaci\u00f3n de sinergias y el trabajo en red.<\/p>\n\n\n\n<div class=\"wp-block-group link-author__img\"><div class=\"wp-block-group__inner-container is-layout-flow\">\n<div class=\"wp-block-image\"><figure class=\"aligncenter size-large\"><a class=\"glightboxTest\" href=\"https:\/\/gengob.org\/wp-content\/uploads\/2021\/05\/MTM_ES_XARCO-SOLEDAD-TORRES.jpg\"><img decoding=\"async\" loading=\"lazy\" width=\"1024\" height=\"685\" src=\"https:\/\/gengob.org\/wp-content\/uploads\/2021\/05\/MTM_ES_XARCO-SOLEDAD-TORRES-1024x685.jpg\" alt=\"\" class=\"wp-image-616\" srcset=\"https:\/\/gengob.org\/wp-content\/uploads\/2021\/05\/MTM_ES_XARCO-SOLEDAD-TORRES-1024x685.jpg 1024w, https:\/\/gengob.org\/wp-content\/uploads\/2021\/05\/MTM_ES_XARCO-SOLEDAD-TORRES-300x201.jpg 300w, https:\/\/gengob.org\/wp-content\/uploads\/2021\/05\/MTM_ES_XARCO-SOLEDAD-TORRES-768x514.jpg 768w, https:\/\/gengob.org\/wp-content\/uploads\/2021\/05\/MTM_ES_XARCO-SOLEDAD-TORRES-1536x1028.jpg 1536w, https:\/\/gengob.org\/wp-content\/uploads\/2021\/05\/MTM_ES_XARCO-SOLEDAD-TORRES.jpg 1920w\" sizes=\"(max-width: 1024px) 100vw, 1024px\" \/><\/a><\/figure><\/div>\n\n\n\n<p class=\"author-img\">@SOLEDAD TORRES<\/p>\n<\/div><\/div>\n<\/div><\/div>\n<\/div><\/div><\/div>\n\n\n\n<p><\/p>","protected":false},"excerpt":{"rendered":"<p>Treball en xarxa El GEN-GOB forma part i col\u00b7labora amb diferents plataformes: l\u2019Alian\u00e7a Mar Blava, l\u2019Alian\u00e7a per l\u2019Aigua, Eivissa i Formentera sense Pl\u00e0stic, Observadors del Mar, la Plataforma per a la Reducci\u00f3 de Residus, la Taula interadministrativa del Fondeig, etc. L\u2019\u00c0rea marina del GEN-GOB treballa el programa&nbsp;La Mar, una responsabilitat compartida&nbsp;emprant la f\u00f3rmula de la&#8230;<\/p>","protected":false},"author":1,"featured_media":0,"parent":0,"menu_order":0,"comment_status":"closed","ping_status":"closed","template":"","meta":{"_uag_custom_page_level_css":"","_kad_post_transparent":"enable","_kad_post_title":"hide","_kad_post_layout":"fullwidth","_kad_post_sidebar_id":"","_kad_post_content_style":"unboxed","_kad_post_vertical_padding":"","_kad_post_feature":"","_kad_post_feature_position":"","_kad_post_header":false,"_kad_post_footer":false},"uagb_featured_image_src":{"full":false,"thumbnail":false,"medium":false,"medium_large":false,"large":false,"1536x1536":false,"2048x2048":false,"trp-custom-language-flag":false},"uagb_author_info":{"display_name":"GGA","author_link":"https:\/\/gengob.org\/es\/author\/admin\/"},"uagb_comment_info":0,"uagb_excerpt":"Treball en xarxa El GEN-GOB forma part i col\u00b7labora amb diferents plataformes: l\u2019Alian\u00e7a Mar Blava, l\u2019Alian\u00e7a per l\u2019Aigua, Eivissa i Formentera sense Pl\u00e0stic, Observadors del Mar, la Plataforma per a la Reducci\u00f3 de Residus, la Taula interadministrativa del Fondeig, etc. L\u2019\u00c0rea marina del GEN-GOB treballa el programa&nbsp;La Mar, una responsabilitat compartida&nbsp;emprant la f\u00f3rmula de la...","_links":{"self":[{"href":"https:\/\/gengob.org\/es\/wp-json\/wp\/v2\/pages\/613"}],"collection":[{"href":"https:\/\/gengob.org\/es\/wp-json\/wp\/v2\/pages"}],"about":[{"href":"https:\/\/gengob.org\/es\/wp-json\/wp\/v2\/types\/page"}],"author":[{"embeddable":true,"href":"https:\/\/gengob.org\/es\/wp-json\/wp\/v2\/users\/1"}],"replies":[{"embeddable":true,"href":"https:\/\/gengob.org\/es\/wp-json\/wp\/v2\/comments?post=613"}],"version-history":[{"count":0,"href":"https:\/\/gengob.org\/es\/wp-json\/wp\/v2\/pages\/613\/revisions"}],"wp:attachment":[{"href":"https:\/\/gengob.org\/es\/wp-json\/wp\/v2\/media?parent=613"}],"curies":[{"name":"wp","href":"https:\/\/api.w.org\/{rel}","templated":true}]}}