{"id":637,"date":"2021-05-02T14:23:05","date_gmt":"2021-05-02T14:23:05","guid":{"rendered":"https:\/\/gengob.org\/\/fes-ten-soci-copy\/"},"modified":"2021-05-02T14:30:56","modified_gmt":"2021-05-02T14:30:56","slug":"fes-un-donatiu","status":"publish","type":"page","link":"https:\/\/gengob.org\/es\/fes-un-donatiu\/","title":{"rendered":"Haz un donativo"},"content":{"rendered":"<section class=\"wp-block-uagb-section uagb-section__wrap uagb-section__background-image uagb-block-062e73ff hero\"><div class=\"uagb-section__overlay\"><\/div><div class=\"uagb-section__inner-wrap\">\n<div class=\"wp-block-group hero__cta\"><div class=\"wp-block-group__inner-container is-layout-flow\"><style>.wp-block-kadence-advancedheading.kt-adv-heading_4bc4c3-e5, .wp-block-kadence-advancedheading.kt-adv-heading_4bc4c3-e5[data-kb-block=\"kb-adv-heading_4bc4c3-e5\"]{font-style:normal;}.wp-block-kadence-advancedheading.kt-adv-heading_4bc4c3-e5 mark, .wp-block-kadence-advancedheading.kt-adv-heading_4bc4c3-e5[data-kb-block=\"kb-adv-heading_4bc4c3-e5\"] mark{font-style:normal;color:#f76a0c;padding-top:0px;padding-right:0px;padding-bottom:0px;padding-left:0px;}@media all and (max-width: 1024px){.wp-block-kadence-advancedheading.kt-adv-heading_4bc4c3-e5, .wp-block-kadence-advancedheading.kt-adv-heading_4bc4c3-e5[data-kb-block=\"kb-adv-heading_4bc4c3-e5\"]{font-size:3.8rem;}}@media all and (max-width: 767px){.wp-block-kadence-advancedheading.kt-adv-heading_4bc4c3-e5, .wp-block-kadence-advancedheading.kt-adv-heading_4bc4c3-e5[data-kb-block=\"kb-adv-heading_4bc4c3-e5\"]{font-size:2.5rem;}}<\/style>\n<h1 class=\"kt-adv-heading_4bc4c3-e5 hero__title wp-block-kadence-advancedheading has-theme-palette-2-color has-text-color\" data-kb-block=\"kb-adv-heading_4bc4c3-e5\"><mark class=\"kt-highlight\"><mark>Haz un donativo<\/mark><\/mark><\/h1>\n<\/div><\/div>\n\n\n\n<p class=\"hero__img--author has-theme-palette-9-color has-text-color\"><span>@mari\u00e0 mar\u00ed<\/span><\/p>\n<\/div><\/section>\n\n\n<style>#kt-layout-id_113345-5c > .kt-row-column-wrap{align-content:start;}:where(#kt-layout-id_113345-5c > .kt-row-column-wrap) > .wp-block-kadence-column{justify-content:start;}#kt-layout-id_113345-5c > .kt-row-column-wrap{column-gap:var(--global-kb-gap-md, 2rem);row-gap:var(--global-kb-gap-md, 2rem);max-width:740px;margin-left:auto;margin-right:auto;padding-top:25px;padding-bottom:25px;padding-top:7.5rem;padding-bottom:7.5rem;padding-left:2rem;padding-right:2rem;grid-template-columns:minmax(0, 1fr);}#kt-layout-id_113345-5c > .kt-row-layout-overlay{opacity:0.30;}@media all and (max-width: 1024px){#kt-layout-id_113345-5c > .kt-row-column-wrap{grid-template-columns:minmax(0, 1fr);}}@media all and (max-width: 767px){#kt-layout-id_113345-5c > .kt-row-column-wrap{grid-template-columns:minmax(0, 1fr);}}<\/style>\n<div class=\"wp-block-kadence-rowlayout alignnone\"><div id=\"kt-layout-id_113345-5c\" class=\"kt-row-layout-inner kt-layout-id_113345-5c\"><div class=\"kt-row-column-wrap kt-has-1-columns kt-gutter-default kt-v-gutter-default kt-row-valign-top kt-row-layout-equal kt-tab-layout-inherit kt-m-colapse-left-to-right kt-mobile-layout-row\"><style>.kadence-column_285e8f-54 > .kt-inside-inner-col{border-top-width:0px;border-right-width:0px;border-bottom-width:0px;border-left-width:0px;}.kadence-column_285e8f-54 > .kt-inside-inner-col,.kadence-column_285e8f-54 > .kt-inside-inner-col:before{border-top-left-radius:0px;border-top-right-radius:0px;border-bottom-right-radius:0px;border-bottom-left-radius:0px;}.kadence-column_285e8f-54 > .kt-inside-inner-col:before{opacity:0.3;}.kadence-column_285e8f-54{position:relative;}<\/style>\n<div class=\"wp-block-kadence-column inner-column-1 kadence-column_285e8f-54\"><div class=\"kt-inside-inner-col\">\n<p>Nuestras campa\u00f1as y proyectos necesitan el apoyo econ\u00f3mico de socios y simpatizantes.<\/p>\n\n\n\n<p>Tambi\u00e9n nos puedes hacer llegar tu donativo realizando un ingreso bancario, indicando nombre completo y DNI, y poniendo \"Donativo\" como concepto al siguiente n\u00famero de cuenta del GEN-GOB:<\/p>\n\n\n\n<p>Colonya Caixa Pollen\u00e7a:&nbsp;<strong>IBAN ES03 2056 0015 6610 0179 0920<\/strong><\/p>\n\n\n\n<p>Recuerda que los donativos al GEN-GOB tienen una desgravaci\u00f3n del 75% de su importe en el IRPF.<\/p>\n<\/div><\/div>\n<\/div><\/div><\/div>\n\n\n\n<p><\/p>","protected":false},"excerpt":{"rendered":"<p>Les nostres campanyes i projectes necessiten el suport econ\u00f2mic de socis i simpatitzants. Tamb\u00e9 ens pots fer arribar el teu donatiu realitzant un ingr\u00e9s bancari, indicant nom complet i DNI, i posant \u201cDonatiu\u201d com a concepte, al seg\u00fcent n\u00famero de compte del GEN-GOB: Colonya Caixa Pollen\u00e7a:&nbsp;IBAN ES03 2056 0015 6610 0179 0920 Recorda que els&#8230;<\/p>","protected":false},"author":1,"featured_media":0,"parent":0,"menu_order":0,"comment_status":"closed","ping_status":"closed","template":"","meta":{"_uag_custom_page_level_css":"","_kad_post_transparent":"enable","_kad_post_title":"hide","_kad_post_layout":"fullwidth","_kad_post_sidebar_id":"","_kad_post_content_style":"unboxed","_kad_post_vertical_padding":"","_kad_post_feature":"","_kad_post_feature_position":"","_kad_post_header":false,"_kad_post_footer":false},"uagb_featured_image_src":{"full":false,"thumbnail":false,"medium":false,"medium_large":false,"large":false,"1536x1536":false,"2048x2048":false,"trp-custom-language-flag":false},"uagb_author_info":{"display_name":"GGA","author_link":"https:\/\/gengob.org\/es\/author\/admin\/"},"uagb_comment_info":0,"uagb_excerpt":"Les nostres campanyes i projectes necessiten el suport econ\u00f2mic de socis i simpatitzants. Tamb\u00e9 ens pots fer arribar el teu donatiu realitzant un ingr\u00e9s bancari, indicant nom complet i DNI, i posant \u201cDonatiu\u201d com a concepte, al seg\u00fcent n\u00famero de compte del GEN-GOB: Colonya Caixa Pollen\u00e7a:&nbsp;IBAN ES03 2056 0015 6610 0179 0920 Recorda que els...","_links":{"self":[{"href":"https:\/\/gengob.org\/es\/wp-json\/wp\/v2\/pages\/637"}],"collection":[{"href":"https:\/\/gengob.org\/es\/wp-json\/wp\/v2\/pages"}],"about":[{"href":"https:\/\/gengob.org\/es\/wp-json\/wp\/v2\/types\/page"}],"author":[{"embeddable":true,"href":"https:\/\/gengob.org\/es\/wp-json\/wp\/v2\/users\/1"}],"replies":[{"embeddable":true,"href":"https:\/\/gengob.org\/es\/wp-json\/wp\/v2\/comments?post=637"}],"version-history":[{"count":0,"href":"https:\/\/gengob.org\/es\/wp-json\/wp\/v2\/pages\/637\/revisions"}],"wp:attachment":[{"href":"https:\/\/gengob.org\/es\/wp-json\/wp\/v2\/media?parent=637"}],"curies":[{"name":"wp","href":"https:\/\/api.w.org\/{rel}","templated":true}]}}