{"id":655,"date":"2021-05-02T14:47:01","date_gmt":"2021-05-02T14:47:01","guid":{"rendered":"https:\/\/gengob.org\/\/collaboracio-dempreses-copy\/"},"modified":"2021-05-02T14:51:54","modified_gmt":"2021-05-02T14:51:54","slug":"apadrina-un-projecte","status":"publish","type":"page","link":"https:\/\/gengob.org\/es\/apadrina-un-projecte\/","title":{"rendered":"Apadrina un projecte"},"content":{"rendered":"<section class=\"wp-block-uagb-section uagb-section__wrap uagb-section__background-image uagb-block-5d792fa1 hero\"><div class=\"uagb-section__overlay\"><\/div><div class=\"uagb-section__inner-wrap\">\n<div class=\"wp-block-group hero__cta arriba--110\"><div class=\"wp-block-group__inner-container is-layout-flow\"><style>.wp-block-kadence-advancedheading.kt-adv-heading_4bc4c3-e5, .wp-block-kadence-advancedheading.kt-adv-heading_4bc4c3-e5[data-kb-block=\"kb-adv-heading_4bc4c3-e5\"]{font-style:normal;}.wp-block-kadence-advancedheading.kt-adv-heading_4bc4c3-e5 mark, .wp-block-kadence-advancedheading.kt-adv-heading_4bc4c3-e5[data-kb-block=\"kb-adv-heading_4bc4c3-e5\"] mark{font-style:normal;color:#f76a0c;padding-top:0px;padding-right:0px;padding-bottom:0px;padding-left:0px;}@media all and (max-width: 1024px){.wp-block-kadence-advancedheading.kt-adv-heading_4bc4c3-e5, .wp-block-kadence-advancedheading.kt-adv-heading_4bc4c3-e5[data-kb-block=\"kb-adv-heading_4bc4c3-e5\"]{font-size:3.8rem;}}@media all and (max-width: 767px){.wp-block-kadence-advancedheading.kt-adv-heading_4bc4c3-e5, .wp-block-kadence-advancedheading.kt-adv-heading_4bc4c3-e5[data-kb-block=\"kb-adv-heading_4bc4c3-e5\"]{font-size:2.5rem;}}<\/style>\n<h1 class=\"kt-adv-heading_4bc4c3-e5 hero__title wp-block-kadence-advancedheading has-theme-palette-2-color has-text-color\" data-kb-block=\"kb-adv-heading_4bc4c3-e5\"><mark class=\"kt-highlight\"><mark>Apadrina un proyecto<\/mark><\/mark><\/h1>\n<\/div><\/div>\n\n\n\n<p class=\"hero__img--author has-theme-palette-9-color has-text-color\"><span>@mari\u00e0 mar\u00ed<\/span><\/p>\n<\/div><\/section>\n\n\n<style>#kt-layout-id_113345-5c > .kt-row-column-wrap{align-content:start;}:where(#kt-layout-id_113345-5c > .kt-row-column-wrap) > .wp-block-kadence-column{justify-content:start;}#kt-layout-id_113345-5c > .kt-row-column-wrap{column-gap:var(--global-kb-gap-md, 2rem);row-gap:var(--global-kb-gap-md, 2rem);max-width:740px;margin-left:auto;margin-right:auto;padding-top:25px;padding-bottom:25px;padding-top:7.5rem;padding-bottom:7.5rem;padding-left:2rem;padding-right:2rem;grid-template-columns:minmax(0, 1fr);}#kt-layout-id_113345-5c > .kt-row-layout-overlay{opacity:0.30;}@media all and (max-width: 1024px){#kt-layout-id_113345-5c > .kt-row-column-wrap{grid-template-columns:minmax(0, 1fr);}}@media all and (max-width: 767px){#kt-layout-id_113345-5c > .kt-row-column-wrap{grid-template-columns:minmax(0, 1fr);}}<\/style>\n<div class=\"wp-block-kadence-rowlayout alignnone\"><div id=\"kt-layout-id_113345-5c\" class=\"kt-row-layout-inner kt-layout-id_113345-5c\"><div class=\"kt-row-column-wrap kt-has-1-columns kt-gutter-default kt-v-gutter-default kt-row-valign-top kt-row-layout-equal kt-tab-layout-inherit kt-m-colapse-left-to-right kt-mobile-layout-row\"><style>.kadence-column_285e8f-54 > .kt-inside-inner-col{border-top-width:0px;border-right-width:0px;border-bottom-width:0px;border-left-width:0px;}.kadence-column_285e8f-54 > .kt-inside-inner-col,.kadence-column_285e8f-54 > .kt-inside-inner-col:before{border-top-left-radius:0px;border-top-right-radius:0px;border-bottom-right-radius:0px;border-bottom-left-radius:0px;}.kadence-column_285e8f-54 > .kt-inside-inner-col:before{opacity:0.3;}.kadence-column_285e8f-54{position:relative;}<\/style>\n<div class=\"wp-block-kadence-column inner-column-1 kadence-column_285e8f-54\"><div class=\"kt-inside-inner-col\">\n<h2 class=\"wp-block-heading\"><strong>Proyecto: tortuga mediterr\u00e1nea<\/strong><\/h2>\n\n\n\n<p>Can Toni d\u2019en Jaume Negre dispone de un n\u00facleo zool\u00f3gico para la acogida de tortugas de tierra de la especie <em>Testudo hermanni hermanni<\/em>, tortuga mediterr\u00e1nea, normalmente rescatadas de cautiverio. Se trata de una especie silvestre incluida en el Cat\u00e1logo Balear de especies amenazadas. Su tenencia est\u00e1 penalizada si no se dispone de los permisos pertinentes.<\/p>\n\n\n\n<p>A finales de primavera la tortuga mediterr\u00e1nea hace la apuesta, entre 3 y 6 huevos, en hoyos que luego tapan de tierra. Tras los correspondientes plazos de prueba en la finca, en el a\u00f1o 2018 se incorporaron las hembras al n\u00facleo zool\u00f3gico de Can Toni d\u2019en Jaume Negre. Desde entonces, la tortuga mediterr\u00e1nea es una especie reproductora en la finca.<\/p>\n\n\n\n<p>La tortuga de tierra est\u00e1 incorporada en diferentes l\u00edneas del programa educativo del GEN-GOB en Can Toni d\u2019en Jaume Negre.<\/p>\n\n\n\n<p>Actualmente, no se encuentra <em>Testudo hermanni<\/em> en libertad en la isla de Ibiza. S\u00ed, por el contrario, en Mallorca y Menorca.<\/p>\n\n\n\n<p><strong><a href=\"https:\/\/gengob.org\/es\/formulari-per-apadrinar\/?project=Tortuga mediterr\u00e0nia\">Quiero apadrinar las instalaciones de la tortuga mediterr\u00e1nea<\/a><\/strong><\/p>\n\n\n\n<div class=\"wp-block-image\"><figure class=\"aligncenter size-large\"><a class=\"glightboxTest\" href=\"https:\/\/gengob.org\/wp-content\/uploads\/2021\/05\/Tortuga-mediterrania-APADRINA.jpg\"><img decoding=\"async\" loading=\"lazy\" width=\"1024\" height=\"792\" src=\"https:\/\/gengob.org\/wp-content\/uploads\/2021\/05\/Tortuga-mediterrania-APADRINA-1024x792.jpg\" alt=\"\" class=\"wp-image-657\" srcset=\"https:\/\/gengob.org\/wp-content\/uploads\/2021\/05\/Tortuga-mediterrania-APADRINA-1024x792.jpg 1024w, https:\/\/gengob.org\/wp-content\/uploads\/2021\/05\/Tortuga-mediterrania-APADRINA-300x232.jpg 300w, https:\/\/gengob.org\/wp-content\/uploads\/2021\/05\/Tortuga-mediterrania-APADRINA-768x594.jpg 768w, https:\/\/gengob.org\/wp-content\/uploads\/2021\/05\/Tortuga-mediterrania-APADRINA-1536x1188.jpg 1536w, https:\/\/gengob.org\/wp-content\/uploads\/2021\/05\/Tortuga-mediterrania-APADRINA.jpg 1920w\" sizes=\"(max-width: 1024px) 100vw, 1024px\" \/><\/a><\/figure><\/div>\n\n\n\n<h2 class=\"wp-block-heading\"><strong>Proyecto: gallina ibicenca<\/strong><\/h2>\n\n\n\n<p>La gallina ibicenca fue declarada Raza en Peligro de Extinci\u00f3n en el a\u00f1o 2012. De las tres razas de gallinas baleares, la gallina ibicenca es la que presenta una mejor aptitud productiva tanto en carne como en huevos.<\/p>\n\n\n\n<p>El GEN-GOB colabora en el programa de selecci\u00f3n y recuperaci\u00f3n de la gallina ibicenca de la Federaci\u00f3n Pitiusa de Razas Aut\u00f3ctonas (FePiRA). A tal fin dispone de una serie de corrales habilitados en Can Toni d\u2019en Jaume Negre para la tenencia de las diferentes variedades existentes.<\/p>\n\n\n\n<p><strong><a href=\"https:\/\/gengob.org\/es\/formulari-per-apadrinar\/?project=Gallina eivissenca\">Quiero apadrinar las instalaciones de la gallina ibicenca<\/a><\/strong><\/p>\n\n\n\n<div class=\"wp-block-group link-author__img mt--big mb--med\"><div class=\"wp-block-group__inner-container is-layout-flow\">\n<div class=\"wp-block-image\"><figure class=\"aligncenter size-large\"><a class=\"glightboxTest\" href=\"https:\/\/gengob.org\/wp-content\/uploads\/2021\/05\/Gallina-eivissenca-Jordi-Serapio-APADRINA.jpg\"><img decoding=\"async\" loading=\"lazy\" width=\"1024\" height=\"679\" src=\"https:\/\/gengob.org\/wp-content\/uploads\/2021\/05\/Gallina-eivissenca-Jordi-Serapio-APADRINA-1024x679.jpg\" alt=\"\" class=\"wp-image-658\" srcset=\"https:\/\/gengob.org\/wp-content\/uploads\/2021\/05\/Gallina-eivissenca-Jordi-Serapio-APADRINA-1024x679.jpg 1024w, https:\/\/gengob.org\/wp-content\/uploads\/2021\/05\/Gallina-eivissenca-Jordi-Serapio-APADRINA-300x199.jpg 300w, https:\/\/gengob.org\/wp-content\/uploads\/2021\/05\/Gallina-eivissenca-Jordi-Serapio-APADRINA-768x509.jpg 768w, https:\/\/gengob.org\/wp-content\/uploads\/2021\/05\/Gallina-eivissenca-Jordi-Serapio-APADRINA-1536x1018.jpg 1536w, https:\/\/gengob.org\/wp-content\/uploads\/2021\/05\/Gallina-eivissenca-Jordi-Serapio-APADRINA.jpg 1920w\" sizes=\"(max-width: 1024px) 100vw, 1024px\" \/><\/a><\/figure><\/div>\n\n\n\n<p class=\"author-img\">@Jordi Serapio<\/p>\n<\/div><\/div>\n\n\n\n<p><\/p>\n\n\n\n<p><mark>Al ser una Entidad de Utilidad P\u00fablica, los socios y donantes del GEN-GOB pueden desgravar el importe de las cuotas y donaciones\/apadrinamientos efectuadas en la declaraci\u00f3n de renta. Informaci\u00f3n sobre desgravaci\u00f3n fiscal.<\/mark><\/p>\n\n\n\n<p><\/p>\n\n\n\n<p><\/p>\n<\/div><\/div>\n<\/div><\/div><\/div>\n\n\n\n<p><\/p>","protected":false},"excerpt":{"rendered":"<p>Projecte: tortuga mediterr\u00e0nia Can Toni d\u2019en Jaume Negre disposa d\u2019un nucli zool\u00f2gic per a l\u2019acollida de tortugues de terra de l\u2019esp\u00e8cie Testudo hermanni hermanni, tortuga mediterr\u00e0nia, normalment rescatades de captivitat. Es tracta d\u2019una esp\u00e8cie silvestre inclosa al Cat\u00e0leg Balear d\u2019esp\u00e8cies amena\u00e7ades. La seua tinen\u00e7a est\u00e0 penalitzada si no es disposa dels permisos pertinents. A finals&#8230;<\/p>","protected":false},"author":1,"featured_media":0,"parent":0,"menu_order":0,"comment_status":"closed","ping_status":"closed","template":"","meta":{"_uag_custom_page_level_css":"","_kad_post_transparent":"enable","_kad_post_title":"hide","_kad_post_layout":"fullwidth","_kad_post_sidebar_id":"","_kad_post_content_style":"unboxed","_kad_post_vertical_padding":"","_kad_post_feature":"","_kad_post_feature_position":"","_kad_post_header":false,"_kad_post_footer":false},"uagb_featured_image_src":{"full":false,"thumbnail":false,"medium":false,"medium_large":false,"large":false,"1536x1536":false,"2048x2048":false,"trp-custom-language-flag":false},"uagb_author_info":{"display_name":"GGA","author_link":"https:\/\/gengob.org\/es\/author\/admin\/"},"uagb_comment_info":0,"uagb_excerpt":"Projecte: tortuga mediterr\u00e0nia Can Toni d\u2019en Jaume Negre disposa d\u2019un nucli zool\u00f2gic per a l\u2019acollida de tortugues de terra de l\u2019esp\u00e8cie Testudo hermanni hermanni, tortuga mediterr\u00e0nia, normalment rescatades de captivitat. Es tracta d\u2019una esp\u00e8cie silvestre inclosa al Cat\u00e0leg Balear d\u2019esp\u00e8cies amena\u00e7ades. La seua tinen\u00e7a est\u00e0 penalitzada si no es disposa dels permisos pertinents. A finals...","_links":{"self":[{"href":"https:\/\/gengob.org\/es\/wp-json\/wp\/v2\/pages\/655"}],"collection":[{"href":"https:\/\/gengob.org\/es\/wp-json\/wp\/v2\/pages"}],"about":[{"href":"https:\/\/gengob.org\/es\/wp-json\/wp\/v2\/types\/page"}],"author":[{"embeddable":true,"href":"https:\/\/gengob.org\/es\/wp-json\/wp\/v2\/users\/1"}],"replies":[{"embeddable":true,"href":"https:\/\/gengob.org\/es\/wp-json\/wp\/v2\/comments?post=655"}],"version-history":[{"count":0,"href":"https:\/\/gengob.org\/es\/wp-json\/wp\/v2\/pages\/655\/revisions"}],"wp:attachment":[{"href":"https:\/\/gengob.org\/es\/wp-json\/wp\/v2\/media?parent=655"}],"curies":[{"name":"wp","href":"https:\/\/api.w.org\/{rel}","templated":true}]}}