{"id":687,"date":"2021-05-02T15:13:18","date_gmt":"2021-05-02T15:13:18","guid":{"rendered":"https:\/\/gengob.org\/\/fes-un-donatiu-copy\/"},"modified":"2021-05-02T15:35:09","modified_gmt":"2021-05-02T15:35:09","slug":"enllacos-dinteres","status":"publish","type":"page","link":"https:\/\/gengob.org\/es\/enllacos-dinteres\/","title":{"rendered":"Enlla\u00e7os d&#8217;inter\u00e8s"},"content":{"rendered":"<section class=\"wp-block-uagb-section uagb-section__wrap uagb-section__background-image uagb-block-03c55fa1 hero\"><div class=\"uagb-section__overlay\"><\/div><div class=\"uagb-section__inner-wrap\">\n<div class=\"wp-block-group hero__cta\"><div class=\"wp-block-group__inner-container is-layout-flow\"><style>.wp-block-kadence-advancedheading.kt-adv-heading_4bc4c3-e5, .wp-block-kadence-advancedheading.kt-adv-heading_4bc4c3-e5[data-kb-block=\"kb-adv-heading_4bc4c3-e5\"]{font-style:normal;}.wp-block-kadence-advancedheading.kt-adv-heading_4bc4c3-e5 mark, .wp-block-kadence-advancedheading.kt-adv-heading_4bc4c3-e5[data-kb-block=\"kb-adv-heading_4bc4c3-e5\"] mark{font-style:normal;color:#f76a0c;padding-top:0px;padding-right:0px;padding-bottom:0px;padding-left:0px;}@media all and (max-width: 1024px){.wp-block-kadence-advancedheading.kt-adv-heading_4bc4c3-e5, .wp-block-kadence-advancedheading.kt-adv-heading_4bc4c3-e5[data-kb-block=\"kb-adv-heading_4bc4c3-e5\"]{font-size:3.8rem;}}@media all and (max-width: 767px){.wp-block-kadence-advancedheading.kt-adv-heading_4bc4c3-e5, .wp-block-kadence-advancedheading.kt-adv-heading_4bc4c3-e5[data-kb-block=\"kb-adv-heading_4bc4c3-e5\"]{font-size:2.5rem;}}<\/style>\n<h1 class=\"kt-adv-heading_4bc4c3-e5 hero__title wp-block-kadence-advancedheading has-theme-palette-2-color has-text-color\" data-kb-block=\"kb-adv-heading_4bc4c3-e5\"><mark class=\"kt-highlight\"><mark>Enlaces de inter\u00e9s<\/mark><\/mark><\/h1>\n<\/div><\/div>\n\n\n\n<p class=\"hero__img--author has-theme-palette-9-color has-text-color\"><span>@gen-gob<\/span><\/p>\n<\/div><\/section>\n\n\n<style>#kt-layout-id_113345-5c > .kt-row-column-wrap{align-content:start;}:where(#kt-layout-id_113345-5c > .kt-row-column-wrap) > .wp-block-kadence-column{justify-content:start;}#kt-layout-id_113345-5c > .kt-row-column-wrap{column-gap:var(--global-kb-gap-md, 2rem);row-gap:var(--global-kb-gap-md, 2rem);max-width:740px;margin-left:auto;margin-right:auto;padding-top:25px;padding-bottom:25px;padding-top:7.5rem;padding-bottom:7.5rem;padding-left:2rem;padding-right:2rem;grid-template-columns:minmax(0, 1fr);}#kt-layout-id_113345-5c > .kt-row-layout-overlay{opacity:0.30;}@media all and (max-width: 1024px){#kt-layout-id_113345-5c > .kt-row-column-wrap{grid-template-columns:minmax(0, 1fr);}}@media all and (max-width: 767px){#kt-layout-id_113345-5c > .kt-row-column-wrap{grid-template-columns:minmax(0, 1fr);}}<\/style>\n<div class=\"wp-block-kadence-rowlayout alignnone\"><div id=\"kt-layout-id_113345-5c\" class=\"kt-row-layout-inner kt-layout-id_113345-5c\"><div class=\"kt-row-column-wrap kt-has-1-columns kt-gutter-default kt-v-gutter-default kt-row-valign-top kt-row-layout-equal kt-tab-layout-inherit kt-m-colapse-left-to-right kt-mobile-layout-row\"><style>.kadence-column_285e8f-54 > .kt-inside-inner-col{border-top-width:0px;border-right-width:0px;border-bottom-width:0px;border-left-width:0px;}.kadence-column_285e8f-54 > .kt-inside-inner-col,.kadence-column_285e8f-54 > .kt-inside-inner-col:before{border-top-left-radius:0px;border-top-right-radius:0px;border-bottom-right-radius:0px;border-bottom-left-radius:0px;}.kadence-column_285e8f-54 > .kt-inside-inner-col:before{opacity:0.3;}.kadence-column_285e8f-54{position:relative;}<\/style>\n<div class=\"wp-block-kadence-column inner-column-1 kadence-column_285e8f-54\"><div class=\"kt-inside-inner-col\">\n<h2 class=\"wp-block-heading\"><strong>El GOB en otras islas<\/strong><\/h2>\n\n\n\n<div class=\"wp-block-group alignwide\"><div class=\"wp-block-group__inner-container is-layout-flow\">\n<h3 class=\"wp-block-heading\"><strong>GOB Mallorca<\/strong><\/h3>\n\n\n\n<div class=\"wp-block-image\"><figure class=\"alignleft size-large\"><a href=\"https:\/\/www.gobmallorca.com\/\" target=\"_blank\" rel=\"noopener\"><img decoding=\"async\" loading=\"lazy\" width=\"300\" height=\"101\" src=\"https:\/\/gengob.org\/wp-content\/uploads\/2021\/05\/GOB-Mallorca-ed.png\" alt=\"\" class=\"wp-image-692\"\/><\/a><\/figure><\/div>\n<\/div><\/div>\n\n\n\n<p><br><br><br><br><br><\/p>\n\n\n\n<h3 class=\"wp-block-heading\"><strong>GOB Menorca<\/strong><\/h3>\n\n\n\n<div class=\"wp-block-image\"><figure class=\"alignleft size-large is-resized\"><a href=\"https:\/\/www.gobmenorca.com\/\" target=\"_blank\" rel=\"noopener\"><img decoding=\"async\" src=\"https:\/\/gengob.org\/wp-content\/uploads\/2021\/05\/Gob-Menorca-1024x233.png\" alt=\"\" class=\"wp-image-693\" width=\"300\" srcset=\"https:\/\/gengob.org\/wp-content\/uploads\/2021\/05\/Gob-Menorca-1024x233.png 1024w, https:\/\/gengob.org\/wp-content\/uploads\/2021\/05\/Gob-Menorca-300x68.png 300w, https:\/\/gengob.org\/wp-content\/uploads\/2021\/05\/Gob-Menorca-768x175.png 768w, https:\/\/gengob.org\/wp-content\/uploads\/2021\/05\/Gob-Menorca.png 1266w\" sizes=\"(max-width: 1024px) 100vw, 1024px\" \/><\/a><\/figure><\/div>\n\n\n\n<h2 class=\"wp-block-heading\"><br><br><br><strong>Iniciativas colectivas en Balears<\/strong><\/h2>\n\n\n\n<h3 class=\"wp-block-heading\"><strong>Iniciativa de Custodia del Territorio en Balears<\/strong><\/h3>\n\n\n\n<div class=\"wp-block-image\"><figure class=\"alignleft size-large is-resized\"><a href=\"http:\/\/www.ictib.net\/\" target=\"_blank\" rel=\"noopener\"><img decoding=\"async\" src=\"https:\/\/gengob.org\/wp-content\/uploads\/2021\/05\/logo_ictib_trazado.png\" alt=\"\" class=\"wp-image-694\" width=\"300\" srcset=\"https:\/\/gengob.org\/wp-content\/uploads\/2021\/05\/logo_ictib_trazado.png 644w, https:\/\/gengob.org\/wp-content\/uploads\/2021\/05\/logo_ictib_trazado-300x135.png 300w\" sizes=\"(max-width: 644px) 100vw, 644px\" \/><\/a><\/figure><\/div>\n\n\n\n<h3 class=\"wp-block-heading\"><br><br><br><br><br><br><strong>Alian\u00e7a Mar Blava<\/strong><\/h3>\n\n\n\n<div class=\"wp-block-image\"><figure class=\"alignleft size-large is-resized\"><a href=\"https:\/\/alianzamarblava.org\/es\/\" target=\"_blank\" rel=\"noopener\"><img decoding=\"async\" src=\"https:\/\/gengob.org\/wp-content\/uploads\/2021\/05\/AMB_Logo_web2-1024x343.png\" alt=\"\" class=\"wp-image-695\" width=\"300\" srcset=\"https:\/\/gengob.org\/wp-content\/uploads\/2021\/05\/AMB_Logo_web2-1024x343.png 1024w, https:\/\/gengob.org\/wp-content\/uploads\/2021\/05\/AMB_Logo_web2-300x100.png 300w, https:\/\/gengob.org\/wp-content\/uploads\/2021\/05\/AMB_Logo_web2-768x257.png 768w, https:\/\/gengob.org\/wp-content\/uploads\/2021\/05\/AMB_Logo_web2.png 1108w\" sizes=\"(max-width: 1024px) 100vw, 1024px\" \/><\/a><\/figure><\/div>\n\n\n\n<h3 class=\"wp-block-heading\"><br><br><br><br><br><strong>Alian\u00e7a per l\u2019Aigua<\/strong><\/h3>\n\n\n\n<div class=\"wp-block-image\"><figure class=\"alignleft size-large is-resized\"><a href=\"http:\/\/www.alianzaaguaibizaformentera.org\/ca\/\" target=\"_blank\" rel=\"noopener\"><img decoding=\"async\" src=\"https:\/\/gengob.org\/wp-content\/uploads\/2021\/05\/Alianc\u0327a_cat_Blanc-1-1024x206.png\" alt=\"\" class=\"wp-image-696\" width=\"300\" srcset=\"https:\/\/gengob.org\/wp-content\/uploads\/2021\/05\/Alianc\u0327a_cat_Blanc-1-1024x206.png 1024w, https:\/\/gengob.org\/wp-content\/uploads\/2021\/05\/Alianc\u0327a_cat_Blanc-1-300x60.png 300w, https:\/\/gengob.org\/wp-content\/uploads\/2021\/05\/Alianc\u0327a_cat_Blanc-1-768x154.png 768w, https:\/\/gengob.org\/wp-content\/uploads\/2021\/05\/Alianc\u0327a_cat_Blanc-1-1536x308.png 1536w, https:\/\/gengob.org\/wp-content\/uploads\/2021\/05\/Alianc\u0327a_cat_Blanc-1.png 1803w\" sizes=\"(max-width: 1024px) 100vw, 1024px\" \/><\/a><\/figure><\/div>\n\n\n\n<h3 class=\"wp-block-heading\"><br><br><br><br><strong>Eivissa i Formentera sense pl\u00e0stic<\/strong><\/h3>\n\n\n\n<div class=\"wp-block-image\"><figure class=\"alignleft size-large is-resized\"><a href=\"https:\/\/plasticfree.es\/\" target=\"_blank\" rel=\"noopener\"><img decoding=\"async\" src=\"https:\/\/gengob.org\/wp-content\/uploads\/2021\/05\/IBZ_FORM_PF_ENG-Personalizado2.png\" alt=\"\" class=\"wp-image-697\" width=\"300\"\/><\/a><\/figure><\/div>\n\n\n\n<h2 class=\"wp-block-heading\"><br><br><br><br><br><strong>Otros grupos ecologistas<\/strong><\/h2>\n\n\n\n<h3 class=\"wp-block-heading\"><strong>Amics de la Terra Eivissa<\/strong><\/h3>\n\n\n\n<div class=\"wp-block-image\"><figure class=\"alignleft size-large is-resized\"><a href=\"https:\/\/amicsdelaterraeivissa.org\/es\/que-hacemos\" target=\"_blank\" rel=\"noopener\"><img decoding=\"async\" src=\"https:\/\/gengob.org\/wp-content\/uploads\/2021\/05\/Amics-de-la-Terra-EIVISSA-VERD_Trans.png\" alt=\"\" class=\"wp-image-698\" width=\"300\" srcset=\"https:\/\/gengob.org\/wp-content\/uploads\/2021\/05\/Amics-de-la-Terra-EIVISSA-VERD_Trans.png 914w, https:\/\/gengob.org\/wp-content\/uploads\/2021\/05\/Amics-de-la-Terra-EIVISSA-VERD_Trans-300x127.png 300w, https:\/\/gengob.org\/wp-content\/uploads\/2021\/05\/Amics-de-la-Terra-EIVISSA-VERD_Trans-768x324.png 768w\" sizes=\"(max-width: 914px) 100vw, 914px\" \/><\/a><\/figure><\/div>\n\n\n\n<h3 class=\"wp-block-heading\"><br><br><br><br><br><br><strong>WWF<\/strong><\/h3>\n\n\n\n<div class=\"wp-block-image\"><figure class=\"alignleft size-large is-resized\"><a href=\"https:\/\/www.wwf.es\/\" target=\"_blank\" rel=\"noopener\"><img decoding=\"async\" src=\"https:\/\/gengob.org\/wp-content\/uploads\/2021\/05\/wwflogo_apcolor_01.png\" alt=\"\" class=\"wp-image-699\" width=\"300\" srcset=\"https:\/\/gengob.org\/wp-content\/uploads\/2021\/05\/wwflogo_apcolor_01.png 585w, https:\/\/gengob.org\/wp-content\/uploads\/2021\/05\/wwflogo_apcolor_01-214x300.png 214w\" sizes=\"(max-width: 585px) 100vw, 585px\" \/><\/a><\/figure><\/div>\n\n\n\n<h2 class=\"wp-block-heading\"><br><br><br><br><br><br><br><br><br><br><br><strong>Otras organizaciones<\/strong><\/h2>\n\n\n\n<h3 class=\"wp-block-heading\"><strong>Fundaci\u00f3 Deixalles Eivissa<\/strong><\/h3>\n\n\n\n<div class=\"wp-block-image\"><figure class=\"alignleft size-large is-resized\"><a href=\"https:\/\/www.deixalles.org\/es\/delegaciones-y-tiendas\/ibiza\/\" target=\"_blank\" rel=\"noopener\"><img decoding=\"async\" src=\"https:\/\/gengob.org\/wp-content\/uploads\/2021\/05\/deixalles_logo_blanc_gran.png\" alt=\"\" class=\"wp-image-700\" width=\"300\" srcset=\"https:\/\/gengob.org\/wp-content\/uploads\/2021\/05\/deixalles_logo_blanc_gran.png 343w, https:\/\/gengob.org\/wp-content\/uploads\/2021\/05\/deixalles_logo_blanc_gran-300x248.png 300w\" sizes=\"(max-width: 343px) 100vw, 343px\" \/><\/a><\/figure><\/div>\n\n\n\n<h3 class=\"wp-block-heading\"><br><br><br><br><br><br><br><br><br><strong>Institut d\u2019Estudis Eivissencs<\/strong><\/h3>\n\n\n\n<div class=\"wp-block-image\"><figure class=\"alignleft size-large is-resized\"><a href=\"https:\/\/estudiseivissencs.cat\/\" target=\"_blank\" rel=\"noopener\"><img decoding=\"async\" src=\"https:\/\/gengob.org\/wp-content\/uploads\/2021\/05\/IEE.png\" alt=\"\" class=\"wp-image-701\" width=\"300\" srcset=\"https:\/\/gengob.org\/wp-content\/uploads\/2021\/05\/IEE.png 578w, https:\/\/gengob.org\/wp-content\/uploads\/2021\/05\/IEE-300x113.png 300w\" sizes=\"(max-width: 578px) 100vw, 578px\" \/><\/a><\/figure><\/div>\n\n\n\n<h3 class=\"wp-block-heading\"><br><br><br><br><br><strong>Federaci\u00f3 Piti\u00fcsa de Races Aut\u00f2ctones<\/strong><\/h3>\n\n\n\n<div class=\"wp-block-image\"><figure class=\"alignleft size-large is-resized\"><a href=\"http:\/\/fepira.cat\/\" target=\"_blank\" rel=\"noopener\"><img decoding=\"async\" src=\"https:\/\/gengob.org\/wp-content\/uploads\/2021\/05\/logo_fepira.png\" alt=\"\" class=\"wp-image-702\" width=\"300\" srcset=\"https:\/\/gengob.org\/wp-content\/uploads\/2021\/05\/logo_fepira.png 378w, https:\/\/gengob.org\/wp-content\/uploads\/2021\/05\/logo_fepira-300x102.png 300w\" sizes=\"(max-width: 378px) 100vw, 378px\" \/><\/a><\/figure><\/div>\n\n\n\n<h3 class=\"wp-block-heading\"><br><br><br><br><br><strong>Xarxa Natura a les Illes Balears<\/strong><\/h3>\n\n\n\n<div class=\"wp-block-image\"><figure class=\"alignleft size-large is-resized\"><img decoding=\"async\" src=\"https:\/\/gengob.org\/wp-content\/uploads\/2021\/05\/Xarxa-natura.png\" alt=\"\" class=\"wp-image-703\" width=\"300\" srcset=\"https:\/\/gengob.org\/wp-content\/uploads\/2021\/05\/Xarxa-natura.png 867w, https:\/\/gengob.org\/wp-content\/uploads\/2021\/05\/Xarxa-natura-300x89.png 300w, https:\/\/gengob.org\/wp-content\/uploads\/2021\/05\/Xarxa-natura-768x228.png 768w\" sizes=\"(max-width: 867px) 100vw, 867px\" \/><\/figure><\/div>\n\n\n\n<h3 class=\"wp-block-heading\"><br><br><br><br><br><strong>SOLDECOCOS<\/strong><\/h3>\n\n\n\n<div class=\"wp-block-image\"><figure class=\"alignleft size-large is-resized\"><a href=\"http:\/\/soldecocos.org\/\" target=\"_blank\" rel=\"noopener\"><img decoding=\"async\" src=\"https:\/\/gengob.org\/wp-content\/uploads\/2021\/05\/logofondoblanco.png\" alt=\"\" class=\"wp-image-704\" width=\"300\" srcset=\"https:\/\/gengob.org\/wp-content\/uploads\/2021\/05\/logofondoblanco.png 500w, https:\/\/gengob.org\/wp-content\/uploads\/2021\/05\/logofondoblanco-300x300.png 300w, https:\/\/gengob.org\/wp-content\/uploads\/2021\/05\/logofondoblanco-150x150.png 150w\" sizes=\"(max-width: 500px) 100vw, 500px\" \/><\/a><\/figure><\/div>\n\n\n\n<h3 class=\"wp-block-heading\"><br><br><br><br><br><br><br><br><br><br><strong>Societat d\u2019Hist\u00f2ria Natural de les Balears<\/strong><\/h3>\n\n\n\n<div class=\"wp-block-image\"><figure class=\"alignleft size-large is-resized\"><a href=\"http:\/\/www.shnb.org\/\" target=\"_blank\" rel=\"noopener\"><img decoding=\"async\" src=\"https:\/\/gengob.org\/wp-content\/uploads\/2021\/05\/SHNB_bar.png\" alt=\"\" class=\"wp-image-705\" width=\"300\" srcset=\"https:\/\/gengob.org\/wp-content\/uploads\/2021\/05\/SHNB_bar.png 600w, https:\/\/gengob.org\/wp-content\/uploads\/2021\/05\/SHNB_bar-300x51.png 300w\" sizes=\"(max-width: 600px) 100vw, 600px\" \/><\/a><\/figure><\/div>\n\n\n\n<h3 class=\"wp-block-heading\"><br><br><br><strong>Cat\u00e0leg d\u2019arbres singulars de Balears<\/strong><\/h3>\n\n\n\n<div class=\"wp-block-image\"><figure class=\"alignleft size-large\"><a href=\"http:\/\/www.caib.es\/sites\/proteccioespecies\/ca\/quins_son_i_on_estan-6877\/\" target=\"_blank\" rel=\"noopener\"><img decoding=\"async\" loading=\"lazy\" width=\"300\" height=\"300\" src=\"https:\/\/gengob.org\/wp-content\/uploads\/2021\/05\/GOIB1.png\" alt=\"\" class=\"wp-image-706\" srcset=\"https:\/\/gengob.org\/wp-content\/uploads\/2021\/05\/GOIB1.png 300w, https:\/\/gengob.org\/wp-content\/uploads\/2021\/05\/GOIB1-150x150.png 150w\" sizes=\"(max-width: 300px) 100vw, 300px\" \/><\/a><\/figure><\/div>\n\n\n\n<h3 class=\"wp-block-heading\"><br><br><br><br><br><br><br><br><br><br><strong>Xarxa per a la Conservaci\u00f3 de la Natura<\/strong><\/h3>\n\n\n\n<div class=\"wp-block-image\"><figure class=\"alignleft size-large is-resized\"><a href=\"http:\/\/www.xct.cat\/ca\/index.html\" target=\"_blank\" rel=\"noopener\"><img decoding=\"async\" src=\"https:\/\/gengob.org\/wp-content\/uploads\/2021\/05\/logo_xcn.png\" alt=\"\" class=\"wp-image-707\" width=\"300\" srcset=\"https:\/\/gengob.org\/wp-content\/uploads\/2021\/05\/logo_xcn.png 500w, https:\/\/gengob.org\/wp-content\/uploads\/2021\/05\/logo_xcn-300x166.png 300w\" sizes=\"(max-width: 500px) 100vw, 500px\" \/><\/a><\/figure><\/div>\n<\/div><\/div>\n<\/div><\/div><\/div>\n\n\n\n<p><\/p>","protected":false},"excerpt":{"rendered":"<p>El GOB a altres illes GOB Mallorca GOB Menorca Iniciatives colectives a Balears Iniciativa de Cust\u00f2dia del Territori a les Illes Balears Alian\u00e7a Mar Blava Alian\u00e7a per l\u2019Aigua Eivissa i Formentera sense pl\u00e0stic Altres grups ecologistes Amics de la Terra Eivissa WWF Altres organitzacions Fundaci\u00f3 Deixalles Eivissa Institut d\u2019Estudis Eivissencs Federaci\u00f3 Piti\u00fcsa de Races Aut\u00f2ctones&#8230;<\/p>","protected":false},"author":1,"featured_media":0,"parent":0,"menu_order":0,"comment_status":"closed","ping_status":"closed","template":"","meta":{"_uag_custom_page_level_css":"","_kad_post_transparent":"enable","_kad_post_title":"hide","_kad_post_layout":"fullwidth","_kad_post_sidebar_id":"","_kad_post_content_style":"unboxed","_kad_post_vertical_padding":"","_kad_post_feature":"","_kad_post_feature_position":"","_kad_post_header":false,"_kad_post_footer":false},"uagb_featured_image_src":{"full":false,"thumbnail":false,"medium":false,"medium_large":false,"large":false,"1536x1536":false,"2048x2048":false,"trp-custom-language-flag":false},"uagb_author_info":{"display_name":"GGA","author_link":"https:\/\/gengob.org\/es\/author\/admin\/"},"uagb_comment_info":0,"uagb_excerpt":"El GOB a altres illes GOB Mallorca GOB Menorca Iniciatives colectives a Balears Iniciativa de Cust\u00f2dia del Territori a les Illes Balears Alian\u00e7a Mar Blava Alian\u00e7a per l\u2019Aigua Eivissa i Formentera sense pl\u00e0stic Altres grups ecologistes Amics de la Terra Eivissa WWF Altres organitzacions Fundaci\u00f3 Deixalles Eivissa Institut d\u2019Estudis Eivissencs Federaci\u00f3 Piti\u00fcsa de Races Aut\u00f2ctones...","_links":{"self":[{"href":"https:\/\/gengob.org\/es\/wp-json\/wp\/v2\/pages\/687"}],"collection":[{"href":"https:\/\/gengob.org\/es\/wp-json\/wp\/v2\/pages"}],"about":[{"href":"https:\/\/gengob.org\/es\/wp-json\/wp\/v2\/types\/page"}],"author":[{"embeddable":true,"href":"https:\/\/gengob.org\/es\/wp-json\/wp\/v2\/users\/1"}],"replies":[{"embeddable":true,"href":"https:\/\/gengob.org\/es\/wp-json\/wp\/v2\/comments?post=687"}],"version-history":[{"count":0,"href":"https:\/\/gengob.org\/es\/wp-json\/wp\/v2\/pages\/687\/revisions"}],"wp:attachment":[{"href":"https:\/\/gengob.org\/es\/wp-json\/wp\/v2\/media?parent=687"}],"curies":[{"name":"wp","href":"https:\/\/api.w.org\/{rel}","templated":true}]}}